{"id":8964,"date":"2022-12-05T18:17:21","date_gmt":"2022-12-05T17:17:21","guid":{"rendered":"https:\/\/www.rothfuss-bestgabion.de?page_id=8964"},"modified":"2024-09-19T14:46:06","modified_gmt":"2024-09-19T12:46:06","slug":"note-legali","status":"publish","type":"page","link":"https:\/\/www.rothfuss-bestgabion.de\/it\/note-legali","title":{"rendered":"Note legali"},"content":{"rendered":"\n<p>Informazioni ai sensi del par. 5 TMG (Legge tedesca sui media telematici)<\/p>\n\n\n\n<p>Rothfuss Best Gabion GmbH &amp; Co. KG<br>Dr.-Oetker-Stra\u00dfe 30<br>54516 Wittlich<\/p>\n\n\n\n<p>Rappresentata da rappresentata dalla socia amministratrice:<br>Best Metall Verwaltungs GmbH, Amtsgericht Wittlich, HRB 40806 (a responsabilit\u00e0 personale), rappresentata dal\/gli amministratore\/i delegato\/i: Axel Friedhoff<\/p>\n\n\n\n<p><\/p>\n\n\n\n<p><strong>Contatti<\/strong><\/p>\n\n\n\n<ul class=\"wp-block-list\">\n<li>Telefono: +49 6571 \/ 95233-0<\/li>\n\n\n\n<li>Fax: +49 6571 \/ 95233-55<\/li>\n\n\n\n<li>E-mail: kontakt@rbg.eu<\/li>\n\n\n\n<li>Indirizzo internet:&nbsp; https:\/\/www.rothfuss-bestgabion.de<\/li>\n<\/ul>\n\n\n\n<p><strong>Iscrizione al registro<\/strong><\/p>\n\n\n\n<ul class=\"wp-block-list\">\n<li>Iscrizione al registro del commercio<\/li>\n\n\n\n<li>Numero di registrazione: HRA 40336<\/li>\n\n\n\n<li>Registro delle imprese del tribunale: pretura: 54516 Wittlich<\/li>\n\n\n\n<li>Partita IVA<\/li>\n\n\n\n<li>Codice identificativo di partita IVA ai sensi del par. 27(a) della legge tedesca relativa all&#8217;imposta sul valore aggiunto<\/li>\n\n\n\n<li>DE 261 309 350<\/li>\n<\/ul>\n\n\n\n<p><strong>Esclusione di responsabilit\u00e0<\/strong><br><strong>Responsabilit\u00e0 per i contenuti<\/strong><\/p>\n\n\n\n<p>Quale fornitore di servizi, siamo responsabili ai sensi dell&#8217;art. 7, par. 1 della TMG (legge tedesca sui media telematici) dei contenuti presenti sulle pagine di questo sito secondo le leggi ordinarie. Ai sensi dei par. dall\u20198 al 10 TMG, tuttavia, in qualit\u00e0 di fornitore di servizi, non siamo obbligati a verificare le informazioni trasmesse o salvate da terzi, o a ricercare eventuali rimandi ad attivit\u00e0 illegali.<\/p>\n\n\n\n<p>Resta in essere l\u2019obbligo di rimozione o blocco dell\u2019uso di tali informazioni, in virt\u00f9 della legislazione vigente. Tale responsabilit\u00e0, per\u00f2, subentra solo nel momento in cui siano state rese note concrete violazioni della legge. Qualora tali violazioni dovessero essere rese note, provvederemo a rimuovere immediatamente i relativi contenuti.<\/p>\n\n\n\n<p><strong>Responsabilit\u00e0 per i link<\/strong><br>La nostra offerta di prodotti contiene dei link a siti internet esterni di terzi, il cui contenuto non \u00e8 assolutamente soggetto alla nostra influenza. Pertanto non ci assumiamo alcuna responsabilit\u00e0 per questi contenuti esterni. Per i contenuti dei siti collegati, la responsabilit\u00e0 ricade sui rispettivi fornitori o gestori. La presenza di possibili violazioni della legge nei siti web collegati \u00e8 stata verificata al momento della creazione del collegamento. Al momento non sono stati rilevati contenuti illegali.<\/p>\n\n\n\n<p>Non \u00e8 tuttavia possibile garantire una verifica costante dei collegamenti in assenza di una segnalazione di probabile violazione della legge. Qualora tali violazioni dovessero essere rese note, provvederemo a rimuovere immediatamente i relativi link.<\/p>\n\n\n\n<p><strong>Diritto d\u2019autore<\/strong><br>I contenuti e le opere creati dai gestori di queste pagine sono soggetti alla normativa tedesca sul diritto d&#8217;autore. Non \u00e8 consentita la riproduzione, la modifica, la distribuzione e qualsiasi altra forma di utilizzo al di fuori dei limiti del diritto d&#8217;autore senza il consenso scritto dell&#8217;autore o del creatore. Sono consentiti il download e la copia di queste pagine solo per uso privato e non commerciale.<\/p>\n\n\n\n<p>Per i contenuti presenti sulle nostre pagine che non sono stati prodotti da noi, sono rispettati i diritti di propriet\u00e0 intellettuale di terzi. I contenuti di terzi vengono contrassegnati come tali. Nel caso in cui, tuttavia, ravvisiate una violazione del diritto d\u2019autore, vi preghiamo di fornirci indicazioni in merito. Qualora tali violazioni dovessero essere rese note, provvederemo a rimuovere immediatamente i relativi contenuti.<\/p>\n\n\n\n<p><strong>Informativa sulla privacy<\/strong><br><strong>Protezione dei dati<\/strong><\/p>\n\n\n\n<p>I gestori di queste pagine prendono molto seriamente la protezione dei dati personali degli utenti. Trattiamo i dati personali con riservatezza e in conformit\u00e0 con le disposizioni di legge in materia di protezione dei dati personali e con la presente informativa.<\/p>\n\n\n\n<p>L&#8217;uso del nostro sito \u00e8 di regola possibile anche senza fornire dati personali. Qualora sulle nostre pagine web vengano richiesti dati personali (ad esempio nome, indirizzo o indirizzo di posta elettronica), ci\u00f2 avviene, ove possibile, su base volontaria. Tali dati non saranno comunicati o diffusi a terzi, senza il consenso del mittente.<\/p>\n\n\n\n<p>\u00c8 opportuno informare che la trasmissione di dati in Internet (ad esempio la comunicazione tramite e-mail) pu\u00f2 presentare lacune di sicurezza. Una protezione assoluta dei dati dall&#8217;accesso da parte di terzi non \u00e8 possibile.<\/p>\n\n\n\n<p>Informativa sulla privacy per l&#8217;utilizzo dei plugin di Facebook (tasto Mi piace)<\/p>\n\n\n\n<p>Le nostre pagine includono plugin del social network Facebook, gestito da Facebook Inc., 1 Hacker Way, Menlo Park, California 94025, USA. I plugin di Facebook sono riconoscibili grazie al logo di Facebook o dal &#8220;tasto Like&#8221; (&#8220;Mi piace&#8221;) sulla nostra pagina. Ecco una panoramica dei plugin di Facebook: http:\/\/developers.facebook.com\/docs\/plugin\/.<\/p>\n\n\n\n<p>Quando le nostre pagine vengono visitate, il plugin stabilisce una connessione diretta tra il browser del visitatore e il server di Facebook. Facebook riceve quindi l&#8217;informazione che l&#8217;utente ha visitato la nostra pagina con il suo indirizzo IP. Facendo clic sul tasto &#8220;Mi piace&#8221; di Facebook mentre si \u00e8 connessi dal proprio account Facebook, \u00e8 possibile collegare i contenuti delle nostre pagine al proprio profilo Facebook. In tal modo, Facebook pu\u00f2 associare all&#8217;account utente la visita alle nostre pagine. Precisiamo che, in qualit\u00e0 di fornitori delle pagine, non siamo a conoscenza del contenuto dei dati trasmessi n\u00e9 del loro utilizzo da parte di Facebook. Per ulteriori informazioni, consultare l&#8217;informativa sulla protezione dei dati di Facebook all&#8217;indirizzo https:\/\/it-it.facebook.com\/privacy\/policy<\/p>\n\n\n\n<p>Se non desiderate che Facebook possa associare la visita delle nostre pagine al vostro account Facebook, dovete prima disconnettervi dall&#8217;account Facebook.<\/p>\n\n\n\n<p>Informativa sulla privacy per l&#8217;utilizzo di Google Analytics<\/p>\n\n\n\n<p>Questo sito web utilizza le funzioni del servizio di analisi web Google Analytics. Il fornitore \u00e8 Google Inc., 1600 Amphitheatre Parkway Mountain View, CA 94043, USA.<\/p>\n\n\n\n<p>Google Analytics utilizza i cosiddetti &#8220;cookies&#8221;. Si tratta di file di testo che vengono memorizzati sul computer dell&#8217;utente e consentono di analizzare il suo utilizzo del sito. Le informazioni ottenute attraverso i cookie sull&#8217;utilizzo del sito web da parte dell\u2019utente, sono di norma inviate e conservate su un server di Google negli Stati Uniti.<\/p>\n\n\n\n<p>Maggiori informazioni sul trattamento dei dati dell&#8217;utente da parte di Google Analytics sono disponibili nell&#8217;informativa sulla privacy di Google: https:\/\/support.google.com\/analytics\/answer\/6004245?hl=it<\/p>\n\n\n\n<p><strong>Plugin del browser<\/strong><br>\u00c8 possibile impedire la memorizzazione dei cookie selezionando l&#8217;impostazione corrispondente nel proprio software di navigazione; segnaliamo, tuttavia, che in tal caso potrebbe non essere possibile sfruttare a pieno tutte le funzionalit\u00e0 di questo sito. \u00c8 inoltre possibile impedire la raccolta di dati generati dai cookie sull&#8217;utilizzo del sito (compreso l&#8217;indirizzo IP) e l&#8217;elaborazione di tali dati da parte di Google, scaricando e installando il plugin per il browser disponibile al seguente link: https:\/\/tools.google.com\/dlpage\/gaoptout?hl=it<\/p>\n\n\n\n<p><strong>Opposizione alla raccolta dei dati<br><\/strong>L&#8217;utente pu\u00f2 impedire l&#8217;acquisizione dei dati da parte di Google Analytics facendo clic sul link qui di seguito. Viene impostato un cookie di dissociazione che impedisce la raccolta dei dati sulle visite future a questo sito Web: disattiva Google Analytics<\/p>\n\n\n\n<p><strong>Trattamento dei dati contrattuali<\/strong><br>Abbiamo stipulato un contratto con Google per il trattamento dei dati contrattuali e adempiamo pienamente ai rigorosi requisiti delle autorit\u00e0 tedesche per la protezione dei dati nell&#8217;utilizzo di Google Analytics.<\/p>\n\n\n\n<p><strong>Informativa sulla privacy per l&#8217;utilizzo di Google+<\/strong><br>Le nostre pagine utilizzano le funzioni di Google+. Il fornitore \u00e8 Google Inc., 1600 Amphitheatre Parkway Mountain View, CA 94043, USA.<\/p>\n\n\n\n<p>Acquisizione e diffusione delle informazioni: con il pulsante Google +1 \u00e8 possibile pubblicare informazioni in tutto il mondo. Con il pulsante Google+, l&#8217;utente in questione e altri utenti riceveranno contenuti personalizzati da Google e dai nostri partner. Google memorizza sia l&#8217;informazione di +1 assegnata a un contenuto, sia le informazioni sulla pagina visualizzata facendo clic su +1. I +1 assegnati possono essere mostrati come informazioni insieme al nome profilo e alla foto dell&#8217;utente nei servizi di Google, come ad esempio nei risultati di ricerca o nel profilo Google dell&#8217;utente, oppure altrove su siti web e annunci in Internet.<\/p>\n\n\n\n<p>Google registra le informazioni sulle attivit\u00e0 +1 dell&#8217;utente per migliorare i servizi di Google per l&#8217;utente in questione e per gli altri utenti. Per poter utilizzare il pulsante Google+, \u00e8 necessario un profilo Google pubblico, visibile a livello mondiale, che deve contenere almeno il nome scelto per il profilo. Questo nome sar\u00e0 utilizzato in tutti i servizi Google. In alcuni casi, questo nome pu\u00f2 anche sostituire un altro nome utilizzato nella condivisione di contenuti tramite l&#8217;account Google dell&#8217;utente. L&#8217;identit\u00e0 del profilo Google pu\u00f2 essere mostrata agli utenti che conoscono il vostro indirizzo e-mail o dispongono di altre informazioni di identificazione a voi relative.<\/p>\n\n\n\n<p>Utilizzo delle informazioni raccolte: oltre agli scopi succitati, le informazioni fornite sono utilizzate in conformit\u00e0 con le disposizioni di Google vigenti in materia di protezione dei dati. Google potrebbe pubblicare statistiche riassuntive sulle attivit\u00e0 +1 degli utenti o inoltrarle a utenti e partner, come ad esempio editori, inserzionisti o siti collegati.<\/p>\n\n\n\n<p><strong>Informativa sulla privacy per l&#8217;utilizzo di Instagram<\/strong><br>Sulle nostre pagine sono integrate funzioni del servizio Instagram. Queste funzioni sono fornite da Instagram Inc, 1601 Willow Road, Menlo Park, CA, 94025, USA. Se avete effettuato l&#8217;accesso al vostro account Instagram, potete collegare i contenuti delle nostre pagine al vostro profilo Instagram cliccando sul pulsante Instagram. In tal modo, Instagram pu\u00f2 associare all&#8217;account utente la visita alle nostre pagine. Precisiamo che, in qualit\u00e0 di fornitori delle pagine, non siamo a conoscenza del contenuto dei dati trasmessi n\u00e9 del loro utilizzo da parte di Instagram.<\/p>\n\n\n\n<p>Per ulteriori informazioni, consultare l&#8217;informativa sulla privacy di Instagram: http:\/\/instagram.com\/about\/legal\/privacy\/<\/p>\n\n\n\n<p><strong>Informativa sulla privacy per l&#8217;utilizzo di LinkedIn<\/strong><br>Il nostro sito web utilizza le funzioni della rete LinkedIn. Il fornitore \u00e8 LinkedIn Corporation, 2029 Stierlin Court, Mountain View, CA 94043, USA. Ad ogni accesso alle nostre pagine contenenti le funzioni di LinkedIn, si stabilisce una connessione ai server di LinkedIn. LinkedIn riceve quindi l&#8217;informazione che l&#8217;utente ha visitato le nostre pagine Internet con il suo indirizzo IP. Cliccando sul tasto &#8220;Raccomandazione&#8221; di LinkedIn e si \u00e8 connessi al proprio account su LinkedIn, LinkedIn \u00e8 in grado di associare la vostra visita al nostro sito Web e al vostro account utente. Precisiamo che, in qualit\u00e0 di fornitori delle pagine, non siamo a conoscenza del contenuto dei dati trasmessi n\u00e9 del loro utilizzo da parte di LinkedIn.<\/p>\n\n\n\n<p>Per ulteriori informazioni, consultare l&#8217;informativa sulla privacy di LinkedIn all&#8217;indirizzo: https:\/\/www.linkedin.com\/legal\/privacy-policy<\/p>\n\n\n\n<p><strong>Informativa sulla privacy per l&#8217;utilizzo di Twitter<\/strong><br>Sulle nostre pagine sono integrate funzioni del servizio Twitter. Queste funzionalit\u00e0 sono offerte da Twitter Inc., 1355 Market Street, Suite 900, San Francisco, CA 94103, USA. Con l&#8217;uso di Twitter e della funzione &#8220;Re-Tweet&#8221; le pagine web visitate vengono collegate all&#8217;account Twitter e portate a conoscenza degli altri utenti. Nell&#8217;occasione vengono trasmessi a Twitter anche i dati. Precisiamo che, in qualit\u00e0 di fornitori delle pagine, non siamo a conoscenza del contenuto dei dati trasmessi n\u00e9 del loro utilizzo da parte di Twitter. Per ulteriori informazioni, consultare l&#8217;informativa sulla privacy di Twitter all&#8217;indirizzo http:\/\/twitter.com\/privacy.<\/p>\n\n\n\n<p>\u00c8 possibile modificare le impostazioni di protezione dei dati su Twitter nelle impostazioni dell&#8217;account all&#8217;indirizzo http:\/\/twitter.com\/account\/settings.<\/p>\n\n\n\n<p><strong>Informativa sulla privacy per l&#8217;utilizzo di Xing<\/strong><br>Il nostro sito web utilizza le funzioni della rete XING. Il fornitore \u00e8 XING AG, Dammtorstra\u00dfe 29-32, 20354 Hamburg, Deutschland. Ad ogni accesso alle nostre pagine contenenti le funzioni di Xing, si stabilisce una connessione ai server di Xing. In base alle informazioni in nostro possesso, non si effettua alcuna memorizzazione dei dati personali. In particolare, non vengono memorizzati gli indirizzi IP n\u00e9 viene valutato il \u200b\u200bcomportamento di utilizzo.<\/p>\n\n\n\n<p>Ulteriori informazioni sulla protezione dei dati e sul pulsante Share di Xing sono disponibili nell&#8217;informativa sulla privacy di Xing all&#8217;indirizzo https:\/\/www.xing.com\/app\/share?op=data_protection<\/p>\n\n\n\n<p><strong>Informazione, cancellazione, blocco<\/strong><br>L&#8217;utente conserva in ogni momento il diritto di ricevere, gratuitamente, informazioni sui suoi dati personali conservati, sulla loro provenienza, sul destinatario e sullo scopo del trattamento dei dati, nonch\u00e9 il diritto di correzione, di blocco o di cancellazione di questi dati. A questo scopo e per qualsiasi altra domanda sui dati personali \u00e8 possibile rivolgersi a noi in qualsiasi momento, contattandoci all&#8217;indirizzo indicato nella note legali.<\/p>\n\n\n\n<p><strong>Cookies<\/strong><br>I siti Internet utilizzano in parte i cosiddetti cookie. I cookie non causano danni al computer e non contengono virus. Essi servono a rendere il nostro servizio pi\u00f9 facile da usare, pi\u00f9 efficace e pi\u00f9 sicuro. Essi sono piccoli file di testo che vengono depositati sul computer e salvati dal browser dell&#8217;utente.<\/p>\n\n\n\n<p>La maggior parte dei cookie da noi utilizzati sono i cosiddetti &#8220;cookie di sessione&#8221; che vengono cancellati automaticamente all&#8217;uscita dal sito. Altri cookie rimangono nella memoria del dispositivo fino a quando non vengono eliminati dall&#8217;utente. Questi cookie ci permettono di riconoscere il vostro browser la prossima volta che visitate il nostro sito.<\/p>\n\n\n\n<p>L&#8217;utente pu\u00f2 impostare il suo browser in modo da essere informato circa l&#8217;uso dei cookie e autorizzarli solo in singoli casi, escludere l&#8217;accettazione di cookie in determinati casi o in generale, nonch\u00e9 attivare l&#8217;eliminazione automatica dei cookie alla chiusura del browser. La disattivazione dei cookie pu\u00f2 limitare la funzionalit\u00e0 del sito Internet.<\/p>\n\n\n\n<p><strong>File di log del server<\/strong><br>Il provider delle pagine acquisisce e memorizza automaticamente le informazioni in cosiddetti file di log del server, che il vostro&nbsp; browser ci trasmette automaticamente. Essi sono:<\/p>\n\n\n\n<ul class=\"wp-block-list\">\n<li>Tipo di browser\/ versione del browser<\/li>\n\n\n\n<li>Sistema operativo utilizzato<\/li>\n\n\n\n<li>Referrer URL<\/li>\n\n\n\n<li>Nome host del computer di accesso<\/li>\n\n\n\n<li>Orario della richiesta del server<\/li>\n<\/ul>\n\n\n\n<p>Questi dati non sono attribuibili a una determinata persona. Questi dati non vengono associati ad altre fonti di dati. Ci riserviamo comunque il diritto di esaminare tali dati in un secondo momento, qualora emerga una prova legittima di utilizzo illegale.<\/p>\n\n\n\n<p><strong>Modulo di contatto<\/strong><br>Inviando le richieste di informazioni tramite il modulo di contatto, i dati contenuti nel modulo di richiesta, compresi i recapiti forniti, verranno da noi memorizzati per l&#8217;elaborazione della richiesta e per rispondere a eventuali domande successive. Non divulgheremo tali dati senza il vostro consenso.<\/p>\n\n\n\n<p><strong>Opposizione e-mail promozionali<\/strong><br>Ci si oppone all&#8217;utilizzo dei recapiti pubblicati nell&#8217;ambito dell&#8217;obbligo di dichiarazione delle informazioni legali, per l&#8217;invio di messaggi pubblicitari e di materiale informativo non richiesti. I gestori di queste pagine si riservano espressamente il diritto di ricorrere a vie legali in caso di invio di informazioni promozionali non richieste, come ad esempio le e-mail spam.<\/p>\n\n\n\n<p><strong>Dati della newsletter<\/strong><br>Se desiderate ricevere la newsletter offerta dal sito, abbiamo bisogno dell&#8217;indirizzo di posta elettronica e delle informazioni che ci permettono di verificare che l&#8217;utente sia il titolare dell&#8217;indirizzo di posta elettronica indicato e che accetti di ricevere la newsletter. Non saranno raccolti ulteriori dati. Usiamo queste informazioni esclusivamente per l&#8217;invio delle informazioni richieste e non le inoltreremo a terzi.<\/p>\n\n\n\n<p>Il consenso fornito per la memorizzazione dei dati, dell&#8217;indirizzo e-mail, nonch\u00e9 per il loro utilizzo per l&#8217;invio della newsletter pu\u00f2 essere revocato in qualsiasi momento, ad esempio attraverso il link &#8220;Annulla iscrizione&#8221; nella newsletter.<\/p>\n\n\n\n<p>Responsabile della protezione dei dati<br>Sig. Max Friedhoff<br>Telefono: +49 (0) 6571 \/ 95 233-60<br>Fax: +49 (0) 6571 \/ 95 233-250<br>Mail: fritz.friedhoff@rbg.eu<br>Rothfuss Best Gabion GmbH &amp; Co. KG<br>Dr.-Oetker-Stra\u00dfe 30 D-54516 Wittlich<\/p>\n","protected":false},"excerpt":{"rendered":"<p>Informazioni ai sensi del par. 5 TMG (Legge tedesca sui media telematici) Rothfuss Best Gabion GmbH &amp; Co. KGDr.-Oetker-Stra\u00dfe 3054516 Wittlich Rappresentata da rappresentata dalla socia<span class=\"excerpt-hellip\"> [\u2026]<\/span><\/p>\n","protected":false},"author":1,"featured_media":0,"parent":0,"menu_order":0,"comment_status":"closed","ping_status":"closed","template":"","meta":{"footnotes":""},"class_list":["post-8964","page","type-page","status-publish","hentry"],"_links":{"self":[{"href":"https:\/\/www.rothfuss-bestgabion.de\/it\/wp-json\/wp\/v2\/pages\/8964","targetHints":{"allow":["GET"]}}],"collection":[{"href":"https:\/\/www.rothfuss-bestgabion.de\/it\/wp-json\/wp\/v2\/pages"}],"about":[{"href":"https:\/\/www.rothfuss-bestgabion.de\/it\/wp-json\/wp\/v2\/types\/page"}],"author":[{"embeddable":true,"href":"https:\/\/www.rothfuss-bestgabion.de\/it\/wp-json\/wp\/v2\/users\/1"}],"replies":[{"embeddable":true,"href":"https:\/\/www.rothfuss-bestgabion.de\/it\/wp-json\/wp\/v2\/comments?post=8964"}],"version-history":[{"count":3,"href":"https:\/\/www.rothfuss-bestgabion.de\/it\/wp-json\/wp\/v2\/pages\/8964\/revisions"}],"predecessor-version":[{"id":19183,"href":"https:\/\/www.rothfuss-bestgabion.de\/it\/wp-json\/wp\/v2\/pages\/8964\/revisions\/19183"}],"wp:attachment":[{"href":"https:\/\/www.rothfuss-bestgabion.de\/it\/wp-json\/wp\/v2\/media?parent=8964"}],"curies":[{"name":"wp","href":"https:\/\/api.w.org\/{rel}","templated":true}]}}