{"id":8944,"date":"2022-12-05T04:11:13","date_gmt":"2022-12-05T03:11:13","guid":{"rendered":"https:\/\/www.rothfuss-bestgabion.de?page_id=8944"},"modified":"2023-05-10T02:55:28","modified_gmt":"2023-05-10T00:55:28","slug":"silent-plus","status":"publish","type":"page","link":"https:\/\/www.rothfuss-bestgabion.de\/it\/gabbioni\/silent-plus","title":{"rendered":"Silent Plus"},"content":{"rendered":"\n<p>Gabbione antirumore con anima in sabbia<\/p>\n\n\n\n<p>Silent Plus \u00e8 un sistema con cesto a celle multiple caratterizzato da chiusura a innesto <strong>monotec<span style=\"color: #d42e12;\">R<\/span><\/strong><sup>\u00ae<\/sup><\/p>\n\n\n\n<ul class=\"wp-block-list\">\n<li>Combinazione di frangivista attrattivo e isolamento acustico molto efficace<\/li>\n<\/ul>\n\n\n\n<p>L&#8217;installazione di una sacca in tessuto non tessuto nella cella centrale, riempita di sabbia, garantisce la costruzione senza giunture dello strato fonoisolante.<\/p>\n\n\n\n<p>Con il riempimento delle celle esterne con pietre grezze, \u00e8 possibile migliorare le propriet\u00e0 di fonoassorbenza. Per esigenze maggiori, \u00e8 possibile riempire una delle celle esterne con pietra lavica porosa. In tal modo, si ottengono propriet\u00e0 dall&#8217;assorbenza elevata.<\/p>\n\n\n\n<h4 class=\"wp-block-heading\">Campi di applicazione<\/h4>\n\n\n\n<ul class=\"wp-block-list\">\n<li>Barriere acustiche nell&#8217;edilizia commerciale, residenziale e stradale<\/li>\n<\/ul>\n\n\n\n<h4 class=\"wp-block-heading\">Informazioni generali<\/h4>\n\n\n\n<ul class=\"wp-block-list\">\n<li>Rete metallica saldata a punti, a basso rischio di lesioni, con rivestimento in zinco e alluminio (95% zinco \/ 5% alluminio)<\/li>\n\n\n\n<li>Calibro del filo standard \u00d8 4,5 disponibile in alternativa \u00d8 5,0 mm<\/li>\n\n\n\n<li>Griglia frontale, griglia posteriore e griglia laterale di chiusura in maglia 5\u00d710 cm<\/li>\n\n\n\n<li>Tutte le altre griglie in maglia 10\u00d710 cm<\/li>\n\n\n\n<li>Calibro filo chiusura \u00d8 6,0mm<\/li>\n\n\n\n<li>Resistenza minima alla trazione di tutti gli articoli in filo metallico 450 N\/mm2<\/li>\n\n\n\n<li>Prova di nebbia salina di 3.000 ore secondo la norma DIN EN ISO 9227-NSS<\/li>\n\n\n\n<li>Assorbenza 7dB classe A2 o elevata assorbenza &gt; 15dB classe A5 secondo la norma DIN EN 1793-1, ZTV LSW 06<\/li>\n\n\n\n<li>Insonorizzazione 37dB, classe B4 secondo la norma DIN EN 1793-2, ZTV LSW 06<\/li>\n<\/ul>\n\n\n\n<h4 class=\"wp-block-heading\">Materiale di riempimento<\/h4>\n\n\n\n<p>Propriet\u00e0 fonoassorbenti grazie al riempimento con pietre grezze granulometria 63\/125 mm<\/p>\n\n\n\n<p>Per esigenze maggiori, riempire una delle celle esterne con pietra lavica porosa.<\/p>\n\n\n\n<h4 class=\"wp-block-heading\">A voi la scelta:<\/h4>\n\n\n\n<p>Dimensioni standard del cesto<\/p>\n\n\n\n<ul class=\"wp-block-list\">\n<li>200 x 100 x 100 cm<\/li>\n\n\n\n<li>200 x 100 x 50 cm<\/li>\n\n\n\n<li>100 x 100 x 100 cm<\/li>\n\n\n\n<li>100 x 100 x 50 cm<\/li>\n<\/ul>\n","protected":false},"excerpt":{"rendered":"<p>Gabbione antirumore con anima in sabbia Silent Plus \u00e8 un sistema con cesto a celle multiple caratterizzato da chiusura a innesto monotecR\u00ae L&#8217;installazione di una sacca<span class=\"excerpt-hellip\"> [\u2026]<\/span><\/p>\n","protected":false},"author":1,"featured_media":2732,"parent":9005,"menu_order":0,"comment_status":"closed","ping_status":"closed","template":"","meta":{"footnotes":""},"class_list":["post-8944","page","type-page","status-publish","has-post-thumbnail","hentry"],"_links":{"self":[{"href":"https:\/\/www.rothfuss-bestgabion.de\/it\/wp-json\/wp\/v2\/pages\/8944","targetHints":{"allow":["GET"]}}],"collection":[{"href":"https:\/\/www.rothfuss-bestgabion.de\/it\/wp-json\/wp\/v2\/pages"}],"about":[{"href":"https:\/\/www.rothfuss-bestgabion.de\/it\/wp-json\/wp\/v2\/types\/page"}],"author":[{"embeddable":true,"href":"https:\/\/www.rothfuss-bestgabion.de\/it\/wp-json\/wp\/v2\/users\/1"}],"replies":[{"embeddable":true,"href":"https:\/\/www.rothfuss-bestgabion.de\/it\/wp-json\/wp\/v2\/comments?post=8944"}],"version-history":[{"count":5,"href":"https:\/\/www.rothfuss-bestgabion.de\/it\/wp-json\/wp\/v2\/pages\/8944\/revisions"}],"predecessor-version":[{"id":13125,"href":"https:\/\/www.rothfuss-bestgabion.de\/it\/wp-json\/wp\/v2\/pages\/8944\/revisions\/13125"}],"up":[{"embeddable":true,"href":"https:\/\/www.rothfuss-bestgabion.de\/it\/wp-json\/wp\/v2\/pages\/9005"}],"wp:featuredmedia":[{"embeddable":true,"href":"https:\/\/www.rothfuss-bestgabion.de\/it\/wp-json\/wp\/v2\/media\/2732"}],"wp:attachment":[{"href":"https:\/\/www.rothfuss-bestgabion.de\/it\/wp-json\/wp\/v2\/media?parent=8944"}],"curies":[{"name":"wp","href":"https:\/\/api.w.org\/{rel}","templated":true}]}}