{"id":8940,"date":"2022-12-05T03:19:44","date_gmt":"2022-12-05T02:19:44","guid":{"rendered":"https:\/\/www.rothfuss-bestgabion.de?page_id=8940"},"modified":"2023-04-03T00:18:43","modified_gmt":"2023-04-02T22:18:43","slug":"silentr","status":"publish","type":"page","link":"https:\/\/www.rothfuss-bestgabion.de\/it\/gabbioni\/silentr","title":{"rendered":"Silent<span style=\"color: #d42e12;\"><strong>R<\/strong><\/span><sup>\u00ae<\/sup>"},"content":{"rendered":"\n<p>Gabbione antirumore con anima in calcestruzzo<\/p>\n\n\n\n<p><strong>Silent<span style=\"color: #d42e12;\">R<\/span><\/strong><sup>\u00ae<\/sup> \u00e8 un sistema a celle multiple del cesto caratterizzato dal sistema di chiusura a innesto <strong>monotec<span style=\"color: #d42e12;\">R<\/span><\/strong><sup>\u00ae<\/sup><\/p>\n\n\n\n<ul class=\"wp-block-list\">\n<li>Combinazione di frangivista attrattivo e isolamento acustico molto efficace<\/li>\n<\/ul>\n\n\n\n<p>L&#8217;installazione di un&#8217;anima continua in calcestruzzo nella cella centrale garantisce una costruzione senza giunture dello strato fonoisolante.<\/p>\n\n\n\n<p>Con il riempimento delle celle esterne con pietre grezze, \u00e8 possibile migliorare le propriet\u00e0 di fonoassorbenza. Per esigenze maggiori, \u00e8 possibile riempire una delle celle esterne con pietra lavica porosa. In tal modo, si ottengono propriet\u00e0 dall&#8217;assorbenza elevata.<\/p>\n\n\n\n<h4 class=\"wp-block-heading\">Campi di applicazione<\/h4>\n\n\n\n<ul class=\"wp-block-list\">\n<li>Barriere acustiche nell&#8217;edilizia commerciale, residenziale e stradale<\/li>\n<\/ul>\n\n\n\n<h4 class=\"wp-block-heading\">Informazioni generali<\/h4>\n\n\n\n<ul class=\"wp-block-list\">\n<li>Rete metallica saldata a punti, a basso rischio di lesioni, con rivestimento in zinco e alluminio (95% zinco \/ 5% alluminio)<\/li>\n\n\n\n<li>Calibro del filo standard \u00d8 4,5 disponibile in alternativa \u00d8 5,0 mm<\/li>\n\n\n\n<li>Griglia frontale, griglia posteriore e griglia laterale di chiusura in maglia 5\u00d710 cm<\/li>\n\n\n\n<li>Tutte le altre griglie in maglia 10\u00d710 cm<\/li>\n\n\n\n<li>Calibro filo chiusura \u00d8 6,0mm<\/li>\n\n\n\n<li>Resistenza minima alla trazione di tutti gli articoli in filo metallico 450 N\/mm2<\/li>\n\n\n\n<li>Prova di nebbia salina di 3.000 ore secondo la norma DIN EN ISO 9227-NSS<\/li>\n\n\n\n<li>Assorbenza 7dB classe A2 o elevata assorbenza &gt; 15dB classe A5 secondo la norma DIN EN 1793-1, ZTV LSW 06<\/li>\n\n\n\n<li>Insonorizzazione 49dB, classe B4 secondo la norma DIN EN 1793-2, ZTV LSW 06<\/li>\n<\/ul>\n\n\n\n<h4 class=\"wp-block-heading\">Materiale di riempimento<\/h4>\n\n\n\n<p>Propriet\u00e0 fonoassorbenti grazie al riempimento con pietre grezze granulometria 63\/125 mm<\/p>\n\n\n\n<p>Per esigenze maggiori, riempire una delle celle esterne con pietra lavica porosa.<\/p>\n\n\n\n<p>Qualit\u00e0 del calcestruzzo in accordo con le prescrizioni del piano esecutivo. C20\/25<\/p>\n\n\n\n<h4 class=\"wp-block-heading\">A voi la scelta:<\/h4>\n\n\n\n<p>Dimensioni standard del cesto<\/p>\n\n\n\n<ul class=\"wp-block-list\">\n<li>200 x 100 x 100 cm<\/li>\n\n\n\n<li>200 x 100 x 50 cm<\/li>\n\n\n\n<li>150 x 100 x 100cm<\/li>\n\n\n\n<li>150 x 100 x 50cm<\/li>\n\n\n\n<li>100 x 100 x 100 cm<\/li>\n\n\n\n<li>100 x 100 x 50 cm<\/li>\n<\/ul>\n","protected":false},"excerpt":{"rendered":"<p>Gabbione antirumore con anima in calcestruzzo SilentR\u00ae \u00e8 un sistema a celle multiple del cesto caratterizzato dal sistema di chiusura a innesto monotecR\u00ae L&#8217;installazione di un&#8217;anima<span class=\"excerpt-hellip\"> [\u2026]<\/span><\/p>\n","protected":false},"author":1,"featured_media":11754,"parent":9005,"menu_order":0,"comment_status":"closed","ping_status":"closed","template":"","meta":{"footnotes":""},"class_list":["post-8940","page","type-page","status-publish","has-post-thumbnail","hentry"],"_links":{"self":[{"href":"https:\/\/www.rothfuss-bestgabion.de\/it\/wp-json\/wp\/v2\/pages\/8940","targetHints":{"allow":["GET"]}}],"collection":[{"href":"https:\/\/www.rothfuss-bestgabion.de\/it\/wp-json\/wp\/v2\/pages"}],"about":[{"href":"https:\/\/www.rothfuss-bestgabion.de\/it\/wp-json\/wp\/v2\/types\/page"}],"author":[{"embeddable":true,"href":"https:\/\/www.rothfuss-bestgabion.de\/it\/wp-json\/wp\/v2\/users\/1"}],"replies":[{"embeddable":true,"href":"https:\/\/www.rothfuss-bestgabion.de\/it\/wp-json\/wp\/v2\/comments?post=8940"}],"version-history":[{"count":12,"href":"https:\/\/www.rothfuss-bestgabion.de\/it\/wp-json\/wp\/v2\/pages\/8940\/revisions"}],"predecessor-version":[{"id":12541,"href":"https:\/\/www.rothfuss-bestgabion.de\/it\/wp-json\/wp\/v2\/pages\/8940\/revisions\/12541"}],"up":[{"embeddable":true,"href":"https:\/\/www.rothfuss-bestgabion.de\/it\/wp-json\/wp\/v2\/pages\/9005"}],"wp:featuredmedia":[{"embeddable":true,"href":"https:\/\/www.rothfuss-bestgabion.de\/it\/wp-json\/wp\/v2\/media\/11754"}],"wp:attachment":[{"href":"https:\/\/www.rothfuss-bestgabion.de\/it\/wp-json\/wp\/v2\/media?parent=8940"}],"curies":[{"name":"wp","href":"https:\/\/api.w.org\/{rel}","templated":true}]}}