{"id":8928,"date":"2022-12-04T03:51:24","date_gmt":"2022-12-04T02:51:24","guid":{"rendered":"https:\/\/www.rothfuss-bestgabion.de?page_id=8928"},"modified":"2024-12-10T15:46:10","modified_gmt":"2024-12-10T14:46:10","slug":"chi-siamo","status":"publish","type":"page","link":"https:\/\/www.rothfuss-bestgabion.de\/it\/chi-siamo","title":{"rendered":"Chi siamo"},"content":{"rendered":"\n<p>Essendo leader nella produzione di griglie per gabbioni di qualit\u00e0, sappiamo che i prodotti eccellenti rappresentano l&#8217;elemento costitutivo per progetti di alto livello. Vantiamo un&#8217;esperienza decennale nella ricerca, nello sviluppo e nella produzione di reti metalliche. Miglioriamo costantemente il nostro assortimento al fine di poter offrire ai nostri clienti le soluzioni adatte alle diverse esigenze.<\/p>\n\n\n\n<p>In qualit\u00e0 di fornitore completo, seguiamo la nostra filosofia aziendale del &#8220;Tutto da un&#8217;unica fonte&#8221;, offrendo un pacchetto completo per le soluzioni pi\u00f9 svariate. Quale fondatore del mercato dei gabbioni in Germania, da oltre 30 anni il marchio ROTHFUSS \u00e8 legato alla storia e alla tradizione.<\/p>\n\n\n\n<p>Anche a seguito dell&#8217;acquisizione delle attivit\u00e0 da parte del Gruppo Friedhoff, tali valori non verranno meno. I nostri prodotti sono sinonimo di massima qualit\u00e0. Offriamo ai nostri clienti un processo unico che consente una qualit\u00e0 costante e dimostrabile per decenni, in particolare nel campo della resistenza alla corrosione estremamente elevata. In particolare, desideriamo fare riferimento ai nostri test di corrosione a lungo termine sulle reti metalliche eseguiti insieme all&#8217;istituto di collaudo dei materiali (MPA) di Stoccarda sull&#8217;isola di Helgoland, nel Mare del Nord, dove le nostre griglie per gabbioni rivestite in zinco e alluminio (Zn 95% Al 5%) sono esposte a sollecitazioni atmosferiche estreme che i nostri prodotti riescono facilmente a sopportare. In altri processi di verifica continua, da 28 anni non sono stati riscontrati effetti invalidanti sulla protezione dalla corrosione.<\/p>\n\n\n\n<p>Il nostro personale vanta competenza tecnica ed esperienza pluriennale. Vi consigliamo nella progettazione e nella costruzione, seguendo il vostro progetto fino alla consegna. In tal modo, ci mettiamo al fianco dei nostri clienti come partner affidabile e competente per soluzioni standard e personalizzati. Grazie alla gestione diretta del nostro magazzino, possiamo consegnare gli articoli ordinati in tempi brevi.<\/p>\n\n\n\n<p>I nostri impianti di produzione all&#8217;avanguardia e completamente automatizzati si adattano in modo flessibile alla realizzazione di griglie per gabbioni in tante versioni diverse. La combinazione tra il calibro del filo, la dimensione della maglia e la resistenza del filo consente di ottenere l&#8217;esatto dimensionamento necessario per la rispettiva applicazione. Realizziamo grandi quantit\u00e0 di pezzi con produzione in serie e soluzioni individuali per esigenze particolari.<\/p>\n\n\n\n<p>Il filo che utilizziamo \u00e8 rivestito in zinco e alluminio di qualit\u00e0 (Zn 95% \/ Al 5%) e presenta una resistenza alla trazione di almeno 450 N\/mm2. La resistenza alla corrosione \u00e8 dimostrata dalla prova di nebbia salina di 3.000 ore secondo la norma DIN EN ISO 9227-NSS. Oltre alle reti metalliche saldate a punti per gabbioni diversi, completiamo il nostro assortimento con cesti da trasporto riempiti in fabbrica e compattati per diversi campi di applicazione, nonch\u00e9 per la messa in sicurezza delle scarpate e come isolamento acustico e frangivista.<\/p>\n\n\n\n<p><a href=\"https:\/\/www.rothfuss-bestgabion.de\/wp-content\/uploads\/2019\/10\/Quality-Policy.pdf\" data-type=\"attachment\" data-id=\"5078\">La pregiata qualit\u00e0 dei nostri prodotti<\/a>, l&#8217;affidabilit\u00e0 e il vasto know-how nel campo dell&#8217;ingegneria sia civile che di processo, ma anche in quello della tecnica di produzione rappresentano i cardini della nostra impresa. Lasciatevi ispirare dalle molteplici possibilit\u00e0 applicative dei nostri prodotti. Siamo il partner ideale in grado di soddisfare le vostre esigenze.<\/p>\n\n\n\n<p>La nostra gestione della qualit\u00e0 \u00e8 certificata ISO 9001:2015. E ne siamo molto fieri. I processi pianificati con la dovuta attenzione danno un contributo decisivo alla qualit\u00e0 dei nostri prodotti e servizi. Le prospettive e le esigenze specifiche della nostra azienda si riflettono nel nostro sistema di gestione della qualit\u00e0. Infondiamo fiducia nei nostri prodotti e nel lavoro svolto dal nostro personale a vantaggio dei nostri clienti.<\/p>\n\n\n\n<p>Dal 1 aprile 2019, Rothfuss Best Gabion \u00e8 anche membro del Deutsches Institut f\u00fcr Normung (Istituto tedesco di normalizzazione), in breve &#8220;DIN&#8221;. In qualit\u00e0 di membro DIN, sosteniamo il collaudato sistema di normalizzazione da una prospettiva sia ideologica che finanziaria e contribuiamo quindi a mantenere DIN indipendente. Le aziende che collaborano alla normalizzazione garantiscono cos\u00ec la competitivit\u00e0 dell&#8217;economia tedesca e possono allineare e ottimizzare i loro processi, prodotti o servizi fin dall&#8217;inizio.<\/p>\n\n\n\n<p>Dal 20 aprile 2020, Rothfuss Best Gabion \u00e8 la prima azienda a portare il marchio di qualit\u00e0 GABIONEN riconosciuto da RAL (Istituto tedesco per la sicurezza della qualit\u00e0 e la certificazione) nel settore della lavorazione dei metalli (<a href=\"https:\/\/www.rothfuss-bestgabion.de\/wp-content\/uploads\/2023\/04\/Award-Certificate-RBG-valid-until-31.03.2024.pdf\" target=\"_blank\" rel=\"noreferrer noopener\">link certificato<\/a>) per la produzione di gabbioni e strutture in gabbioni. In tal modo, la GfG (G\u00fctegemeinschaft f\u00fcr Gabbionen &#8211; marchio tedesco per gabbioni di qualit\u00e0) premia le aziende i cui prodotti e\/o servizi sono conformi alle disposizioni generali e specifiche in materia di qualit\u00e0 e test della sicurezza di qualit\u00e0 per i gabbioni e le strutture in gabbioni RAL-GZ 612, contribuendo allo sviluppo, alla diffusione e al miglioramento della qualit\u00e0 dei gabbioni e delle strutture in gabbioni.<\/p>\n\n\n<div class=\"wp-block-image\">\n<figure class=\"aligncenter size-full\"><img loading=\"lazy\" decoding=\"async\" width=\"1000\" height=\"463\" src=\"https:\/\/www.rothfuss-bestgabion.de\/wp-content\/uploads\/2024\/12\/englisch.jpg\" alt=\"\" class=\"wp-image-20671\" srcset=\"https:\/\/www.rothfuss-bestgabion.de\/wp-content\/uploads\/2024\/12\/englisch.jpg 1000w, https:\/\/www.rothfuss-bestgabion.de\/wp-content\/uploads\/2024\/12\/englisch-300x139.jpg 300w, https:\/\/www.rothfuss-bestgabion.de\/wp-content\/uploads\/2024\/12\/englisch-768x356.jpg 768w, https:\/\/www.rothfuss-bestgabion.de\/wp-content\/uploads\/2024\/12\/englisch-150x69.jpg 150w, https:\/\/www.rothfuss-bestgabion.de\/wp-content\/uploads\/2024\/12\/englisch-480x222.jpg 480w\" sizes=\"auto, (max-width:767px) 480px, (max-width:1000px) 100vw, 1000px\" \/><\/figure>\n<\/div>","protected":false},"excerpt":{"rendered":"<p>Essendo leader nella produzione di griglie per gabbioni di qualit\u00e0, sappiamo che i prodotti eccellenti rappresentano l&#8217;elemento costitutivo per progetti di alto livello. Vantiamo un&#8217;esperienza decennale<span class=\"excerpt-hellip\"> [\u2026]<\/span><\/p>\n","protected":false},"author":1,"featured_media":8902,"parent":0,"menu_order":0,"comment_status":"closed","ping_status":"closed","template":"","meta":{"footnotes":""},"class_list":["post-8928","page","type-page","status-publish","has-post-thumbnail","hentry"],"_links":{"self":[{"href":"https:\/\/www.rothfuss-bestgabion.de\/it\/wp-json\/wp\/v2\/pages\/8928","targetHints":{"allow":["GET"]}}],"collection":[{"href":"https:\/\/www.rothfuss-bestgabion.de\/it\/wp-json\/wp\/v2\/pages"}],"about":[{"href":"https:\/\/www.rothfuss-bestgabion.de\/it\/wp-json\/wp\/v2\/types\/page"}],"author":[{"embeddable":true,"href":"https:\/\/www.rothfuss-bestgabion.de\/it\/wp-json\/wp\/v2\/users\/1"}],"replies":[{"embeddable":true,"href":"https:\/\/www.rothfuss-bestgabion.de\/it\/wp-json\/wp\/v2\/comments?post=8928"}],"version-history":[{"count":7,"href":"https:\/\/www.rothfuss-bestgabion.de\/it\/wp-json\/wp\/v2\/pages\/8928\/revisions"}],"predecessor-version":[{"id":20682,"href":"https:\/\/www.rothfuss-bestgabion.de\/it\/wp-json\/wp\/v2\/pages\/8928\/revisions\/20682"}],"wp:featuredmedia":[{"embeddable":true,"href":"https:\/\/www.rothfuss-bestgabion.de\/it\/wp-json\/wp\/v2\/media\/8902"}],"wp:attachment":[{"href":"https:\/\/www.rothfuss-bestgabion.de\/it\/wp-json\/wp\/v2\/media?parent=8928"}],"curies":[{"name":"wp","href":"https:\/\/api.w.org\/{rel}","templated":true}]}}