{"id":7862,"date":"2023-04-03T00:23:07","date_gmt":"2023-04-02T22:23:07","guid":{"rendered":"https:\/\/www.rothfuss-bestgabion.de?page_id=7862"},"modified":"2023-04-03T00:27:52","modified_gmt":"2023-04-02T22:27:52","slug":"silentr","status":"publish","type":"page","link":"https:\/\/www.rothfuss-bestgabion.de\/fr\/silentr","title":{"rendered":"Silent<span style=\"color: #d42e12;\"><strong>R<\/strong><\/span><sup>\u00ae<\/sup>"},"content":{"rendered":"<p>Ecran antibruit en gabions avec un noyau de beton<\/p>\n<p><strong>Silent<span style=\"color: #ff0000;\">R<\/span><\/strong><sup>\u00ae<\/sup> est un syst\u00e8me de cage compartiment\u00e9e compos\u00e9 d\u2019\u00e9l\u00e9ments du syst\u00e8me <strong>monotec<span style=\"color: #ff0000;\">R<\/span><\/strong><sup>\u00ae <\/sup>avec boucles soud\u00e9es et tiges-goupilles.<\/p>\n<ul>\n<li>Combinaison d\u2019un brise-vue \u00e9l\u00e9gant et d\u2019une protection contre le bruit tr\u00e8s efficace.<\/li>\n<\/ul>\n<p>L\u2019installation d\u2019<strong>un noyau continu <\/strong>de b\u00e9ton dans le compartiment central assure une <strong>isolation phonique homog\u00e8ne<\/strong>.<\/p>\n<p>Une absorption acoustique est obtenue en remplissant les compartiments externes de pierres grossi\u00e8res. Si les exigences sont plus \u00e9lev\u00e9es, l\u2019un des compartiments peut \u00eatre rempli de pouzzolane poreuse, et ainsi permettre d\u2019atteindre un niveau d\u2019absorption plus important.<\/p>\n<h4>Utilisation<\/h4>\n<p>Murs antibruit dans des zones r\u00e9sidentielles, commerciales, \u00e0 proximit\u00e9 d\u2019axes de circulation<\/p>\n<h4>Informations g\u00e9n\u00e9rales<\/h4>\n<ul>\n<li>Panneaux de treillis \u00e9lectro-soud\u00e9s, fil d\u2019acier rev\u00eatu de zinc-aluminium (95% zinc, 5% aluminium)<\/li>\n<li>Fil \u00d8 4,5 mm (\u00e9galement disponible en 5,0mm)<\/li>\n<li>Fa\u00e7ades avant et arri\u00e8re, grilles lat\u00e9rales aux extr\u00e9mit\u00e9s en maille de 5x10cm<\/li>\n<li>Toutes les autres grilles en maille de 10x10cm<\/li>\n<li>Tiges-goupilles en fil \u00d8 6,0 mm<\/li>\n<li>R\u00e9sistance m\u00e9canique des articles en fil de 450 N\/mm<sup>2 <\/sup>minimum<\/li>\n<li>Test de brouillard salin de 3000h conform\u00e9ment \u00e0 la norme DIN EN ISO 9227-NSS<\/li>\n<li>Absorption acoustique 7dB classe A2, ou tr\u00e8s absorbant &gt;15dB classe A5 selon la norme DIN EN 1793-1, ZTV LSW 06<\/li>\n<li>Isolation acoustique 49dB, classe B4 selon DIN EN 1793-2, ZTV LSW 06<\/li>\n<\/ul>\n<h4>Mat\u00e9riau de remplissage<\/h4>\n<p>Propri\u00e9t\u00e9s d&rsquo;absorption acoustique avec un remplissage de pierres grossi\u00e8res d\u2019une granulom\u00e9trie de 63\/125 mm<\/p>\n<p>Pour des exigences plus \u00e9lev\u00e9es, remplissage d\u2019un compartiment externe avec de la pouzzolane poreuse<\/p>\n<p>Qualit\u00e9 du b\u00e9ton selon les exigences du plan d&rsquo;ex\u00e9cution, par exemple C20\/25<\/p>\n<h4>Vous avez le choix:<\/h4>\n<p>Taille du cage standard<\/p>\n<ul>\n<li>200 x 100 x 100 cm<\/li>\n<li>200 x 100 x 50 cm<\/li>\n<li>150 x 100 x 100cm<\/li>\n<li>150 x 100 x 50cm<\/li>\n<li>100 x 100 x 100 cm<\/li>\n<li>100 x 100 x 50 cm<\/li>\n<\/ul>\n","protected":false},"excerpt":{"rendered":"<p>Ecran antibruit en gabions avec un noyau de beton SilentR\u00ae est un syst\u00e8me de cage compartiment\u00e9e compos\u00e9 d\u2019\u00e9l\u00e9ments du syst\u00e8me monotecR\u00ae avec boucles soud\u00e9es et tiges-goupilles.<span class=\"excerpt-hellip\"> [\u2026]<\/span><\/p>\n","protected":false},"author":1,"featured_media":11753,"parent":0,"menu_order":0,"comment_status":"closed","ping_status":"closed","template":"","meta":{"footnotes":""},"class_list":["post-7862","page","type-page","status-publish","has-post-thumbnail","hentry"],"_links":{"self":[{"href":"https:\/\/www.rothfuss-bestgabion.de\/fr\/wp-json\/wp\/v2\/pages\/7862","targetHints":{"allow":["GET"]}}],"collection":[{"href":"https:\/\/www.rothfuss-bestgabion.de\/fr\/wp-json\/wp\/v2\/pages"}],"about":[{"href":"https:\/\/www.rothfuss-bestgabion.de\/fr\/wp-json\/wp\/v2\/types\/page"}],"author":[{"embeddable":true,"href":"https:\/\/www.rothfuss-bestgabion.de\/fr\/wp-json\/wp\/v2\/users\/1"}],"replies":[{"embeddable":true,"href":"https:\/\/www.rothfuss-bestgabion.de\/fr\/wp-json\/wp\/v2\/comments?post=7862"}],"version-history":[{"count":2,"href":"https:\/\/www.rothfuss-bestgabion.de\/fr\/wp-json\/wp\/v2\/pages\/7862\/revisions"}],"predecessor-version":[{"id":12545,"href":"https:\/\/www.rothfuss-bestgabion.de\/fr\/wp-json\/wp\/v2\/pages\/7862\/revisions\/12545"}],"wp:featuredmedia":[{"embeddable":true,"href":"https:\/\/www.rothfuss-bestgabion.de\/fr\/wp-json\/wp\/v2\/media\/11753"}],"wp:attachment":[{"href":"https:\/\/www.rothfuss-bestgabion.de\/fr\/wp-json\/wp\/v2\/media?parent=7862"}],"curies":[{"name":"wp","href":"https:\/\/api.w.org\/{rel}","templated":true}]}}