{"id":3602,"date":"2017-02-20T01:31:47","date_gmt":"2017-02-20T01:31:47","guid":{"rendered":"https:\/\/www.rothfuss-bestgabion.de\/blicks-professional"},"modified":"2023-01-03T14:18:49","modified_gmt":"2023-01-03T13:18:49","slug":"blicks-professional-2","status":"publish","type":"page","link":"https:\/\/www.rothfuss-bestgabion.de\/fr\/blicks-professional-2","title":{"rendered":"BLICKS Professional"},"content":{"rendered":"<h4>Syst\u00e8me de cl\u00f4ture de haute qualit\u00e9, compos\u00e9 de panneaux de treillis (ZnAl) et de poteaux galvanis\u00e9s.<\/h4>\n<ul>\n<li style=\"list-style-type: none;\">\n<ul>\n<li style=\"text-align: left;\">Installation facile<\/li>\n<li style=\"text-align: left;\">\u00c9conomique<\/li>\n<li style=\"text-align: left;\">Ajustement sur le site d\u2019installation possible<\/li>\n<\/ul>\n<\/li>\n<\/ul>\n<ul>\n<li style=\"list-style-type: none;\"><\/li>\n<\/ul>\n<h4>Utilisation<\/h4>\n<ul>\n<li style=\"list-style-type: none;\">\n<ul>\n<li style=\"text-align: left;\">Mur de cl\u00f4ture<\/li>\n<li style=\"text-align: left;\">Cl\u00f4ture de jardin<\/li>\n<li style=\"text-align: left;\">Cl\u00f4ture de s\u00e9curit\u00e9<\/li>\n<li style=\"text-align: left;\">Brise-vue<\/li>\n<\/ul>\n<\/li>\n<\/ul>\n<ul>\n<li style=\"list-style-type: none;\"><\/li>\n<\/ul>\n<ul>\n<li style=\"list-style-type: none;\"><\/li>\n<\/ul>\n<h4>Informations generales<\/h4>\n<ul>\n<li style=\"list-style-type: none;\">\n<ul>\n<li style=\"text-align: left;\">Panneaux de treillis, \u00e9lectro-soud\u00e9s par point, de fil d\u2019acier, rev\u00eatu de zinc-aluminium (95% zinc, 5% aluminium)<\/li>\n<li style=\"text-align: left;\">Largeur de cl\u00f4ture 23 ou 30cm<\/li>\n<li style=\"text-align: left;\">Mailles de 2,5x10cm, 5x10cm ou 5x20cm<\/li>\n<li style=\"text-align: left;\">Disponibles en diff\u00e9rentes dimensions<\/li>\n<li style=\"text-align: left;\">Montages comme gabion ind\u00e9pendant, comme cl\u00f4ture continue ou cl\u00f4ture \u00e0 angles droits, possibles sans ajout d\u2019\u00e9l\u00e9ments d\u2019assemblage.<\/li>\n<li style=\"text-align: left;\">R\u00e9sistance des fils: 450 N\/mm\u00b2 min.<\/li>\n<li style=\"text-align: left;\">Test de bouillard salin de 3000h conform\u00e9ment \u00e0 la norme DIN EN ISO 9227-NSS<\/li>\n<li style=\"text-align: left;\">Panneaux pr\u00e9-fabriqu\u00e9s \u00e0 accrocher<\/li>\n<li style=\"text-align: left;\">Chaque module est pourvu de 2 poteaux \u00e0 sceller dans les fondations. En option, ces poteaux peuvent \u00eatre \u00e9quip\u00e9s de platines de fixation soud\u00e9es.<\/li>\n<li style=\"text-align: left;\">Votre choix de pierres d\u00e9coratives<\/li>\n<li style=\"text-align: left;\">Prolongement possible par des modules d\u2018extension<\/li>\n<\/ul>\n<\/li>\n<\/ul>\n<ul>\n<li style=\"list-style-type: none;\"><\/li>\n<\/ul>\n<ul>\n<li style=\"list-style-type: none;\"><\/li>\n<\/ul>\n<ul>\n<li style=\"list-style-type: none;\"><\/li>\n<\/ul>\n<ul>\n<li style=\"list-style-type: none;\"><\/li>\n<\/ul>\n<ul>\n<li style=\"list-style-type: none;\"><\/li>\n<\/ul>\n<ul>\n<li style=\"list-style-type: none;\"><\/li>\n<\/ul>\n<ul>\n<li style=\"list-style-type: none;\"><\/li>\n<\/ul>\n<ul>\n<li style=\"list-style-type: none;\"><\/li>\n<\/ul>\n<ul>\n<li style=\"list-style-type: none;\"><\/li>\n<\/ul>\n<h4>Remplissage en pierres<\/h4>\n<p>Les gabions sont remplis d\u2019un mat\u00e9riau pierreux ing\u00e9lif, insensible aux conditions atmosph\u00e9riques et \u00e9galement suffisamment r\u00e9sistant \u00e0 la compression. Pour \u00e9viter que les pierres ne passent au travers des mailles, elles doivent \u00eatre de taille sup\u00e9rieure au maillage.<\/p>\n<h4>Module de base<\/h4>\n<p>Le module de base (\u00e0 gauche sur l&rsquo;image) se compose d\u2019un kit complet: panneaux lat\u00e9raux, panneaux de fa\u00e7ade, couvercle, crochets de fixation, \u00e9carteurs et poteaux \u00e0 sceller dans le b\u00e9ton. Pour ancrer les poteaux, vous avez la possibilit\u00e9 de commander en suppl\u00e9ment une platine de fixation soud\u00e9e \u00e0 ces poteaux.<\/p>\n<h4>Module d&rsquo;extension<\/h4>\n<p>Le module d\u2019extension (\u00e0 droite sur l&rsquo;image) est livr\u00e9 sans les panneaux lat\u00e9raux, car ils sont d\u00e9j\u00e0 inclus dans le module de base.<\/p>\n<h4>Notes techniques<\/h4>\n<p>Une analyse professionnelle du sol doit plus particuli\u00e8rement \u00eatre effectu\u00e9e. Les fondations doivent \u00eatre r\u00e9alis\u00e9es \u00e0 l\u2019abri du gel et sur un terrain porteur, en b\u00e9ton C25\/30. Ces instructions doivent \u00eatre adapt\u00e9es au dimensionnement ainsi qu\u2019aux particularit\u00e9s du lieu d\u2019installation.<\/p>\n<h4 class=\"p1\"><strong>Vous avez le choix:<\/strong><\/h4>\n","protected":false},"excerpt":{"rendered":"<p>Syst\u00e8me de cl\u00f4ture de haute qualit\u00e9, compos\u00e9 de panneaux de treillis (ZnAl) et de poteaux galvanis\u00e9s. Installation facile \u00c9conomique Ajustement sur le site d\u2019installation possible Utilisation<span class=\"excerpt-hellip\"> [\u2026]<\/span><\/p>\n","protected":false},"author":1,"featured_media":0,"parent":0,"menu_order":0,"comment_status":"closed","ping_status":"closed","template":"","meta":{"footnotes":""},"class_list":["post-3602","page","type-page","status-publish","hentry"],"_links":{"self":[{"href":"https:\/\/www.rothfuss-bestgabion.de\/fr\/wp-json\/wp\/v2\/pages\/3602","targetHints":{"allow":["GET"]}}],"collection":[{"href":"https:\/\/www.rothfuss-bestgabion.de\/fr\/wp-json\/wp\/v2\/pages"}],"about":[{"href":"https:\/\/www.rothfuss-bestgabion.de\/fr\/wp-json\/wp\/v2\/types\/page"}],"author":[{"embeddable":true,"href":"https:\/\/www.rothfuss-bestgabion.de\/fr\/wp-json\/wp\/v2\/users\/1"}],"replies":[{"embeddable":true,"href":"https:\/\/www.rothfuss-bestgabion.de\/fr\/wp-json\/wp\/v2\/comments?post=3602"}],"version-history":[{"count":3,"href":"https:\/\/www.rothfuss-bestgabion.de\/fr\/wp-json\/wp\/v2\/pages\/3602\/revisions"}],"predecessor-version":[{"id":9097,"href":"https:\/\/www.rothfuss-bestgabion.de\/fr\/wp-json\/wp\/v2\/pages\/3602\/revisions\/9097"}],"wp:attachment":[{"href":"https:\/\/www.rothfuss-bestgabion.de\/fr\/wp-json\/wp\/v2\/media?parent=3602"}],"curies":[{"name":"wp","href":"https:\/\/api.w.org\/{rel}","templated":true}]}}