{"id":3500,"date":"2018-06-18T00:03:19","date_gmt":"2018-06-18T00:03:19","guid":{"rendered":"https:\/\/www.rothfuss-bestgabion.de?page_id=3500"},"modified":"2024-09-19T14:43:28","modified_gmt":"2024-09-19T12:43:28","slug":"impressum","status":"publish","type":"page","link":"https:\/\/www.rothfuss-bestgabion.de\/fr\/impressum","title":{"rendered":"Mentions l\u00e9gales"},"content":{"rendered":"<p>D\u00e9claration en vertu du \u00a7\u00a05 de la loi allemande sur les t\u00e9l\u00e9m\u00e9dias (TMG)<\/p>\n<p>Rothfuss Best Gabion GmbH &amp; Co. KG<\/p>\n<p>Dr.-Oetker-Stra\u00dfe 30<\/p>\n<p>54516 Wittlich<\/p>\n<p><strong>Repr\u00e9sent\u00e9e par <\/strong><\/p>\n<p>repr\u00e9sent\u00e9e par l\u2019associ\u00e9e g\u00e9rante:<\/p>\n<p>Best Metall Verwaltungs GmbH, Amtsgericht Wittlich, HRB 40806 (responsable<\/p>\n<p>personnellement), elle-m\u00eame repr\u00e9sent\u00e9e par son\/ses g\u00e9rant(s): Axel Friedhoff<\/p>\n<p><strong>Contact <\/strong><\/p>\n<p>T\u00e9l\u00e9phone:\u00a0\u00a0 +49 6571 \/ 95233-0<\/p>\n<p>Fax: \u00a0\u00a0\u00a0\u00a0\u00a0\u00a0\u00a0\u00a0\u00a0\u00a0\u00a0\u00a0\u00a0\u00a0 +49 6571 \/ 95233-55<\/p>\n<p>E-mail\u00a0:\u00a0\u00a0\u00a0 \u00a0\u00a0\u00a0\u00a0\u00a0 \u00a0\u00a0\u00a0\u00a0\u00a0\u00a0\u00a0\u00a0\u00a0\u00a0\u00a0 kontakt@rbg.eu<\/p>\n<p>Adresse Internet\u00a0:\u00a0\u00a0 http:\/\/www.rothfuss-bestgabion.de<\/p>\n<p><strong>Inscription au registre <\/strong><\/p>\n<p>Immatriculation au registre du commerce<\/p>\n<p>Num\u00e9ro d\u2019immatriculation: HRA 40336<\/p>\n<p>Tribunal d\u2019enregistrement: Tribunal cantonal: 54516 Wittlich<\/p>\n<p><strong>Num\u00e9ro de TVA intracommunautaire <\/strong><\/p>\n<p>Num\u00e9ro de TVA en vertu du \u00a7\u00a027 a de la loi allemande relative \u00e0 la taxe sur le chiffre d&rsquo;affaires DE 261 309 350<\/p>\n<p><strong>Exclusion de responsabilit\u00e9 <\/strong><\/p>\n<p><strong>Responsabilit\u00e9 relative aux contenus <\/strong><\/p>\n<p>En tant que fournisseur de services et en vertu du \u00a7 7 al. 1 TMG, nous sommes responsables de nos propres contenus figurant sur ce site selon les dispositions l\u00e9gales g\u00e9n\u00e9rales en vigueur. En vertu des \u00a7 8 \u00e0 10 TMG, nous ne sommes toutefois pas tenus, en tant que fournisseur de services, de surveiller les informations tierces qui sont transmises ou stock\u00e9es, ni de rechercher activement des circonstances<\/p>\n<p>r\u00e9v\u00e9lant des activit\u00e9s illicites.<\/p>\n<p>L\u2019obligation de supprimer ou de bloquer l\u2019acc\u00e8s \u00e0 ces informations en vertu des<\/p>\n<p>dispositions l\u00e9gales g\u00e9n\u00e9rales en vigueur n\u2019en est pas affect\u00e9e. Notre responsabilit\u00e9 sur ce point ne peut toutefois \u00eatre engag\u00e9e qu\u2019\u00e0 compter du moment o\u00f9 une infraction concr\u00e8te a \u00e9t\u00e9 \u00e9tablie.<\/p>\n<p>Nous nous engageons \u00e0 supprimer imm\u00e9diatement ces contenus d\u00e8s l&rsquo;instant o\u00f9 nous aurons connaissance de telles infractions.<\/p>\n<p><strong>Responsabilit\u00e9 relative aux liens <\/strong><\/p>\n<p>Notre offre contient des liens vers des sites Internet tiers, sur les contenus desquels nous n\u2019exer\u00e7ons aucun contr\u00f4le. C\u2019est pourquoi nous d\u00e9clinons toute responsabilit\u00e9<\/p>\n<p>quant \u00e0 ces contenus tiers. Les fournisseurs ou les gestionnaires des sites \u00e9f\u00e9renc\u00e9s<\/p>\n<p>sont seuls responsables de leurs contenus. Lors de la mise en place des liens vers ces sites, des v\u00e9rifications ont \u00e9t\u00e9 effectu\u00e9es pour y d\u00e9celer d\u2019\u00e9ventuelles violations du droit. Aucun contenu illicite n\u2019a \u00e9t\u00e9 identifi\u00e9 lors de la mise en place des liens.<\/p>\n<p>Il n\u2019est toutefois pas possible de contr\u00f4ler en permanence les contenus des sites r\u00e9f\u00e9renc\u00e9s sans indice concret d&rsquo;une violation du droit. Si nous avons connaissance de violations du droit, nous nous engageons \u00e0 supprimer imm\u00e9diatement les liens vers les sites concern\u00e9s.<\/p>\n<p><strong>Droits d&rsquo;auteur <\/strong><\/p>\n<p>Les contenus et \u0153uvres mis en ligne par l\u2019exploitant du site sont soumis \u00e0 la l\u00e9gislation allemande relative aux droits d&rsquo;auteur.\u00a0 La reproduction, l&rsquo;adaptation,<\/p>\n<p>la diffusion ou toute forme d&rsquo;exploitation d\u00e9passant les limites du droit d&rsquo;auteur<\/p>\n<p>n\u00e9cessitent l&rsquo;autorisation \u00e9crite de l&rsquo;auteur ou du cr\u00e9ateur. Le t\u00e9l\u00e9chargement et la copie des pages de ce site sont uniquement autoris\u00e9s pour un usage priv\u00e9 et non commercial.<\/p>\n<p>S\u2019agissant des contenus mis en ligne sur ce site et qui n&rsquo;ont pas \u00e9t\u00e9 cr\u00e9\u00e9s par son exploitant, il est tenu compte des droits d&rsquo;auteur de tiers. En particulier, les contenus de tiers sont signal\u00e9s comme tels. Si toutefois vous constatiez une violation de droits d&rsquo;auteur, nous vous prions de nous en informer. Si nous avons connaissance de<\/p>\n<p>violations du droit, nous nous engageons \u00e0 supprimer imm\u00e9diatement les contenus concern\u00e9s.<\/p>\n<p><strong>Politique de confidentialit\u00e9 <\/strong><\/p>\n<p><strong>Protection des donn\u00e9es <\/strong><\/p>\n<p>L\u2019exploitant du site est tr\u00e8s attach\u00e9 \u00e0 la protection de vos donn\u00e9es personnelles.<\/p>\n<p>Nous traitons vos donn\u00e9es \u00e0 caract\u00e8re personnel de mani\u00e8re confidentielle et conform\u00e9ment aux prescriptions du droit applicable \u00e0 la protection des donn\u00e9es et \u00e0 la pr\u00e9sente d\u00e9claration.<\/p>\n<p>En principe, l&rsquo;utilisation de notre site Internet ne n\u00e9cessite pas de fournir des<\/p>\n<p>donn\u00e9es \u00e0 caract\u00e8re personnel. Les donn\u00e9es \u00e0 caract\u00e8re personnel (comme votre<\/p>\n<p>nom, votre adresse postale ou votre adresse e-mail) qui sont collect\u00e9es sur notre site le sont, dans la mesure du possible, sur la base du volontariat. Ces donn\u00e9es ne seront pas transmises \u00e0 des tiers sans votre consentement explicite.<\/p>\n<p>Nous attirons votre attention sur le fait que la transmission de donn\u00e9es par Internet (par ex., lors d&rsquo;une communication par e-mail) peut pr\u00e9senter des failles de s\u00e9curit\u00e9. Il n\u2019est pas possible de garantir une protection sans failles de vos donn\u00e9es contre un acc\u00e8s par des tiers.<\/p>\n<p><strong>Politique de confidentialit\u00e9 relative \u00e0 l&rsquo;utilisation de plug-ins Facebook (bouton \u00ab\u00a0J\u2019aime\u00a0\u00bb) <\/strong><\/p>\n<p>Notre site int\u00e8gre des plug-ins du r\u00e9seau social Facebook, dont le fournisseur est<\/p>\n<p>Facebook Inc., 1 Hacker Way, Menlo Park, Californie 94025, USA. Les plug-ins Facebook se reconnaissent au logo Facebook ou au bouton \u00ab\u00a0J\u2019aime\u00a0\u00bb qui figurent sur notre site. Vous trouverez un aper\u00e7u des plug-ins Facebook ici\u00a0: <u>http:\/\/developers.facebook.com\/docs\/plugins\/. <\/u><\/p>\n<p>Lorsque vous consultez notre site, le plug-in \u00e9tablit une connexion directe entre votre navigateur et le serveur Facebook. Facebook est ainsi inform\u00e9 que vous avez acc\u00e9d\u00e9 \u00e0 notre site avec votre adresse IP. Si vous cliquez sur le bouton \u00ab\u00a0J\u2019aime\u00a0\u00bb de Facebook pendant que vous \u00eates connect\u00e9 \u00e0 votre compte Facebook, vous pouvez r\u00e9f\u00e9rencer des contenus de notre site sur votre profil Facebook. Facebook peut ainsi associer votre consultation de notre site \u00e0 votre compte d&rsquo;utilisateur. Nous attirons votre attention sur le fait que, en tant que fournisseurs du site, nous n&rsquo;avons pas connaissance du contenu des donn\u00e9es transmises ni de l&rsquo;utilisation qui en est faite par Facebook. Pour plus d&rsquo;informations, veuillez consulter la politique de confidentialit\u00e9 de Facebook \u00e0 l\u2019adresse <u>http:\/\/de-de.facebook.com\/policy.php<\/u>.<\/p>\n<p>Si vous ne souhaitez pas que Facebook puisse associer la consultation de notre site<\/p>\n<p>\u00e0 votre compte d\u2019utilisateur Facebook, veuillez vous d\u00e9connecter de votre compte d\u2019utilisateur Facebook.<\/p>\n<p><strong>Politique de confidentialit\u00e9 relative \u00e0 l\u2019utilisation de Google Analytics <\/strong><\/p>\n<p>Ce site Internet utilise des fonctionnalit\u00e9s du service d\u2019analyse Internet Google Analytics, dont le fournisseur est Google Inc., 1600 Amphitheatre Parkway Mountain View, CA 94043, USA.<\/p>\n<p>Google Analytics utilise des \u00ab\u00a0cookies\u00a0\u00bb, qui sont de petits fichiers textes enregistr\u00e9s sur votre ordinateur et permettant une analyse de l&rsquo;utilisation que vous faites du site Internet. Les informations recueillies \u00e0 l\u2019aide des cookies sur votre utilisation du site Internet sont g\u00e9n\u00e9ralement transmises \u00e0 un serveur de Google aux USA, o\u00f9 elles sont sauvegard\u00e9es.<\/p>\n<p>Vous trouverez plus d&rsquo;informations sur le traitement de vos donn\u00e9es d&rsquo;utilisateur par Google Analytics dans la politique de confidentialit\u00e9 de Google \u00e0 l\u2019adresse\u00a0: <u>https:\/\/support.google.com\/analytics\/answer\/6004245?hl=fr <\/u><\/p>\n<p><strong>Module compl\u00e9mentaire de navigateur <\/strong><\/p>\n<p>Vous pouvez emp\u00eacher l\u2019enregistrement de cookies en modifiant la configuration du<\/p>\n<p>logiciel de votre navigateur\u00a0; nous vous signalons toutefois que, dans ce cas, vous ne pourrez peut-\u00eatre pas utiliser toutes les fonctionnalit\u00e9s de ce site Internet.\u00a0 Vous pouvez \u00e9galement emp\u00eacher la collecte des donn\u00e9es relatives \u00e0 votre utilisation du site Internet g\u00e9n\u00e9r\u00e9es par les cookies (dont votre adresse IP) sur Google ainsi que le traitement de ces donn\u00e9es par Google en t\u00e9l\u00e9chargeant et en installant le module compl\u00e9mentaire de navigateur disponible au lien ci-apr\u00e8s: <u>https:\/\/tools.google.com\/dlpage\/gaoptout?hl=fr <\/u><\/p>\n<p><strong>Opposition \u00e0 la collecte de donn\u00e9es <\/strong><\/p>\n<p>Vous pouvez vous opposer \u00e0 la collecte de vos donn\u00e9es par Google Analytics en<\/p>\n<p>cliquant sur le lien ci-apr\u00e8s. Cela installera un cookie de d\u00e9sactivation qui emp\u00eachera la collecte de vos donn\u00e9es lors de vos futures consultations de ce site Internet\u00a0: <a>d\u00e9sactiver Google Analytics<\/a><\/p>\n<p><strong>Traitement de donn\u00e9es de commandes <\/strong><\/p>\n<p>Nous avons conclu avec Google un contrat pour le traitement des donn\u00e9es de commandes et appliquons l\u2019ensemble des prescriptions strictes des autorit\u00e9s allemandes charg\u00e9es de la protection des donn\u00e9es lors de l\u2019utilisation de Google Analytics.<\/p>\n<p><strong>Politique de confidentialit\u00e9 relative \u00e0 l\u2019utilisation de Google+ <\/strong><\/p>\n<p>Notre site utilise des fonctionnalit\u00e9s de Google+, dont le fournisseur est Google Inc., 1600 Amphitheatre Parkway Mountain View, CA 94043, USA.<\/p>\n<p>Collecte et transmission d&rsquo;informations: gr\u00e2ce au bouton Google+, vous pouvez publier des informations dans le monde entier. Le bouton Google+ vous permet,<\/p>\n<p>ainsi qu\u2019aux autres utilisateurs, d\u2019acc\u00e9der \u00e0 des contenus personnalis\u00e9s de Google et de nos partenaires. Google stocke non seulement l\u2019information que vous avez attribu\u00e9 un +1 \u00e0 un contenu, mais \u00e9galement des informations relatives \u00e0 la page que vous avez consult\u00e9e en cliquant sur +1. Vos +1 peuvent \u00eatre affich\u00e9s en tant qu\u2019indications avec votre nom de profil et votre photo dans les services Google, par exemple dans les r\u00e9sultats de recherche ou sur votre profil Google, ou en d\u2019autres endroits sur les sites Internet et les annonces sur Internet.<\/p>\n<p>Google enregistre des informations sur vos activit\u00e9s +1 afin d\u2019am\u00e9liorer les services Google\u00a0 pour vous et les autres utilisateurs. Pour pouvoir utiliser Google+,<\/p>\n<p>vous devez disposer d&rsquo;un profil Google public visible dans le monde entier et qui<\/p>\n<p>inclut, au minimum, le nom que vous avez choisi pour votre profil. Ce nom sera utilis\u00e9 dans tous les services Google. Dans certains cas, ce nom pourra remplacer le nom sous lequel vous avez partag\u00e9 un contenu via votre compte Google. L\u2019identit\u00e9 de votre profil Google peut \u00eatre r\u00e9v\u00e9l\u00e9e aux utilisateurs qui connaissent votre adresse e-mail ou disposent d&rsquo;autres informations permettant de vous identifier.<\/p>\n<p>Utilisation des informations collect\u00e9es Outre les utilisations pr\u00e9cis\u00e9es ci-dessus,<\/p>\n<p>les informations que vous mettez \u00e0 disposition sont utilis\u00e9es conform\u00e9ment aux r\u00e8gles de confidentialit\u00e9 de Google. Google est susceptible de publier des statistiques relatives \u00e0 l&rsquo;activit\u00e9 Google+ des utilisateurs ou de les communiquer \u00e0 des utilisateurs ou des partenaires, \u00e0 savoir des \u00e9diteurs, des annonceurs ou<\/p>\n<p>des sites Internet li\u00e9s.<\/p>\n<p><strong>Politique de confidentialit\u00e9 relative \u00e0 l&rsquo;utilisation d\u2019Instagram <\/strong><\/p>\n<p>Notre site int\u00e8gre des fonctionnalit\u00e9s du service Instagram. Ces fonctionnalit\u00e9s sont offertes par Instagram Inc., 1601 Willow Road, Menlo Park, CA, 94025, USA.<\/p>\n<p>Lorsque vous \u00eates connect\u00e9 \u00e0 votre compte Instagram, vous pouvez cliquer sur le bouton Instagram pour lier le contenu de nos pages \u00e0 votre profil Instagram. Ainsi, Instagram peut associer la consultation de nos pages \u00e0 votre compte d&rsquo;utilisateur.<\/p>\n<p>Nous vous signalons qu\u2019en tant que fournisseur du site, nous n&rsquo;avons pas connaissance du contenu des donn\u00e9es transmises ou de l&rsquo;utilisation qui en est faite<\/p>\n<p>par Instagram.<\/p>\n<p>Vous trouverez de plus amples informations \u00e0 ce sujet dans la politique de confidentialit\u00e9 d\u2019Instagram: <u>http:\/\/instagram.com\/about\/legal\/privacy\/ <\/u><\/p>\n<p><strong>Politique de confidentialit\u00e9 relative \u00e0 l\u2019utilisation de LinkedIn <\/strong><\/p>\n<p>Notre site Internet utilise des fonctionnalit\u00e9s du r\u00e9seau LinkedIn. Le fournisseur est LinkedIn Corporation, 2029 Stierlin Court, Mountain View, CA 94043, USA. \u00c0 chaque consultation de l\u2019une de nos pages contenant des fonctionnalit\u00e9s de LinkedIn, une connexion est \u00e9tablie avec les serveurs de LinkedIn. LinkedIn est alors inform\u00e9 que vous avez consult\u00e9 notre site Internet avec votre adresse IP. Si vous cliquez sur le bouton \u00ab Recommander \u00bb de LinkedIn et que vous \u00eates connect\u00e9 \u00e0 votre compte LinkedIn, cela permet \u00e0 LinkedIn d\u2019associer votre visite sur notre site Internet \u00e0 vous et \u00e0 votre compte d&rsquo;utilisateur. Nous attirons votre attention sur le fait que, en tant que fournisseurs du site, nous n&rsquo;avons pas connaissance du contenu des donn\u00e9es transmises ni de l&rsquo;utilisation qui en est faite par LinkedIn.<\/p>\n<p>Vous trouverez plus d&rsquo;informations sur la politique de confidentialit\u00e9 de LinkedIn<\/p>\n<p>\u00e0 l\u2019adresse: <u>https:\/\/www.linkedin.com\/legal\/privacy-policy\u00a0 <\/u><\/p>\n<p><strong>Politique de confidentialit\u00e9 relative \u00e0 l\u2019utilisation de Twitter <\/strong><\/p>\n<p>Nos pages contiennent des fonctionnalit\u00e9s du service Twitter. Ces fonctionnalit\u00e9s sont offertes par Twitter Inc., 1355 Market Street, Suite 900, San Francisco, CA 94103, USA.<\/p>\n<p>En utilisant Twitter et la fonction \u00ab\u00a0re-tweeter\u00a0\u00bb, les sites Internet que vous avez consult\u00e9s sont li\u00e9s \u00e0 votre compte Twitter et port\u00e9s \u00e0 la connaissance d&rsquo;autres utilisateurs. Lors de ce processus, des donn\u00e9es sont \u00e9galement transmises \u00e0 Twitter. Nous attirons votre attention sur le fait que, en tant que fournisseurs du site, nous n&rsquo;avons pas connaissance du contenu des donn\u00e9es transmises ou de l&rsquo;utilisation qui en est faite par Twitter. Vous trouverez de plus amples informations \u00e0 ce sujet dans la politique de confidentialit\u00e9 de Twitter \u00e0 l\u2019adresse <u>http:\/\/twitter.com\/privacy<\/u>.<\/p>\n<p>Vous pouvez modifier les param\u00e8tres de confidentialit\u00e9 Twitter dans les param\u00e8tres de votre compte \u00e0 l&rsquo;adresse http:\/\/twitter.com\/account\/settings.<\/p>\n<p><strong>Politique de confidentialit\u00e9 relative \u00e0 l\u2019utilisation de Xing <\/strong><\/p>\n<p>Notre site Internet utilise des fonctionnalit\u00e9s du r\u00e9seau XING. Le fournisseur est XING AG, Dammtorstra\u00dfe 29-32, 20354 Hambourg, Allemagne.<\/p>\n<p>\u00c0 chaque consultation de l\u2019une de nos pages contenant des fonctionnalit\u00e9s de Xing, une connexion est \u00e9tablie avec les serveurs de Xing. \u00c0 notre connaissance, vos donn\u00e9es \u00e0 caract\u00e8re personnel ne sont pas enregistr\u00e9es. En particulier, aucune adresse IP n\u2019est enregistr\u00e9e et les comportements d&rsquo;utilisation ne sont pas exploit\u00e9s.<\/p>\n<p>Vous trouverez plus d&rsquo;informations sur la protection des donn\u00e9es et le bouton de partage de Xing dans la politique de confidentialit\u00e9 de Xing \u00e0 l\u2019adresse <u>https:\/\/www.xing.com\/app\/share?op=data_protection <\/u><\/p>\n<p><strong>Acc\u00e8s, suppression, blocage <\/strong><\/p>\n<p>Vous avez \u00e0 tout moment le droit d&rsquo;obtenir gratuitement l\u2019acc\u00e8s aux donn\u00e9es personnelles vous concernant qui sont stock\u00e9es et d\u2019\u00eatre inform\u00e9 sur leur source, les destinataires et la finalit\u00e9 du traitement des donn\u00e9es, ainsi que le droit d\u2019obtenir la rectification, le blocage et l\u2019effacement de ces donn\u00e9es. Pour plus d\u2019informations sur ce point et sur le th\u00e8me des donn\u00e9es \u00e0 caract\u00e8re personnel, vous pouvez \u00e0 tout moment nous contacter \u00e0 l&rsquo;adresse indiqu\u00e9e dans les mentions l\u00e9gales.<\/p>\n<p><strong>Cookies <\/strong><\/p>\n<p>Les pages Internet peuvent utiliser des cookies. Les cookies sont sans risques pour votre ordinateur et ne contiennent pas de virus. Les cookies nous permettent<\/p>\n<p>d\u2019am\u00e9liorer notre offre en termes de convivialit\u00e9 pour l&rsquo;utilisateur, d\u2019efficacit\u00e9 et de s\u00e9curit\u00e9. Les cookies sont de petits fichiers textes qui sont install\u00e9s sur votre ordinateur et enregistr\u00e9s par votre navigateur.<\/p>\n<p>La majorit\u00e9 des cookies que nous utilisons sont des \u00ab\u00a0cookies de session\u00a0\u00bb.<\/p>\n<p>Ils sont automatiquement supprim\u00e9s \u00e0 l&rsquo;issue de votre visite. D\u2019autres cookies restent<\/p>\n<p>enregistr\u00e9s sur votre appareil jusqu\u2019\u00e0 ce que vous les supprimiez. Ces cookies nous permettent de reconna\u00eetre votre navigateur lors de vos visites ult\u00e9rieures.<\/p>\n<p>Vous pouvez configurer votre navigateur de fa\u00e7on \u00e0 \u00eatre inform\u00e9 de l&rsquo;installation de cookies, autoriser les cookies dans certains cas uniquement, refuser les cookies pour<\/p>\n<p>des cas pr\u00e9cis ou de mani\u00e8re g\u00e9n\u00e9rale, et activer la suppression automatique des<\/p>\n<p>cookies \u00e0 la fermeture de votre navigateur. Si vous d\u00e9sactivez les cookies, les fonctionnalit\u00e9s de ce site Internet pourront \u00eatre limit\u00e9es.<\/p>\n<p><strong>Fichiers journaux de serveurs <\/strong><\/p>\n<p>Le fournisseur du site collecte et enregistre automatiquement des informations dans des fichiers journaux de serveurs que votre navigateur nous transmet automatiquement. Il s\u2019agit\u00a0des informations suivantes:<\/p>\n<ul>\n<li>type et version du navigateur<\/li>\n<li>syst\u00e8me d\u2019exploitation utilis\u00e9<\/li>\n<li>URL r\u00e9f\u00e9rente<\/li>\n<li>nom d\u2019h\u00f4te de l\u2019ordinateur d\u2019acc\u00e8s<\/li>\n<li>heure de la connexion au serveur<\/li>\n<\/ul>\n<p>Ces donn\u00e9es ne peuvent \u00eatre associ\u00e9es \u00e0 une personne d\u00e9termin\u00e9e et ne seront pas recoup\u00e9es avec d&rsquo;autres sources de donn\u00e9es. Nous nous r\u00e9servons le droit<\/p>\n<p>de v\u00e9rifier ces donn\u00e9es ult\u00e9rieurement, si nous avons connaissance d\u2019indices concrets laissant supposer une utilisation illicite.<\/p>\n<p><strong>Formulaire de contact <\/strong><\/p>\n<p>Si vous nous soumettez des questions en utilisant le formulaire de contact, nous conserverons vos donn\u00e9es figurant sur le formulaire, y compris les donn\u00e9es de contact que vous aurez fournies, aux fins du traitement de votre demande et pour toute question ult\u00e9rieure \u00e9ventuelle. Nous ne transmettons pas vos donn\u00e9es sans votre consentement.<\/p>\n<p><strong>Opposition aux courriers publicitaires <\/strong><\/p>\n<p>L&rsquo;utilisation de donn\u00e9es de contact publi\u00e9es dans le cadre des mentions l\u00e9gales<\/p>\n<p>pour l\u2019envoi de publicit\u00e9s et de supports d&rsquo;information non sollicit\u00e9s est express\u00e9ment interdite. Les exploitants du site se r\u00e9servent le droit d\u2019engager des poursuites en cas d\u2019envoi non sollicit\u00e9 d&rsquo;informations publicitaires, par exemple par des spams.<\/p>\n<p><strong>Donn\u00e9es de newsletter <\/strong><\/p>\n<p>Si vous souhaitez recevoir la newsletter propos\u00e9e sur le site Internet, nous avons besoin de votre adresse e-mail ainsi que d&rsquo;informations nous permettant de v\u00e9rifier que vous \u00eates bien le propri\u00e9taire de l\u2019adresse e-mail fournie et que vous consentez \u00e0 recevoir la newsletter. Aucune autre donn\u00e9e ne sera collect\u00e9e. Nous utilisons ces donn\u00e9es uniquement pour vous envoyer les informations demand\u00e9es et ne les transmettrons pas \u00e0 des tiers.<\/p>\n<p>Le consentement donn\u00e9 pour la conservation des donn\u00e9es et de l\u2019adresse e-mail ainsi que pour leur utilisation aux fins de l\u2019envoi de la newsletter peut \u00eatre retir\u00e9 \u00e0 tout moment en utilisant le lien pr\u00e9vu \u00e0 cet effet dans la newsletter.<\/p>\n<p><strong>D\u00e9l\u00e9gu\u00e9 \u00e0 la protection des donn\u00e9es <\/strong><\/p>\n<p>Monsieur Fritz Friedhoff<\/p>\n<p>T\u00e9l\u00e9phone: \u00a0 +49 (0) 6571 \/ 95 233-60<\/p>\n<p>Fax: \u00a0\u00a0 \u00a0\u00a0\u00a0\u00a0\u00a0\u00a0\u00a0\u00a0\u00a0\u00a0\u00a0 +49 (0) 6571 \/ 95 233-250<\/p>\n<p>E-mail :\u00a0\u00a0\u00a0\u00a0\u00a0\u00a0 \u00a0 fritz.friedhoff@rbg.eu<\/p>\n<p>Rothfuss Best Gabion GmbH &amp; Co. KG<\/p>\n<p>Dr.-Oetker-Stra\u00dfe 30<\/p>\n<p>D-54516 Wittlich<\/p>\n<p>Ce texte a \u00e9t\u00e9 traduit de l\u2019allemand. En cas de doute, merci de vous r\u00e9f\u00e9rer \u00e0 la version originale.<\/p>\n","protected":false},"excerpt":{"rendered":"<p>D\u00e9claration en vertu du \u00a7\u00a05 de la loi allemande sur les t\u00e9l\u00e9m\u00e9dias (TMG) Rothfuss Best Gabion GmbH &amp; Co. KG Dr.-Oetker-Stra\u00dfe 30 54516 Wittlich Repr\u00e9sent\u00e9e par<span class=\"excerpt-hellip\"> [\u2026]<\/span><\/p>\n","protected":false},"author":1,"featured_media":0,"parent":0,"menu_order":0,"comment_status":"closed","ping_status":"closed","template":"","meta":{"footnotes":""},"class_list":["post-3500","page","type-page","status-publish","hentry"],"_links":{"self":[{"href":"https:\/\/www.rothfuss-bestgabion.de\/fr\/wp-json\/wp\/v2\/pages\/3500","targetHints":{"allow":["GET"]}}],"collection":[{"href":"https:\/\/www.rothfuss-bestgabion.de\/fr\/wp-json\/wp\/v2\/pages"}],"about":[{"href":"https:\/\/www.rothfuss-bestgabion.de\/fr\/wp-json\/wp\/v2\/types\/page"}],"author":[{"embeddable":true,"href":"https:\/\/www.rothfuss-bestgabion.de\/fr\/wp-json\/wp\/v2\/users\/1"}],"replies":[{"embeddable":true,"href":"https:\/\/www.rothfuss-bestgabion.de\/fr\/wp-json\/wp\/v2\/comments?post=3500"}],"version-history":[{"count":4,"href":"https:\/\/www.rothfuss-bestgabion.de\/fr\/wp-json\/wp\/v2\/pages\/3500\/revisions"}],"predecessor-version":[{"id":19182,"href":"https:\/\/www.rothfuss-bestgabion.de\/fr\/wp-json\/wp\/v2\/pages\/3500\/revisions\/19182"}],"wp:attachment":[{"href":"https:\/\/www.rothfuss-bestgabion.de\/fr\/wp-json\/wp\/v2\/media?parent=3500"}],"curies":[{"name":"wp","href":"https:\/\/api.w.org\/{rel}","templated":true}]}}