{"id":3197,"date":"2017-08-17T23:43:24","date_gmt":"2017-08-17T23:43:24","guid":{"rendered":"http:\/\/www.rothfuss-bestgabion.de\/?page_id=3197"},"modified":"2026-03-16T10:31:52","modified_gmt":"2026-03-16T09:31:52","slug":"downloads-2","status":"publish","type":"page","link":"https:\/\/www.rothfuss-bestgabion.de\/fr\/downloads-2","title":{"rendered":"T\u00e9l\u00e9chargements"},"content":{"rendered":"<p>Saviez-vous&nbsp;que nos gabions \u00e0 assemblage rapide et s\u00e9curis\u00e9&nbsp;<strong>monotec<span style=\"color: #d42e12;\">R<\/span><\/strong><sup>\u00ae&nbsp;<\/sup>sont con\u00e7us de sorte qu\u2019aucun about saillant ne d\u00e9passe de la cage et que leurs tiges goupilles sont inamovibles apr\u00e8s le remplissage de pierre ? Pour une installation s\u00e9curis\u00e9e, efficace et professionnelle, nous avons r\u00e9dig\u00e9 des instructions d\u2019assemblage \u00e0 t\u00e9l\u00e9charger ici.<\/p>\n<p>Vous trouverez par ailleurs sur cette page les documents d\u2019appel d\u2019offre pour nos produits Rothfuss Best Gabion, qui&nbsp;faciliteront la r\u00e9daction et le traitement de vos CCTP. Vous pouvez int\u00e9grer notre exp\u00e9rience \u00e0 vos r\u00e9flexions et \u00e0 planification d\u2019ex\u00e9cution technique d\u00e8s le d\u00e9but. Nous pouvons ainsi vous soutenir de mani\u00e8re optimale \u00e0 travers des conseils individuels et personnalis\u00e9s.<\/p>\n<p>Pour ouvrir les fichiers PDF, vous avez besoin du lecteur Acrobat Reader, que vous pouvez t\u00e9l\u00e9charger ici gratuitement: <a href=\"https:\/\/get.adobe.com\/reader\/?loc=de\" target=\"_blank\" rel=\"noopener noreferrer\">Adobe Acrobat Reader<\/a><\/p>\n","protected":false},"excerpt":{"rendered":"<p>Saviez-vous&nbsp;que nos gabions \u00e0 assemblage rapide et s\u00e9curis\u00e9&nbsp;monotecR\u00ae&nbsp;sont con\u00e7us de sorte qu\u2019aucun about saillant ne d\u00e9passe de la cage et que leurs tiges goupilles sont inamovibles<span class=\"excerpt-hellip\"> [\u2026]<\/span><\/p>\n","protected":false},"author":1,"featured_media":9433,"parent":0,"menu_order":0,"comment_status":"closed","ping_status":"closed","template":"","meta":{"footnotes":""},"class_list":["post-3197","page","type-page","status-publish","has-post-thumbnail","hentry"],"_links":{"self":[{"href":"https:\/\/www.rothfuss-bestgabion.de\/fr\/wp-json\/wp\/v2\/pages\/3197","targetHints":{"allow":["GET"]}}],"collection":[{"href":"https:\/\/www.rothfuss-bestgabion.de\/fr\/wp-json\/wp\/v2\/pages"}],"about":[{"href":"https:\/\/www.rothfuss-bestgabion.de\/fr\/wp-json\/wp\/v2\/types\/page"}],"author":[{"embeddable":true,"href":"https:\/\/www.rothfuss-bestgabion.de\/fr\/wp-json\/wp\/v2\/users\/1"}],"replies":[{"embeddable":true,"href":"https:\/\/www.rothfuss-bestgabion.de\/fr\/wp-json\/wp\/v2\/comments?post=3197"}],"version-history":[{"count":7,"href":"https:\/\/www.rothfuss-bestgabion.de\/fr\/wp-json\/wp\/v2\/pages\/3197\/revisions"}],"predecessor-version":[{"id":4152,"href":"https:\/\/www.rothfuss-bestgabion.de\/fr\/wp-json\/wp\/v2\/pages\/3197\/revisions\/4152"}],"wp:featuredmedia":[{"embeddable":true,"href":"https:\/\/www.rothfuss-bestgabion.de\/fr\/wp-json\/wp\/v2\/media\/9433"}],"wp:attachment":[{"href":"https:\/\/www.rothfuss-bestgabion.de\/fr\/wp-json\/wp\/v2\/media?parent=3197"}],"curies":[{"name":"wp","href":"https:\/\/api.w.org\/{rel}","templated":true}]}}