{"id":3193,"date":"2017-08-17T23:36:05","date_gmt":"2017-08-17T23:36:05","guid":{"rendered":"http:\/\/www.rothfuss-bestgabion.de\/?page_id=3193"},"modified":"2019-03-07T11:00:22","modified_gmt":"2019-03-07T10:00:22","slug":"revetement-mural","status":"publish","type":"page","link":"https:\/\/www.rothfuss-bestgabion.de\/fr\/revetement-mural","title":{"rendered":"Habillage de fa\u00e7ade en gabion"},"content":{"rendered":"<h4>Pour l\u2019ornementation et la personnalisation de vos constructions<\/h4>\n<ul>\n<li style=\"text-align: left;\">Fa\u00e7ades en pierres naturelles d\u2018un look nouveau et harmonieux<\/li>\n<li style=\"text-align: left;\">Syst\u00e8me de haute technicit\u00e9<\/li>\n<li style=\"text-align: left;\">Remplissage des cages au sol sur chantier<\/li>\n<li style=\"text-align: left;\">Fixation des cages dans un syst\u00e8me de rails \u00e9prouv\u00e9<\/li>\n<li style=\"text-align: left;\">Fixation directement sur le mur en b\u00e9ton arm\u00e9<\/li>\n<li style=\"text-align: left;\">Aucune fondation n\u00e9cessaire puisque la charge s\u2018applique directement sur le mur ext\u00e9rieur<\/li>\n<\/ul>\n<p>Notre habillage de fa\u00e7ade en gabion permet de personnaliser vos murs de b\u00e9ton par des finitions exceptionnelles et uniques.<\/p>\n<h4>Utilisation<\/h4>\n<ul>\n<li style=\"text-align: left;\">Habillage de b\u00e2timents et de murs<\/li>\n<\/ul>\n<h4>Informations g\u00e9n\u00e9rales<\/h4>\n<ul>\n<li style=\"text-align: left;\">Panneaux de treillis \u00e9l\u00e9ctro-soud\u00e9s par point, en fil d\u2019acier rev\u00eatu de zinc-aluminium (95% zinc, 5% aluminium)<\/li>\n<li style=\"text-align: left;\">Dimensions des cages assembl\u00e9es&nbsp;: 99,5 x 14,5 x 49 cm<\/li>\n<li style=\"text-align: left;\">Diam\u00e8tres des fils du panneaux de treillis : panneaux de fa\u00e7ade \u00d8 3,5 mm, tous les autres \u00d8 4,5 mm, maille 5\u00d710 cm<\/li>\n<li style=\"text-align: left;\">Profondeur totale de construction&nbsp;: 16.5 cm seulement<\/li>\n<li style=\"text-align: left;\">R\u00e9sistance des fils : 450 N\/mm<sup>2 <\/sup>minimum<\/li>\n<li style=\"text-align: left;\">Test de bouillard salin de 3000h conform\u00e9ment \u00e0 la norme DIN EN ISO 9227-NSS<\/li>\n<\/ul>\n<h4>Remplissage en pierre<\/h4>\n<p>Des pierres naturelles de diff\u00e9rentes formes et teintes peuvent \u00eatre utilis\u00e9es pour le remplissage des gabions.<\/p>\n","protected":false},"excerpt":{"rendered":"<p>Pour l\u2019ornementation et la personnalisation de vos constructions Fa\u00e7ades en pierres naturelles d\u2018un look nouveau et harmonieux Syst\u00e8me de haute technicit\u00e9 Remplissage des cages au sol<span class=\"excerpt-hellip\"> [\u2026]<\/span><\/p>\n","protected":false},"author":1,"featured_media":9569,"parent":0,"menu_order":0,"comment_status":"closed","ping_status":"closed","template":"","meta":{"footnotes":""},"class_list":["post-3193","page","type-page","status-publish","has-post-thumbnail","hentry"],"_links":{"self":[{"href":"https:\/\/www.rothfuss-bestgabion.de\/fr\/wp-json\/wp\/v2\/pages\/3193","targetHints":{"allow":["GET"]}}],"collection":[{"href":"https:\/\/www.rothfuss-bestgabion.de\/fr\/wp-json\/wp\/v2\/pages"}],"about":[{"href":"https:\/\/www.rothfuss-bestgabion.de\/fr\/wp-json\/wp\/v2\/types\/page"}],"author":[{"embeddable":true,"href":"https:\/\/www.rothfuss-bestgabion.de\/fr\/wp-json\/wp\/v2\/users\/1"}],"replies":[{"embeddable":true,"href":"https:\/\/www.rothfuss-bestgabion.de\/fr\/wp-json\/wp\/v2\/comments?post=3193"}],"version-history":[{"count":5,"href":"https:\/\/www.rothfuss-bestgabion.de\/fr\/wp-json\/wp\/v2\/pages\/3193\/revisions"}],"predecessor-version":[{"id":4278,"href":"https:\/\/www.rothfuss-bestgabion.de\/fr\/wp-json\/wp\/v2\/pages\/3193\/revisions\/4278"}],"wp:featuredmedia":[{"embeddable":true,"href":"https:\/\/www.rothfuss-bestgabion.de\/fr\/wp-json\/wp\/v2\/media\/9569"}],"wp:attachment":[{"href":"https:\/\/www.rothfuss-bestgabion.de\/fr\/wp-json\/wp\/v2\/media?parent=3193"}],"curies":[{"name":"wp","href":"https:\/\/api.w.org\/{rel}","templated":true}]}}