{"id":3189,"date":"2017-08-17T23:23:33","date_gmt":"2017-08-17T23:23:33","guid":{"rendered":"http:\/\/www.rothfuss-bestgabion.de\/?page_id=3189"},"modified":"2019-03-07T10:58:48","modified_gmt":"2019-03-07T09:58:48","slug":"tsk","status":"publish","type":"page","link":"https:\/\/www.rothfuss-bestgabion.de\/fr\/tsk","title":{"rendered":"Gabion de transport TSK"},"content":{"rendered":"<h4><span style=\"color: #d42e12;\">TSK<\/span><\/h4>\n<h4>Le gabion de transport<\/h4>\n<p>Le gabion de transport&nbsp;<span style=\"color: #d42e12;\">TSK<\/span>&nbsp;est un gabion con\u00e7u pour \u00eatre rempli en usine et livr\u00e9 pr\u00e9rempli sur le lieu de pose. Le compactage m\u00e9canique lui conf\u00e8re une forte stabilit\u00e9 dimensionnelle.<\/p>\n<p>Les gabions pr\u00e9remplis <span style=\"color: #d42e12;\">TSK<\/span> peuvent \u00eatre d\u00e9charg\u00e9s du camion et mis en place directement, et permettent ainsi d\u2019\u00e9pargner le stockage des composants individuels de la cage, leur assemblage et leur remplissage sur le lieu de pose.<\/p>\n<p>Le grand nombre d\u2019options de remplissage et de disposition vous permet de cr\u00e9er des structures uniques et personnalis\u00e9es avec les gabions <span style=\"color: #d42e12;\">TSK<\/span>.<\/p>\n<h4>Utilisations<\/h4>\n<ul>\n<li style=\"list-style-type: none;\">\n<ul>\n<li>Am\u00e9nagements paysagers<\/li>\n<li>Renforcement de talus<\/li>\n<li>S\u00e9curisation de pentes<\/li>\n<li>Consolidation de berges<\/li>\n<li>Construction routi\u00e8re<\/li>\n<li>Am\u00e9nagements de jardins priv\u00e9s<\/li>\n<\/ul>\n<\/li>\n<\/ul>\n<h4>Infos g\u00e9n\u00e9rales<\/h4>\n<ul>\n<li style=\"list-style-type: none;\">\n<ul>\n<li class=\"li1\" style=\"text-align: left;\">Fabriqu\u00e9es en grilles natt\u00e9es r\u00e9sistantes et \u00e0 longue dur\u00e9e de vie<\/li>\n<\/ul>\n<\/li>\n<\/ul>\n<ul>\n<li style=\"list-style-type: none;\">\n<ul>\n<li style=\"text-align: left;\">Fils m\u00e9talliques soud\u00e9s par points avec rev\u00eatement en zinc et aluminium (95% Zinc \/ 5% Aluminium)<\/li>\n<\/ul>\n<\/li>\n<\/ul>\n<ul>\n<li style=\"list-style-type: none;\">\n<ul>\n<li style=\"text-align: left;\">R\u00e9sistance \u00e0 la traction de l\u2019ensemble des articles d\u2019au moins 450 N\/mm<sup>2<\/sup><\/li>\n<\/ul>\n<\/li>\n<\/ul>\n<ul>\n<li style=\"list-style-type: none;\">\n<ul>\n<li style=\"text-align: left;\">R\u00e9sistance \u00e0 la corrosion prouv\u00e9e gr\u00e2ce au test de brume de sel de 3.000 heures, aux normes DIN EN ISO 9227-NSS<\/li>\n<\/ul>\n<\/li>\n<\/ul>\n<ul>\n<li style=\"list-style-type: none;\">\n<ul>\n<li class=\"li1\" style=\"text-align: left;\">Peut \u00eatre mis en place avec chargeuse sur roues ou grue<\/li>\n<\/ul>\n<\/li>\n<\/ul>\n<ul>\n<li style=\"list-style-type: none;\">\n<ul>\n<li class=\"li1\" style=\"text-align: left;\">Temps d\u2019installation court<\/li>\n<\/ul>\n<\/li>\n<\/ul>\n<ul>\n<li class=\"li1\" style=\"text-align: left;\">R\u00e9duction des co\u00fbts totaux<\/li>\n<\/ul>\n<h4>Remplissage de pierres<\/h4>\n<p>Les paniers de gabion sont remplis d\u2019un mat\u00e9riau r\u00e9sistant au gel, aux intemp\u00e9ries, ainsi que suffisamment r\u00e9sistant \u00e0 la pression. Afin d\u2019\u00e9viter une chute, les pierres doivent \u00eatre plus grosses que le plus petit espacement de fils des mailles.<\/p>\n<h4><span style=\"color: #d42e12;\"><span style=\"color: #000000;\">Vous avez le choix:<\/span><\/span><\/h4>\n<p style=\"text-align: left;\">Longueur: &nbsp; &nbsp; &nbsp;50cm\/100cm\/150cm\/200cm<\/p>\n<p style=\"text-align: left;\">Largeur: &nbsp; &nbsp; &nbsp;50cm\/100cm<\/p>\n<p style=\"text-align: left;\">Hauteur: &nbsp; &nbsp; &nbsp; 50cm\/100cm<\/p>\n<p>Diam\u00e8tre des fils du panneau \u00d8 5,0 et 6,0mm<\/p>\n<p>Mailles panneau du haut 10x20cm, Mailles des panneaux du fond, de l\u2019avant et des c\u00f4t\u00e9s 5x20cm<\/p>\n","protected":false},"excerpt":{"rendered":"<p>TSK Le gabion de transport Le gabion de transport&nbsp;TSK&nbsp;est un gabion con\u00e7u pour \u00eatre rempli en usine et livr\u00e9 pr\u00e9rempli sur le lieu de pose. Le<span class=\"excerpt-hellip\"> [\u2026]<\/span><\/p>\n","protected":false},"author":1,"featured_media":10201,"parent":0,"menu_order":0,"comment_status":"closed","ping_status":"closed","template":"","meta":{"footnotes":""},"class_list":["post-3189","page","type-page","status-publish","has-post-thumbnail","hentry"],"_links":{"self":[{"href":"https:\/\/www.rothfuss-bestgabion.de\/fr\/wp-json\/wp\/v2\/pages\/3189","targetHints":{"allow":["GET"]}}],"collection":[{"href":"https:\/\/www.rothfuss-bestgabion.de\/fr\/wp-json\/wp\/v2\/pages"}],"about":[{"href":"https:\/\/www.rothfuss-bestgabion.de\/fr\/wp-json\/wp\/v2\/types\/page"}],"author":[{"embeddable":true,"href":"https:\/\/www.rothfuss-bestgabion.de\/fr\/wp-json\/wp\/v2\/users\/1"}],"replies":[{"embeddable":true,"href":"https:\/\/www.rothfuss-bestgabion.de\/fr\/wp-json\/wp\/v2\/comments?post=3189"}],"version-history":[{"count":7,"href":"https:\/\/www.rothfuss-bestgabion.de\/fr\/wp-json\/wp\/v2\/pages\/3189\/revisions"}],"predecessor-version":[{"id":4232,"href":"https:\/\/www.rothfuss-bestgabion.de\/fr\/wp-json\/wp\/v2\/pages\/3189\/revisions\/4232"}],"wp:featuredmedia":[{"embeddable":true,"href":"https:\/\/www.rothfuss-bestgabion.de\/fr\/wp-json\/wp\/v2\/media\/10201"}],"wp:attachment":[{"href":"https:\/\/www.rothfuss-bestgabion.de\/fr\/wp-json\/wp\/v2\/media?parent=3189"}],"curies":[{"name":"wp","href":"https:\/\/api.w.org\/{rel}","templated":true}]}}