{"id":3185,"date":"2017-08-17T23:14:31","date_gmt":"2017-08-17T23:14:31","guid":{"rendered":"http:\/\/www.rothfuss-bestgabion.de\/?page_id=3185"},"modified":"2023-05-10T02:55:12","modified_gmt":"2023-05-10T00:55:12","slug":"silent-plus","status":"publish","type":"page","link":"https:\/\/www.rothfuss-bestgabion.de\/fr\/silent-plus","title":{"rendered":"Silent Plus"},"content":{"rendered":"<p>Ecran antibruit en gabions avec un noyau de sable<\/p>\n<p>Silent plus est un syst\u00e8me de cage \u00e0 plusieurs compartiments, constitu\u00e9e de composants<strong> monotec<\/strong><strong><span style=\"color: #ff0000;\">R<\/span><\/strong><sup>\u00ae\u00a0<\/sup>(assembl\u00e9s par tiges goupilles)<\/p>\n<ul>\n<li>Combinaison d\u2019une protection antibruit tr\u00e8s efficace et d\u2019un pare-vue esth\u00e9tique<\/li>\n<\/ul>\n<p>L&rsquo;installation d\u2019un sac de g\u00e9otextile, plac\u00e9 au centre et rempli de sable, assure une mise en \u0153uvre sans joint de la couche d\u2019isolation acoustique.<\/p>\n<p>En remplissant les chambres ext\u00e9rieures de pierres grossi\u00e8res, les propri\u00e9t\u00e9s absorbantes du son seront obtenues. Pour des exigences plus \u00e9lev\u00e9es, l&rsquo;un des compartiments ext\u00e9rieurs peut \u00eatre rempli de pierre volcanique poreuse, qui permettra d\u2019obtenir de meilleures propri\u00e9t\u00e9s d\u2019absorption du son.<\/p>\n<h4>Utilisation<\/h4>\n<p>\u00c9cran anti-bruit pour:<\/p>\n<ul>\n<li>Zones industrielles,<\/li>\n<li>Zones r\u00e9sidentielles<\/li>\n<li>Et abords de routes<\/li>\n<\/ul>\n<h4>Informations g\u00e9n\u00e9rales<\/h4>\n<ul>\n<li>Panneaux de treillis, \u00e9lectro-soud\u00e9s par point avec \u0153illets soud\u00e9s, de mani\u00e8re \u00e0 ce qu\u2019aucun \u00e9l\u00e9ment ne puisse provoquer des blessures, avec un rev\u00eatement en alliage de zinc et d\u2019aluminium (95%zinc, 5%aluminium)<\/li>\n<li>Diam\u00e8tre fil standard \u00d8 4,5 mm ou \u00d8 5,0mm<\/li>\n<li>Panneaux de devant, arri\u00e8re et lat\u00e9rales en maille 5 x 10 cm<\/li>\n<li>Toutes les autres panneaux sont en\u00a0maillage de 10 x 10 cm<\/li>\n<li>Tiges goupilles: fil-\u00d8 6,0 mm<\/li>\n<li>R\u00e9sistance de fils: 450 N\/mm\u00b2 minimum<\/li>\n<li>Test de bouillard salin de 3000h conform\u00e9ment \u00e0 la norme DIN EN ISO 9227-NSS<\/li>\n<li>Absorption acoustique classe A2 ou 7dB tr\u00e8s absorbant&gt; classe A5\u00a015dB\u00a0conforme \u00e0 DIN EN 1793-1, ZTV LSW 06<\/li>\n<li>Isolation acoustique 37dB, classe B4 conforme \u00e0 DIN EN 1793-2, ZTV LSW 06<\/li>\n<\/ul>\n<h4>Mat\u00e9riau de remplissage<\/h4>\n<p>Absorption acoustique quand remplissage avec mat\u00e9riau pierreux en granulom\u00e9trie 63\/125mm.<\/p>\n<p>Pour des exigences plus \u00e9lev\u00e9es, l&rsquo;un des compartiments ext\u00e9rieurs peut \u00eatre rempli avec de la pierre volcanique poreuse.<\/p>\n<h4>Vous avez le choix:<\/h4>\n<p>Taille du cage standard<\/p>\n<ul>\n<li style=\"text-align: left;\">200 x 100 x 100 cm<\/li>\n<li style=\"text-align: left;\">200 x 100 x 50 cm<\/li>\n<li style=\"text-align: left;\">100 x 100 x 100 cm<\/li>\n<li style=\"text-align: left;\">100 x 100 x 50 cm<\/li>\n<\/ul>\n","protected":false},"excerpt":{"rendered":"<p>Ecran antibruit en gabions avec un noyau de sable Silent plus est un syst\u00e8me de cage \u00e0 plusieurs compartiments, constitu\u00e9e de composants monotecR\u00ae\u00a0(assembl\u00e9s par tiges goupilles)<span class=\"excerpt-hellip\"> [\u2026]<\/span><\/p>\n","protected":false},"author":1,"featured_media":9553,"parent":0,"menu_order":0,"comment_status":"closed","ping_status":"closed","template":"","meta":{"footnotes":""},"class_list":["post-3185","page","type-page","status-publish","has-post-thumbnail","hentry"],"_links":{"self":[{"href":"https:\/\/www.rothfuss-bestgabion.de\/fr\/wp-json\/wp\/v2\/pages\/3185","targetHints":{"allow":["GET"]}}],"collection":[{"href":"https:\/\/www.rothfuss-bestgabion.de\/fr\/wp-json\/wp\/v2\/pages"}],"about":[{"href":"https:\/\/www.rothfuss-bestgabion.de\/fr\/wp-json\/wp\/v2\/types\/page"}],"author":[{"embeddable":true,"href":"https:\/\/www.rothfuss-bestgabion.de\/fr\/wp-json\/wp\/v2\/users\/1"}],"replies":[{"embeddable":true,"href":"https:\/\/www.rothfuss-bestgabion.de\/fr\/wp-json\/wp\/v2\/comments?post=3185"}],"version-history":[{"count":5,"href":"https:\/\/www.rothfuss-bestgabion.de\/fr\/wp-json\/wp\/v2\/pages\/3185\/revisions"}],"predecessor-version":[{"id":13123,"href":"https:\/\/www.rothfuss-bestgabion.de\/fr\/wp-json\/wp\/v2\/pages\/3185\/revisions\/13123"}],"wp:featuredmedia":[{"embeddable":true,"href":"https:\/\/www.rothfuss-bestgabion.de\/fr\/wp-json\/wp\/v2\/media\/9553"}],"wp:attachment":[{"href":"https:\/\/www.rothfuss-bestgabion.de\/fr\/wp-json\/wp\/v2\/media?parent=3185"}],"curies":[{"name":"wp","href":"https:\/\/api.w.org\/{rel}","templated":true}]}}