{"id":3181,"date":"2017-08-17T23:03:01","date_gmt":"2017-08-17T23:03:01","guid":{"rendered":"http:\/\/www.rothfuss-bestgabion.de\/?page_id=3181"},"modified":"2019-03-07T10:58:20","modified_gmt":"2019-03-07T09:58:20","slug":"delta-green","status":"publish","type":"page","link":"https:\/\/www.rothfuss-bestgabion.de\/fr\/delta-green","title":{"rendered":"Delta Green"},"content":{"rendered":"<h4>Facing \u00e9l\u00e9ment pour la v\u00e9g\u00e9talisation des berges, principe des sols renforc\u00e9s<\/h4>\n<p>Avec Delta Green, des talus \u00e9conomiques et durablement stables jusqu\u2018\u00e0 70\u00b0 peuvent \u00eatre r\u00e9alis\u00e9s.<\/p>\n<ul>\n<li style=\"text-align: left;\">Rev\u00eatement v\u00e9g\u00e9tal jusqu\u2018\u00e0 70\u00b0<\/li>\n<li style=\"text-align: left;\">Utilisation de composants individuels de qualit\u00e9<\/li>\n<li style=\"text-align: left;\">Talus abruptes \u00e9conomiques, totalement v\u00e9g\u00e9talis\u00e9s et durablement stables<\/li>\n<li style=\"text-align: left;\">Contrastes int\u00e9ressants lorsque combin\u00e9 avec des gabions<\/li>\n<li style=\"text-align: left;\">V\u00e9g\u00e9talisation de talus abruptes et de talus raides peu encombrants<\/li>\n<li style=\"text-align: left;\">Facing \u00e9l\u00e9ments Delta Green pour votre mur KBE (Kunststoff Bewehrte Erde \/ sols renforc\u00e9s)<\/li>\n<\/ul>\n<h4>Utilisation<\/h4>\n<ul>\n<li style=\"text-align: left;\">Protection des berges<\/li>\n<li style=\"text-align: left;\">Talus raides<\/li>\n<li style=\"text-align: left;\">Am\u00e9nagement du paysage<\/li>\n<\/ul>\n<h4>Informations g\u00e9n\u00e9rales<\/h4>\n<ul>\n<li style=\"text-align: left;\">Treillis m\u00e9tallique sans risque soud\u00e9 par points avec un rev\u00eatement en alliage de zinc et<br \/>\nd\u2018aluminium (95% zinc, 5% aluminium)<\/li>\n<li style=\"text-align: left;\">Longueur de l\u2018\u00e9l\u00e9ment 300 cm<\/li>\n<li style=\"text-align: left;\">Panneau de devant 300\u00d773 cm, diam\u00e8tre fils \u00d8 5,0 mm, maille 10&#215;10 cm<\/li>\n<li style=\"text-align: left;\">Panneau de fond 300&#215;70 cm, diam\u00e8tre fils \u00d8 4,5 mm, maille 10&#215;10 cm<\/li>\n<li style=\"text-align: left;\">Fermoir et \u00e9carteur de diam\u00e8tre fils \u00d8 6,0 mm<\/li>\n<li style=\"text-align: left;\">R\u00e9sistance de fils de tous les articles en fil de fer de 450 N\/mm<sup>2 <\/sup>mimimum<\/li>\n<li style=\"text-align: left;\">Test de brume de sel pendant 3 000 heures conform\u00e9ment \u00e0 DIN EN ISO 9227-NSS<\/li>\n<\/ul>\n<p>La stabilit\u00e9 doit toujours \u00eatre prouv\u00e9e au moyen d\u2018un calcul statique.<\/p>\n","protected":false},"excerpt":{"rendered":"<p>Facing \u00e9l\u00e9ment pour la v\u00e9g\u00e9talisation des berges, principe des sols renforc\u00e9s Avec Delta Green, des talus \u00e9conomiques et durablement stables jusqu\u2018\u00e0 70\u00b0 peuvent \u00eatre r\u00e9alis\u00e9s. Rev\u00eatement<span class=\"excerpt-hellip\"> [\u2026]<\/span><\/p>\n","protected":false},"author":1,"featured_media":9537,"parent":0,"menu_order":0,"comment_status":"closed","ping_status":"closed","template":"","meta":{"footnotes":""},"class_list":["post-3181","page","type-page","status-publish","has-post-thumbnail","hentry"],"_links":{"self":[{"href":"https:\/\/www.rothfuss-bestgabion.de\/fr\/wp-json\/wp\/v2\/pages\/3181","targetHints":{"allow":["GET"]}}],"collection":[{"href":"https:\/\/www.rothfuss-bestgabion.de\/fr\/wp-json\/wp\/v2\/pages"}],"about":[{"href":"https:\/\/www.rothfuss-bestgabion.de\/fr\/wp-json\/wp\/v2\/types\/page"}],"author":[{"embeddable":true,"href":"https:\/\/www.rothfuss-bestgabion.de\/fr\/wp-json\/wp\/v2\/users\/1"}],"replies":[{"embeddable":true,"href":"https:\/\/www.rothfuss-bestgabion.de\/fr\/wp-json\/wp\/v2\/comments?post=3181"}],"version-history":[{"count":2,"href":"https:\/\/www.rothfuss-bestgabion.de\/fr\/wp-json\/wp\/v2\/pages\/3181\/revisions"}],"predecessor-version":[{"id":3184,"href":"https:\/\/www.rothfuss-bestgabion.de\/fr\/wp-json\/wp\/v2\/pages\/3181\/revisions\/3184"}],"wp:featuredmedia":[{"embeddable":true,"href":"https:\/\/www.rothfuss-bestgabion.de\/fr\/wp-json\/wp\/v2\/media\/9537"}],"wp:attachment":[{"href":"https:\/\/www.rothfuss-bestgabion.de\/fr\/wp-json\/wp\/v2\/media?parent=3181"}],"curies":[{"name":"wp","href":"https:\/\/api.w.org\/{rel}","templated":true}]}}