{"id":3149,"date":"2017-08-13T21:51:46","date_gmt":"2017-08-13T21:51:46","guid":{"rendered":"http:\/\/www.rothfuss-bestgabion.de?page_id=3149"},"modified":"2019-03-07T11:00:53","modified_gmt":"2019-03-07T10:00:53","slug":"monotecr","status":"publish","type":"page","link":"https:\/\/www.rothfuss-bestgabion.de\/fr\/monotecr","title":{"rendered":"monotec<span style=\"color: #d42e12;\"><strong>R<\/strong><\/span><sup>\u00ae<\/sup>"},"content":{"rendered":"<h4>Le nouveau gabion \u2013 pour plus de s\u00e9curit\u00e9<\/h4>\n<ul>\n<li style=\"text-align: left;\">Montage facile<\/li>\n<li style=\"text-align: left;\">Finition de qualit\u00e9<\/li>\n<li style=\"text-align: left;\">Ind\u00e9formable<\/li>\n<li style=\"text-align: left;\">Plus de s\u00e9curit\u00e9<\/li>\n<\/ul>\n<p>Le <strong>monotec<\/strong><span style=\"color: #d42e12;\"><strong>R<\/strong><\/span><sup>\u00ae\u00ad<\/sup> est notre gabion sans risque (sans fil qui d\u00e9passe) \u2013 pour plus de s\u00e9curit\u00e9. Il se compose de treillis m\u00e9talliques soud\u00e9s \u00e9lectriquement par points avec des anneaux courb\u00e9s vers l\u2018int\u00e9rieur et soud\u00e9s, les jonctions \u00e9tant r\u00e9alis\u00e9es au moyen de chevilles<\/p>\n<h4>Utilisation<\/h4>\n<ul>\n<li style=\"text-align: left;\">Protection de talus<\/li>\n<li style=\"text-align: left;\">\u00c9crans anti-bruit<\/li>\n<li style=\"text-align: left;\">Am\u00e9nagements paysagers<\/li>\n<li style=\"text-align: left;\">Am\u00e9nagements paysagers priv\u00e9s<\/li>\n<li style=\"text-align: left;\">Utilisation \u00e0 tous les endroits ouverts au public (cr\u00e8ches, \u00e9coles, \u00e9tablissements pour seniors, parkings, etc.)<\/li>\n<\/ul>\n<h4>Informations g\u00e9n\u00e9rales<\/h4>\n<ul>\n<li style=\"text-align: left;\">Treillis m\u00e9tallique sans risque soud\u00e9 par points avec un rev\u00eatement en alliage de zinc et d\u2018aluminium (95% zinc, 5% aluminium)<\/li>\n<li style=\"text-align: left;\">Diam\u00e8tre fils standard \u00d8 4,5 ou 5,0 mm<\/li>\n<li style=\"text-align: left;\">Disponible au choix avec une maille 5&#215;10 cm ou 10x10cm<\/li>\n<li style=\"text-align: left;\">Disponible en diff\u00e9rentes tailles<\/li>\n<li style=\"text-align: left;\">Fermoir: Fil-\u00d8 6,0mm<\/li>\n<li style=\"text-align: left;\">R\u00e9sistance de fils de tous les articles 450 N\/mm<sup>2<\/sup>minimum<\/li>\n<li style=\"text-align: left;\">Test de brume de sel de 3 000 heures selon DIN EN ISO 9227-NSS<\/li>\n<\/ul>\n<h4>Remplissage de pierres<\/h4>\n<p>Les paniers gabions sont remplis d\u2018un mat\u00e9riau en pierre r\u00e9sistant au gel et aux intemp\u00e9ries et \u00e9galement suffisamment r\u00e9sistant \u00e0 la pression. Les pierres doivent \u00eatre plus grosses que l\u2018espacement des fils du maillage pour \u00e9viter qu\u2018elles ne passent \u00e0 travers.<\/p>\n<h4><strong>Nomenclature <b><span lang=\"FR\">des gabions<\/span><\/b><\/strong>&nbsp;<strong>monotec<\/strong><span style=\"color: #d42e12;\"><strong>R<\/strong><\/span><sup>\u00ae<\/sup><\/h4>\n<p class=\"EinfAbs\"><span class=\"berschrift\"><span lang=\"FR\">Composants pour diff\u00e9rentes tailles de cage:<\/span><\/span><\/p>\n","protected":false},"excerpt":{"rendered":"<p>Le nouveau gabion \u2013 pour plus de s\u00e9curit\u00e9 Montage facile Finition de qualit\u00e9 Ind\u00e9formable Plus de s\u00e9curit\u00e9 Le monotecR\u00ae\u00ad est notre gabion sans risque (sans fil<span class=\"excerpt-hellip\"> [\u2026]<\/span><\/p>\n","protected":false},"author":1,"featured_media":9389,"parent":0,"menu_order":0,"comment_status":"closed","ping_status":"closed","template":"","meta":{"footnotes":""},"class_list":["post-3149","page","type-page","status-publish","has-post-thumbnail","hentry"],"_links":{"self":[{"href":"https:\/\/www.rothfuss-bestgabion.de\/fr\/wp-json\/wp\/v2\/pages\/3149","targetHints":{"allow":["GET"]}}],"collection":[{"href":"https:\/\/www.rothfuss-bestgabion.de\/fr\/wp-json\/wp\/v2\/pages"}],"about":[{"href":"https:\/\/www.rothfuss-bestgabion.de\/fr\/wp-json\/wp\/v2\/types\/page"}],"author":[{"embeddable":true,"href":"https:\/\/www.rothfuss-bestgabion.de\/fr\/wp-json\/wp\/v2\/users\/1"}],"replies":[{"embeddable":true,"href":"https:\/\/www.rothfuss-bestgabion.de\/fr\/wp-json\/wp\/v2\/comments?post=3149"}],"version-history":[{"count":7,"href":"https:\/\/www.rothfuss-bestgabion.de\/fr\/wp-json\/wp\/v2\/pages\/3149\/revisions"}],"predecessor-version":[{"id":4279,"href":"https:\/\/www.rothfuss-bestgabion.de\/fr\/wp-json\/wp\/v2\/pages\/3149\/revisions\/4279"}],"wp:featuredmedia":[{"embeddable":true,"href":"https:\/\/www.rothfuss-bestgabion.de\/fr\/wp-json\/wp\/v2\/media\/9389"}],"wp:attachment":[{"href":"https:\/\/www.rothfuss-bestgabion.de\/fr\/wp-json\/wp\/v2\/media?parent=3149"}],"curies":[{"name":"wp","href":"https:\/\/api.w.org\/{rel}","templated":true}]}}