{"id":3144,"date":"2017-08-11T21:46:13","date_gmt":"2017-08-11T21:46:13","guid":{"rendered":"http:\/\/www.rothfuss-bestgabion.de?page_id=3144"},"modified":"2019-03-07T10:59:55","modified_gmt":"2019-03-07T09:59:55","slug":"gabions-roko","status":"publish","type":"page","link":"https:\/\/www.rothfuss-bestgabion.de\/fr\/gabions-roko","title":{"rendered":"Gabions ROKO"},"content":{"rendered":"<h4>Le gabion classique \u00e0 spirales<\/h4>\n<ul>\n<li>\u00c9conomique<\/li>\n<li>Ajustement possible<\/li>\n<\/ul>\n<p>Avec le syst\u00e8me <strong><span style=\"color: #d42e12;\">ROKO&nbsp;<\/span><\/strong>la transmission des forces se fait l\u2019aide d\u2019une spirale d\u2019un treillis \u00e0 l\u2019autre.<\/p>\n<h4>Utilisation<\/h4>\n<ul>\n<li style=\"text-align: left;\">Am\u00e9nagement paysager<\/li>\n<li style=\"text-align: left;\">Protection de talus bas<\/li>\n<\/ul>\n<h4>Informations g\u00e9n\u00e9rales<\/h4>\n<ul>\n<li style=\"text-align: left;\">Grillage \u00e9lectro-soud\u00e9 avec rev\u00eatement zinc-aluminium (95% zinc\/ 5% aluminium)<\/li>\n<li style=\"list-style-type: none; text-align: left;\"><\/li>\n<li style=\"text-align: left;\">Diam\u00e8tre fils standard \u00d8 4,5 ou 5,0 mm<\/li>\n<li style=\"text-align: left;\">Au choix en maille 5x10cm et 10x10cm<\/li>\n<li style=\"text-align: left;\">Spirale: fil \u00d8 4,5 mm<\/li>\n<li style=\"text-align: left;\">\u00c9carteur: fil \u00d8 5,0mm<\/li>\n<li style=\"text-align: left;\">R\u00e9sistance de fils de l\u2019article 450 N\/mm<sup>2<\/sup><\/li>\n<li style=\"text-align: left;\">3.000 heures test de brume de sel selon norme DIN EN ISO 9227-NSS<\/li>\n<li class=\"li1\" style=\"text-align: left;\">Possibilit\u00e9 d\u2019assemblage avec \u00e9conomie de mat\u00e9riau<\/li>\n<li class=\"li1\" style=\"text-align: left;\">Optimisation de la fabrication et du stockage<\/li>\n<\/ul>\n<h4>Remplissage en pierres<\/h4>\n<p>Les gabions sont remplis avec des pierres r\u00e9sistantes au gel, aux intemp\u00e9ries et \u00e0 la pression. Afin d\u2019\u00e9viter une chute de pierre, les pierres doivent \u00eatre plus grosses que le plus petit \u00e9cart entre les mailles.<\/p>\n<h4>Nomenclature des gabions <span style=\"color: #d42e12;\">ROKO<\/span><\/h4>\n<p class=\"EinfAbs\"><span class=\"berschrift\"><span lang=\"FR\">Composants pour diff\u00e9rentes tailles de cage<\/span><\/span><\/p>\n","protected":false},"excerpt":{"rendered":"<p>Le gabion classique \u00e0 spirales \u00c9conomique Ajustement possible Avec le syst\u00e8me ROKO&nbsp;la transmission des forces se fait l\u2019aide d\u2019une spirale d\u2019un treillis \u00e0 l\u2019autre. Utilisation Am\u00e9nagement<span class=\"excerpt-hellip\"> [\u2026]<\/span><\/p>\n","protected":false},"author":1,"featured_media":9421,"parent":0,"menu_order":0,"comment_status":"closed","ping_status":"closed","template":"","meta":{"footnotes":""},"class_list":["post-3144","page","type-page","status-publish","has-post-thumbnail","hentry"],"_links":{"self":[{"href":"https:\/\/www.rothfuss-bestgabion.de\/fr\/wp-json\/wp\/v2\/pages\/3144","targetHints":{"allow":["GET"]}}],"collection":[{"href":"https:\/\/www.rothfuss-bestgabion.de\/fr\/wp-json\/wp\/v2\/pages"}],"about":[{"href":"https:\/\/www.rothfuss-bestgabion.de\/fr\/wp-json\/wp\/v2\/types\/page"}],"author":[{"embeddable":true,"href":"https:\/\/www.rothfuss-bestgabion.de\/fr\/wp-json\/wp\/v2\/users\/1"}],"replies":[{"embeddable":true,"href":"https:\/\/www.rothfuss-bestgabion.de\/fr\/wp-json\/wp\/v2\/comments?post=3144"}],"version-history":[{"count":4,"href":"https:\/\/www.rothfuss-bestgabion.de\/fr\/wp-json\/wp\/v2\/pages\/3144\/revisions"}],"predecessor-version":[{"id":4148,"href":"https:\/\/www.rothfuss-bestgabion.de\/fr\/wp-json\/wp\/v2\/pages\/3144\/revisions\/4148"}],"wp:featuredmedia":[{"embeddable":true,"href":"https:\/\/www.rothfuss-bestgabion.de\/fr\/wp-json\/wp\/v2\/media\/9421"}],"wp:attachment":[{"href":"https:\/\/www.rothfuss-bestgabion.de\/fr\/wp-json\/wp\/v2\/media?parent=3144"}],"curies":[{"name":"wp","href":"https:\/\/api.w.org\/{rel}","templated":true}]}}