{"id":3140,"date":"2017-08-11T21:30:23","date_gmt":"2017-08-11T21:30:23","guid":{"rendered":"http:\/\/www.rothfuss-bestgabion.de?page_id=3140"},"modified":"2024-12-10T15:44:58","modified_gmt":"2024-12-10T14:44:58","slug":"a-propos","status":"publish","type":"page","link":"https:\/\/www.rothfuss-bestgabion.de\/fr\/a-propos","title":{"rendered":"\u00c0 propos"},"content":{"rendered":"<p>En tant que leader dans la fabrication de grilles pour gabions de haute qualit\u00e9, nous savons que des produits remarquables sont les pierres angulaires de projets hors du commun. Nous avons une exp\u00e9rience de plusieurs d\u00e9cennies dans la recherche, le d\u00e9veloppement et la fabrication de panneaux \u00e9lectro-soud\u00e9s de fils d\u2019acier Nous optimisons notre gamme en permanence, afin de proposer \u00e0 nos clients des solutions toujours plus pertinentes.<\/p>\n<p>Nous appliquons la philosophie de notre entreprise comme fournisseur complet, \u00ab\u00a0Tout sous le m\u00eame toit\u00a0\u00bb, et vous proposons des solutions compl\u00e8tes pour les projets les plus divers. Fondatrice du march\u00e9 de gabions en Allemagne, la marque ROTHFUSS est associ\u00e9e \u00e0 plus de 30 ans d\u2019histoire et de tradition.<\/p>\n<p>Ces valeurs ont \u00e9t\u00e9 maintenues apr\u00e8s la reprise des activit\u00e9s par le groupe Friedhoff. Nos produits se distinguent par leur excellente qualit\u00e9. Nous proposons \u00e0 nos clients un proc\u00e9d\u00e9 unique, permettant d\u2019obtenir une qualit\u00e9 constante et v\u00e9rifiable sur des d\u00e9cennies, et notamment une r\u00e9sistance \u00e0 la corrosion extr\u00eamement \u00e9lev\u00e9e.<\/p>\n<p>Nous nous r\u00e9f\u00e9rons particuli\u00e8rement aux tests de r\u00e9sistance \u00e0 la corrosion sur le long terme, que nous r\u00e9alisons avec l\u2019institut des tests de mat\u00e9riaux de Stuttgart (MPA) sur l\u2019ile d\u2019<a href=\"https:\/\/www.rothfuss-bestgabion.de\/fr\/verification-de-la-corrosion-de-longue-duree-sur-les-mats-de-grillage\">Heligoland<\/a> en Mer du Nord. Des panneaux de treillis rev\u00eatus de Zinc-Aluminium (Zn95% Al5%) y sont expos\u00e9s \u00e0 des conditions atmosph\u00e9riques extr\u00eames, que nos produits supportent sans probl\u00e8me. Dans le cadre d\u2019autres tests en continu, aucune d\u00e9gradation de la protection contre corrosion n\u2019a \u00e9t\u00e9 observ\u00e9e apr\u00e8s 28 ann\u00e9es.<\/p>\n<p>Nos employ\u00e9s disposent de connaissances approfondies, ainsi que d\u2019une longue exp\u00e9rience. Nous vous conseillons lors des phases de d\u00e9veloppement et de construction, et accompagnons votre projet jusqu\u2019\u00e0 la livraison. Pour nos clients, nous sommes ainsi un partenaire de confiance et comp\u00e9tent, \u00e0 disposition pour des solutions standardis\u00e9es ou individualis\u00e9es. Gr\u00e2ce \u00e0 notre stock \u00e9tendu, nous sommes en mesure de livrer dans les plus brefs d\u00e9lais les articles que vous commandez.<\/p>\n<p>Nos installations de production, tr\u00e8s modernes et enti\u00e8rement automatis\u00e9es, peuvent \u00eatre param\u00e9tr\u00e9es pour la r\u00e9alisation de grilles de gabions les plus diverses. Ainsi, en choisissant la bonne combinaison de diam\u00e8tres de fil, maillage et r\u00e9sistance m\u00e9canique, nous pouvons obtenir pr\u00e9cis\u00e9ment les dimensions exig\u00e9es pour l\u2019utilisation pr\u00e9vue. Nous produisons des pi\u00e8ces en s\u00e9rie en nombre \u00e9lev\u00e9, tout comme des solutions individuelles r\u00e9pondant \u00e0 des exigences particuli\u00e8res.<\/p>\n<p>Le fil que nous utilisons est rev\u00eatu d\u2019un alliage de zinc et aluminium de grande qualit\u00e9 (Zn 95% \/ Al 5%), et offre une r\u00e9sistance \u00e0 la traction d\u2019au moins 450 N\/mm2. Sa r\u00e9sistance \u00e0 la corrosion est d\u00e9montr\u00e9e par un test de brouillard salin de 3000 heures, conform\u00e9ment \u00e0 la norme DIN EN ISO 9227-NSS. Outre les panneaux \u00e9lectro-soud\u00e9s pour diff\u00e9rents gabions, nous compl\u00e9tons notre assortiment avec des cages transportables pr\u00e9-remplies et compact\u00e9es en usine, pr\u00e9vues pour diff\u00e9rents domaines d\u2019utilisation, ainsi que pour la consolidation de talus et la protection visuelle et sonore.<\/p>\n<p>Nous nous distinguons par la <a href=\"https:\/\/www.rothfuss-bestgabion.de\/wp-content\/uploads\/2019\/10\/Politique-qualit\u00e9.pdf\">grande qualit\u00e9<\/a> de nos produits, notre fiabilit\u00e9 ainsi que notre savoir-faire \u00e9tendu, tant dans le domaine de la construction que dans la gestion de la production et des processus. Laissez la multitude d\u2019utilisations possibles de nos produits vous inspirer. Nous sommes le partenaire id\u00e9al pour mise en \u0153uvre de vos exigences.<\/p>\n<p>Nous disposons d\u2019un management de la qualit\u00e9 certifi\u00e9 selon ISO 9001\u00a0:2015. Nous en sommes tr\u00e8s fiers. Des processus bien pens\u00e9s apportent une contribution d\u00e9cisive \u00e0 la qualit\u00e9 de nos produits et services. Les exigences particuli\u00e8res et perspectives de notre entreprise se retrouvent dans notre SMQ. Nous avons confiance en nos produits et dans le travail accompli par nos employ\u00e9s au profit de nos clients.<\/p>\n<p>Depuis le premier avril 2019, Rothfuss Best Gabion est \u00e9galement membre de l\u2019institut allemand de normalisation: DIN. En tant que membre du DIN, nous soutenons ce syst\u00e8me de normalisation \u00e9prouv\u00e9, tant id\u00e9ologiquement que financi\u00e8rement, et contribuons ainsi \u00e0 ce que celui-ci reste ind\u00e9pendant. Les entreprises impliqu\u00e9es dans la normalisation assurent ainsi la comp\u00e9titivit\u00e9 de l&rsquo;\u00e9conomie allemande, et peuvent d\u00e8s le d\u00e9but les aplliquer et optimiser leurs processus, produits ou services.<\/p>\n<p>Depuis le 20 avril 2020, Rothfuss Best Gabion est la premi\u00e8re entreprise \u00e0 porter le label de qualit\u00e9 GABIONEN reconnu par le RAL (Deutsches Institut f\u00fcr G\u00fctesicherung und Kennzeichnung e.V.) pour la production de gabions et de structures en gabions, dans le domaine des produits m\u00e9talliques (<a href=\"https:\/\/www.rothfuss-bestgabion.de\/wp-content\/uploads\/2023\/04\/Award-Certificate-RBG-valid-until-31.03.2024.pdf\">lien vers le certificat<\/a>). La GfG (G\u00fctegemeinschaft f\u00fcr Gabionen eV) r\u00e9compense ainsi les entreprises dont les produits et\/ou services correspondent aux normes g\u00e9n\u00e9rales et sp\u00e9cifiques de qualit\u00e9 et de test de l&rsquo;assurance qualit\u00e9 des gabions et des constructions de gabions RAL-GZ 612, et qui contribuent au d\u00e9veloppement, \u00e0 la distribution et \u00e0 l&rsquo;am\u00e9lioration de la qualit\u00e9 des gabions et constructions de gabions.<\/p>\n<p><a href=\"https:\/\/www.rothfuss-bestgabion.de\/wp-content\/uploads\/2024\/12\/englisch.jpg\"><img loading=\"lazy\" decoding=\"async\" class=\"aligncenter wp-image-20670 size-full\" src=\"https:\/\/www.rothfuss-bestgabion.de\/wp-content\/uploads\/2024\/12\/englisch.jpg\" alt=\"\" width=\"1000\" height=\"463\" srcset=\"https:\/\/www.rothfuss-bestgabion.de\/wp-content\/uploads\/2024\/12\/englisch.jpg 1000w, https:\/\/www.rothfuss-bestgabion.de\/wp-content\/uploads\/2024\/12\/englisch-300x139.jpg 300w, https:\/\/www.rothfuss-bestgabion.de\/wp-content\/uploads\/2024\/12\/englisch-768x356.jpg 768w, https:\/\/www.rothfuss-bestgabion.de\/wp-content\/uploads\/2024\/12\/englisch-150x69.jpg 150w, https:\/\/www.rothfuss-bestgabion.de\/wp-content\/uploads\/2024\/12\/englisch-480x222.jpg 480w\" sizes=\"auto, (max-width:767px) 480px, (max-width:1000px) 100vw, 1000px\" \/><\/a><\/p>\n","protected":false},"excerpt":{"rendered":"<p>En tant que leader dans la fabrication de grilles pour gabions de haute qualit\u00e9, nous savons que des produits remarquables sont les pierres angulaires de projets<span class=\"excerpt-hellip\"> [\u2026]<\/span><\/p>\n","protected":false},"author":1,"featured_media":9713,"parent":0,"menu_order":0,"comment_status":"closed","ping_status":"closed","template":"","meta":{"footnotes":""},"class_list":["post-3140","page","type-page","status-publish","has-post-thumbnail","hentry"],"_links":{"self":[{"href":"https:\/\/www.rothfuss-bestgabion.de\/fr\/wp-json\/wp\/v2\/pages\/3140","targetHints":{"allow":["GET"]}}],"collection":[{"href":"https:\/\/www.rothfuss-bestgabion.de\/fr\/wp-json\/wp\/v2\/pages"}],"about":[{"href":"https:\/\/www.rothfuss-bestgabion.de\/fr\/wp-json\/wp\/v2\/types\/page"}],"author":[{"embeddable":true,"href":"https:\/\/www.rothfuss-bestgabion.de\/fr\/wp-json\/wp\/v2\/users\/1"}],"replies":[{"embeddable":true,"href":"https:\/\/www.rothfuss-bestgabion.de\/fr\/wp-json\/wp\/v2\/comments?post=3140"}],"version-history":[{"count":22,"href":"https:\/\/www.rothfuss-bestgabion.de\/fr\/wp-json\/wp\/v2\/pages\/3140\/revisions"}],"predecessor-version":[{"id":20681,"href":"https:\/\/www.rothfuss-bestgabion.de\/fr\/wp-json\/wp\/v2\/pages\/3140\/revisions\/20681"}],"wp:featuredmedia":[{"embeddable":true,"href":"https:\/\/www.rothfuss-bestgabion.de\/fr\/wp-json\/wp\/v2\/media\/9713"}],"wp:attachment":[{"href":"https:\/\/www.rothfuss-bestgabion.de\/fr\/wp-json\/wp\/v2\/media?parent=3140"}],"curies":[{"name":"wp","href":"https:\/\/api.w.org\/{rel}","templated":true}]}}