{"id":7861,"date":"2023-03-23T22:39:36","date_gmt":"2023-03-23T21:39:36","guid":{"rendered":"https:\/\/www.rothfuss-bestgabion.de?page_id=7861"},"modified":"2023-04-03T00:06:47","modified_gmt":"2023-04-02T22:06:47","slug":"silentr","status":"publish","type":"page","link":"https:\/\/www.rothfuss-bestgabion.de\/es\/silentr","title":{"rendered":"Silent<span style=\"color: #d42e12;\"><strong>R<\/strong><\/span><sup>\u00ae<\/sup>"},"content":{"rendered":"<p>Gavi\u00f3n con protecci\u00f3n sonora y n\u00facleo de hormig\u00f3n<\/p>\n<p><strong>Silent<span style=\"color: #ff0000;\">R<\/span><\/strong><sup>\u00ae<\/sup> es un sistema de cesta multic\u00e1mara que consta del sisema de cierre enchufable <strong>monotec<\/strong><strong><span style=\"color: #ff0000;\">R<\/span><\/strong><sup>\u00ae<\/sup><\/p>\n<ul>\n<li>Combina una protecci\u00f3n visual atractiva con una protecci\u00f3n ac\u00fastica muy eficaz<\/li>\n<\/ul>\n<p>La instalaci\u00f3n de un <strong>n\u00facleo continuo de hormig\u00f3n<\/strong> en la c\u00e1mara central garantiza una <strong>construcci\u00f3n sin juntas de la capa de aislamiento ac\u00fastico<\/strong>.<\/p>\n<p>Cuando las c\u00e1maras exteriores se rellenan con piedras gruesas, se consiguen propiedades de absorci\u00f3n del sonido. En proyectos m\u00e1s exigentes, una de las c\u00e1maras externas puede rellenarse con lava de poro abierto; de esta forma, se consiguen propiedades de alta absorci\u00f3n.<\/p>\n<h4>\u00c1mbitos de aplicaci\u00f3n<\/h4>\n<ul>\n<li>Barreras ac\u00fasticas en la construcci\u00f3n comercial, residencial y de carreteras<\/li>\n<\/ul>\n<h4>Informaci\u00f3n general<\/h4>\n<ul>\n<li style=\"text-align: left;\">Esteras de malla met\u00e1lica soldadas por puntos, de baja lesividad, con revestimiento de zinc-aluminio (95% zinc, 5% aluminio)<\/li>\n<li style=\"text-align: left;\">Espesor est\u00e1ndar del alambre \u00d8 4,5, tambi\u00e9n disponible en \u00d8 5,0 mm<\/li>\n<li style=\"text-align: left;\">Rejilla delantera, rejilla trasera y rejilla lateral final de malla de 5&#215;10 cm<\/li>\n<li style=\"text-align: left;\">Las dem\u00e1s rejillas en malla de 10&#215;10 cm<\/li>\n<li style=\"text-align: left;\">Alambre del cierre con \u00d8 6,0 mm de espesor<\/li>\n<li style=\"text-align: left;\">Resistencia a la tracci\u00f3n de todos los art\u00edculos de alambre m\u00edn. 450 N\/mm<sup>2 <\/sup><\/li>\n<li style=\"text-align: left;\">3000 horas de ensayo de niebla salina seg\u00fan DIN EN ISO 9227-NSS<\/li>\n<li style=\"text-align: left;\">Absorbente 7dB, grupo A2 o altamente absorbente &gt; 15dB grupo A5 seg\u00fan DIN EN 1793-1, ZTV LSW 06<\/li>\n<li style=\"text-align: left;\">Absorci\u00f3n ac\u00fastica 49dB, grupo B4 seg\u00fan DIN EN 1793-2, ZTV LSW 06<\/li>\n<\/ul>\n<h4>Material de relleno<\/h4>\n<p>Propiedades de absorci\u00f3n del sonido al rellenarlo con piedras gruesas \/ granulaci\u00f3n 63\/125 mm<\/p>\n<p>Para proyectos exigentes, una de las c\u00e1maras externas puede rellenarse con lava de poro abierto<\/p>\n<p>Calidad del hormig\u00f3n seg\u00fan los requisitos de la planificaci\u00f3n de la aplicaci\u00f3n, p. ej. C20\/25<\/p>\n<h4>Puede elegir entre<\/h4>\n<p>Tama\u00f1os de cesta est\u00e1ndar<\/p>\n<ul>\n<li style=\"text-align: left;\">200 x 100 x 100 cm<\/li>\n<li style=\"text-align: left;\">200 x 100 x 50 cm<\/li>\n<li>150 x 100 x 100 cm<\/li>\n<li>150 x 100 x 50 cm<\/li>\n<li style=\"text-align: left;\">100 x 100 x 100 cm<\/li>\n<li style=\"text-align: left;\">100 x 100 x 50 cm<\/li>\n<\/ul>\n","protected":false},"excerpt":{"rendered":"<p>Gavi\u00f3n con protecci\u00f3n sonora y n\u00facleo de hormig\u00f3n SilentR\u00ae es un sistema de cesta multic\u00e1mara que consta del sisema de cierre enchufable monotecR\u00ae Combina una protecci\u00f3n<span class=\"excerpt-hellip\"> [\u2026]<\/span><\/p>\n","protected":false},"author":1,"featured_media":9555,"parent":0,"menu_order":0,"comment_status":"closed","ping_status":"closed","template":"","meta":{"footnotes":""},"class_list":["post-7861","page","type-page","status-publish","has-post-thumbnail","hentry"],"_links":{"self":[{"href":"https:\/\/www.rothfuss-bestgabion.de\/es\/wp-json\/wp\/v2\/pages\/7861","targetHints":{"allow":["GET"]}}],"collection":[{"href":"https:\/\/www.rothfuss-bestgabion.de\/es\/wp-json\/wp\/v2\/pages"}],"about":[{"href":"https:\/\/www.rothfuss-bestgabion.de\/es\/wp-json\/wp\/v2\/types\/page"}],"author":[{"embeddable":true,"href":"https:\/\/www.rothfuss-bestgabion.de\/es\/wp-json\/wp\/v2\/users\/1"}],"replies":[{"embeddable":true,"href":"https:\/\/www.rothfuss-bestgabion.de\/es\/wp-json\/wp\/v2\/comments?post=7861"}],"version-history":[{"count":3,"href":"https:\/\/www.rothfuss-bestgabion.de\/es\/wp-json\/wp\/v2\/pages\/7861\/revisions"}],"predecessor-version":[{"id":12542,"href":"https:\/\/www.rothfuss-bestgabion.de\/es\/wp-json\/wp\/v2\/pages\/7861\/revisions\/12542"}],"wp:featuredmedia":[{"embeddable":true,"href":"https:\/\/www.rothfuss-bestgabion.de\/es\/wp-json\/wp\/v2\/media\/9555"}],"wp:attachment":[{"href":"https:\/\/www.rothfuss-bestgabion.de\/es\/wp-json\/wp\/v2\/media?parent=7861"}],"curies":[{"name":"wp","href":"https:\/\/api.w.org\/{rel}","templated":true}]}}