{"id":3812,"date":"2018-11-20T10:15:27","date_gmt":"2018-11-20T09:15:27","guid":{"rendered":"https:\/\/www.rothfuss-bestgabion.de?page_id=3812"},"modified":"2024-09-19T14:48:07","modified_gmt":"2024-09-19T12:48:07","slug":"pie-de-imprenta","status":"publish","type":"page","link":"https:\/\/www.rothfuss-bestgabion.de\/es\/pie-de-imprenta","title":{"rendered":"Pie de imprenta"},"content":{"rendered":"<p>Datos conforme al Art. 5 de la ley alemana de servicios de telecomunicaci\u00f3n (TMG por sus siglas en alem\u00e1n)<\/p>\n<p>Rothfuss Best Gabion GmbH &amp; Co. KG<br \/>\nDr.-Oetker-Stra\u00dfe 30<br \/>\n54516 Wittlich<\/p>\n<p><strong>Representada por<br \/>\n<\/strong>representada por la socia gerente:<br \/>\nBest Metall Verwaltungs GmbH, Amtsgericht Wittlich (tribunal de distrito de Wittlich), HRB 40806 (responsable personalmente), representada por su(s) gerente(s): Axel Friedhoff<\/p>\n<p><strong>Contacto<br \/>\n<\/strong>Tel\u00e9fono: +49 6571 \/ 95233-0<br \/>\nFax: +49 6571 \/ 95233-55<br \/>\nCorreo electr\u00f3nico:\u00a0\u00a0\u00a0\u00a0 <a href=\"http:\/\/de-de.facebook.com\/policy.php\">kontakt@rbg.eu<\/a><br \/>\nDirecci\u00f3n de Internet:\u00a0\u00a0 <a href=\"http:\/\/www.rothfuss-bestgabion.de\">http:\/\/www.rothfuss-bestgabion.de<\/a><\/p>\n<p><strong>Inscripci\u00f3n en el registro<br \/>\n<\/strong>Inscripci\u00f3n en el registro mercantil<br \/>\nN\u00famero de registro: HRA 40336<br \/>\nTribunal de registro: Tribunal de distrito: 54516 Wittlich<\/p>\n<p><strong>N.\u00ba IVA<br \/>\n<\/strong>N\u00famero de identificaci\u00f3n a efectos del IVA conforme al Art. 27 a de la Ley relativa al impuesto sobre el volumen de negocios<br \/>\nDE 261 309 350<\/p>\n<p><strong>Exenci\u00f3n de responsabilidad<\/strong><\/p>\n<p><strong>Responsabilidad sobre los contenidos<br \/>\n<\/strong>En virtud del art\u00edculo 7, p\u00e1rr. 1 de la ley alemana de servicios de telecomunicaci\u00f3n (TMG por sus siglas en alem\u00e1n), como proveedores de servicios, somos responsables de los contenidos propios de estas p\u00e1ginas conforme a las leyes generales. Sin embargo, conforme a los art\u00edculos 8 a 10 de la TMG, como proveedores de servicios no estamos obligados a supervisar la informaci\u00f3n remitida o archivada por terceros, ni a investigar las circunstancias que pudieran ser indicios de una actividad ilegal.<\/p>\n<p>Las obligaciones de retirar o bloquear el uso de informaci\u00f3n seg\u00fan las leyes generales permanecen intactas. En tal caso la responsabilidad solamente se asumir\u00e1 a partir del momento en el que se tenga conocimiento de una infracci\u00f3n concreta. En cuanto tengamos conocimiento de infracciones jur\u00eddicas, retiraremos inmediatamente esos contenidos.<\/p>\n<p><strong>Responsabilidad sobre los enlaces<br \/>\n<\/strong>Nuestra oferta incluye enlaces para p\u00e1ginas web externas de terceros, sobre cuyo contenido no tenemos influencia. Por este motivo tampoco podemos asumir la responsabilidad de esos contenidos ajenos a nosotros. El proveedor de servicios o el propietario de dichas p\u00e1ginas ser\u00e1 siempre el responsable de los contenidos de las mismas. Las p\u00e1ginas web vinculadas fueron verificadas para ver si hab\u00eda alguna infracci\u00f3n jur\u00eddica en el momento en que el enlace fue establecido. No se hallaron contenidos ilegales en el momento de la vinculaci\u00f3n.<\/p>\n<p>Asimismo, no es exigible un control de contenidos permanente de las p\u00e1ginas vinculadas sin que medien indicios concretos de infracciones. En cuanto tengamos conocimiento de infracciones jur\u00eddicas, eliminaremos inmediatamente esos enlaces.<\/p>\n<p><strong>Derechos de autor<br \/>\n<\/strong>Los contenidos y obras realizados por los operadores en estos sitios se rigen por el derecho de autor alem\u00e1n. La reproducci\u00f3n, modificaci\u00f3n, divulgaci\u00f3n o cualquier tipo de aprovechamiento que supere los l\u00edmites de los derechos de autor exigen una autorizaci\u00f3n escrita del autor o del redactor. Las descargas y las copias de esta p\u00e1gina web est\u00e1n autorizadas exclusivamente para un uso privado, no comercial.<\/p>\n<p>En cuanto a los contenidos de esta p\u00e1gina que no hayan sido creados por el proveedor, quedar\u00e1n regidos por los derechos de autor de terceros. En especial, los contenidos de terceros aparecen se\u00f1alados como tales. Si a pesar de todo descubriera usted una infracci\u00f3n de derechos de autor, rogamos que nos la comunique. En cuanto tengamos conocimiento de infracciones jur\u00eddicas, retiraremos inmediatamente esos contenidos.<\/p>\n<p><strong>Declaraci\u00f3n de protecci\u00f3n de datos<\/strong><\/p>\n<p><strong>Protecci\u00f3n de datos<br \/>\n<\/strong>Los operadores de estas p\u00e1ginas se toman muy en serio la protecci\u00f3n de sus datos personales. Tratamos sus datos personales de forma confidencial y en conformidad con las prescripciones legales sobre protecci\u00f3n de datos y con la presente declaraci\u00f3n de protecci\u00f3n de datos.<\/p>\n<p>Por regla general, se puede usar nuestra p\u00e1gina web sin necesidad de indicar datos personales. Si en nuestras p\u00e1ginas se recopilan datos de car\u00e1cter personal (como nombre, direcci\u00f3n postal o direcci\u00f3n de correo electr\u00f3nico), se hace de forma voluntaria siempre que sea posible. Estos datos no se transmitir\u00e1n a terceros sin la autorizaci\u00f3n expresa del usuario.<\/p>\n<p>Advertimos que la transferencia de datos en Internet (por ejemplo, en la comunicaci\u00f3n por correo electr\u00f3nico) puede presentar lagunas de seguridad. La protecci\u00f3n completa de datos contra el acceso no autorizado por parte de terceros no es posible.<\/p>\n<p><strong>Declaraci\u00f3n de protecci\u00f3n de datos para el uso de plugins de Facebook (bot\u00f3n \u00abMe gusta\u00bb)<\/strong><br \/>\nEn nuestras p\u00e1ginas hay integrados plugins de la red social Facebook (proveedor: Facebook Inc., 1 Hacker Way, Menlo Park, California 94025, EE.\u00a0UU.). Reconocer\u00e1 los plugins de Facebook por el logotipo de Facebook o por el bot\u00f3n \u00abMe gusta\u00bb de nuestra p\u00e1gina. Encontrar\u00e1 aqu\u00ed una sinopsis de los plugins de Facebook:\u00a0<a href=\"http:\/\/developers.facebook.com\/docs\/plugins\/\">http:\/\/developers.facebook.com\/docs\/plugins\/<\/a>.<\/p>\n<p>Si visita nuestras p\u00e1ginas, se establece una conexi\u00f3n directa entre su navegador y el servidor de Facebook a trav\u00e9s del plugin. Facebook recibe la informaci\u00f3n de que usted ha visitado nuestra p\u00e1gina con su direcci\u00f3n IP. Si hace clic en el bot\u00f3n \u00abMe gusta\u00bb de Facebook mientras tiene sesi\u00f3n iniciada en su cuenta de Facebook, podr\u00e1 enlazar los contenidos de nuestras p\u00e1ginas en su perfil de Facebook. De este modo, Facebook puede asignar la visita de nuestras p\u00e1ginas a su cuenta de usuario. Advertimos que, como proveedores de las p\u00e1ginas no tenemos conocimiento del contenido de los datos transmitidos ni de su uso por parte de Facebook. Encontrar\u00e1 otras informaciones al respecto en la declaraci\u00f3n de protecci\u00f3n de datos de Facebook en <a href=\"http:\/\/de-de.facebook.com\/policy.php\">http:\/\/de-de.facebook.com\/policy.php<\/a>.<\/p>\n<p>Si no desea que Facebook pueda asignar la visita de nuestras p\u00e1ginas a su cuenta de usuario de Facebook, le rogamos cierre la sesi\u00f3n de su cuenta de usuario de Facebook.<\/p>\n<p><strong>Declaraci\u00f3n de protecci\u00f3n de datos para el uso de Google Analytics<br \/>\n<\/strong>Este sitio web utiliza funciones del servicio de an\u00e1lisis web Google Analytics. El proveedor del mismo es Google Inc., 1600 Amphitheatre Parkway Mountain View, CA 94043, EE.\u00a0UU.<\/p>\n<p>Google Analytics utiliza las denominadas \u00abcookies\u00bb, archivos de texto que se guardan en su ordenador y posibilitan el an\u00e1lisis del uso que usted hace del sitio web. La informaci\u00f3n generada por la cookie sobre el uso que usted hace de este sitio web se transmite generalmente a un servidor de Google en EE.UU. y se guarda all\u00ed.<\/p>\n<p>Encontrar\u00e1 m\u00e1s informaci\u00f3n sobre el uso que Google Analytics hace de los datos de usuario en la declaraci\u00f3n de protecci\u00f3n de datos de Google: <a href=\"https:\/\/support.google.com\/analytics\/answer\/6004245?hl=de\">https:\/\/support.google.com\/analytics\/answer\/6004245?hl=de<\/a><\/p>\n<p><strong>Plugin de navegador<br \/>\n<\/strong>Usted puede evitar el almacenamiento de cookies seleccionando la configuraci\u00f3n apropiada de su navegador; le informamos, sin embargo, que en este caso no podr\u00e1 hacer pleno uso de todas las caracter\u00edsticas de esta p\u00e1gina web. Tambi\u00e9n puede evitar el registro de los datos que genera la cookie, relacionados con el uso que usted hace de la p\u00e1gina web (incluyendo su direcci\u00f3n IP) por parte de Google, as\u00ed como el procesamiento de dichos datos, descargando e instalando el plugin para navegador que encontrar\u00e1 disponible a trav\u00e9s del siguiente enlace: <a href=\"https:\/\/tools.google.com\/dlpage\/gaoptout?hl=de\">https:\/\/tools.google.com\/dlpage\/gaoptout?hl=de<\/a><\/p>\n<p><strong>Rechazo del registro de datos<br \/>\n<\/strong>Puede rechazar el registro de datos por parte de Google Analytics haciendo clic en el siguiente enlace. Se establece una cookie de rechazo que evita el registro de sus datos en sus futuras visitas a este sitio web: Desactivar Google Analytics<\/p>\n<p><strong>Procesamiento de datos de pedido<br \/>\n<\/strong>Hemos suscrito un contrato con Google para el procesamiento de datos de pedido y aplicamos en su totalidad las prescripciones m\u00e1s estrictas de las autoridades alemanas en materia de protecci\u00f3n de datos a la hora de utilizar Google Analytics.<\/p>\n<p><strong>Declaraci\u00f3n de protecci\u00f3n de datos para el uso de Google+<br \/>\n<\/strong>Nuestras p\u00e1ginas utilizan funciones de Google+. El proveedor del mismo es Google Inc., 1600 Amphitheatre Parkway Mountain View, CA 94043, EE.\u00a0UU.<\/p>\n<p>Registro y transmisi\u00f3n de informaciones: El bot\u00f3n Google+ le permite publicar informaci\u00f3n en todo el mundo. El bot\u00f3n Google+ le da a usted y a otros usuarios contenidos personalizados de Google y de nuestros asociados. Google almacena tanto la informaci\u00f3n que facilit\u00f3 como contenido +1, as\u00ed como informaci\u00f3n sobre la p\u00e1gina que estaba viendo cuando hizo clic en +1. Sus +1, junto con su nombre y foto de perfil, pueden aparecer en los servicios de Google, como por ejemplo en resultados de b\u00fasquedas, en su perfil de Google o en alg\u00fan otro lado en p\u00e1ginas web y anuncios de Internet.<\/p>\n<p>Google registra informaci\u00f3n sobre su actividad +1 para mejorar los servicios de Google en relaci\u00f3n con usted y con otras personas. Para utilizar el bot\u00f3n +1 de Google, necesita tener un perfil de Google p\u00fablico y visible globalmente que contenga al menos el nombre de perfil elegido. Este nombre se utiliza en todos los servicios de Google. En algunos casos, este nombre tambi\u00e9n puede sustituir a otro nombre que usted utiliz\u00f3 al compartir contenidos a trav\u00e9s de su cuenta de Google. La identidad de su perfil de Google puede ser vista por usuarios que conocen su direcci\u00f3n de correo electr\u00f3nico o tienen otra informaci\u00f3n de identificaci\u00f3n sobre usted.<\/p>\n<p>Prop\u00f3sito de las informaciones recogidas: Adem\u00e1s de los prop\u00f3sitos que se describen anteriormente, la informaci\u00f3n que usted facilite ser\u00e1 utilizada de acuerdo con la pol\u00edtica de privacidad de Google vigente. Google puede publicar estad\u00edsticas agregadas sobre la actividad +1 de los usuarios o compartirlas con usuarios y asociados, como por ejemplo editores, publicistas o p\u00e1ginas web afiliadas.<\/p>\n<p><strong>Declaraci\u00f3n de protecci\u00f3n de datos para el uso de Instagram<br \/>\n<\/strong>En nuestras p\u00e1ginas hay vinculadas funciones del servicio Instagram. Estas funciones se integran ofertadas por Instagram Inc., 1601 Willow Road, Menlo Park, CA, 94025, EE.\u00a0UU. Si ha iniciado sesi\u00f3n en su cuenta de Instagram puede enlazar los contenidos de nuestras p\u00e1ginas con su perfil de Instagram haciendo clic en el bot\u00f3n de Instagram. De este modo, Instagram puede asignar la visita de nuestras p\u00e1ginas a su cuenta de usuario. Advertimos que, como proveedores de las p\u00e1ginas no tenemos conocimiento del contenido de los datos transmitidos ni de su uso por parte de Instagram.<\/p>\n<p>Encontrar\u00e1 otras informaciones al respecto en la declaraci\u00f3n de protecci\u00f3n de datos de Instagram: <a href=\"http:\/\/instagram.com\/about\/legal\/privacy\/\">http:\/\/instagram.com\/about\/legal\/privacy\/<\/a><\/p>\n<p><strong>Declaraci\u00f3n de protecci\u00f3n de datos para el uso de LinkedIn<br \/>\n<\/strong>Nuestro sitio web utiliza funciones de la red LinkedIn. El proveedor es LinkedIn Corporation, 2029 Stierlin Court, Mountain View, CA 94043, EE.\u00a0UU. Cada vez que se accede a alguna de nuestras p\u00e1ginas que contienen funciones de LinkedIn, se establece una conexi\u00f3n con los servidores de LinkedIn. Se informa a LinkedIn de que usted ha visitado nuestras p\u00e1ginas de Internet con su direcci\u00f3n IP. Si hace clic en el bot\u00f3n de \u00abrecomendar\u00bb de LinkedIn y ha iniciado sesi\u00f3n en su cuenta de LinkedIn, LinkedIn podr\u00e1 asignar su visita a nuestro sitio de Internet a usted y a su cuenta de usuario. Advertimos que, como proveedores de las p\u00e1ginas no tenemos conocimiento del contenido de los datos transmitidos ni de su uso por parte de<\/p>\n<p>LinkedIn. Encontrar\u00e1 otras informaciones al respecto en la declaraci\u00f3n de protecci\u00f3n de datos de LinkedIn en: <a href=\"https:\/\/www.linkedin.com\/legal\/privacy-policy\">https:\/\/www.linkedin.com\/legal\/privacy-policy\u00a0<\/a><\/p>\n<p><strong>Declaraci\u00f3n de protecci\u00f3n de datos para el uso de Twitter<br \/>\n<\/strong>En nuestras p\u00e1ginas hay vinculadas funciones del servicio Twitter. Estas funciones se ofrecen a trav\u00e9s de Twitter Inc., 1355 Market Street, Suite 900, San Francisco, CA 94103, EE.\u00a0UU. A trav\u00e9s del uso de Twitter y de la funci\u00f3n \u00abRetuitear\u00bb, los sitios web que ha visitado se vinculan a su cuenta de Twitter y se dan a conocer a otros usuarios. Tambi\u00e9n se transfieren datos a Twitter. Advertimos que, como proveedores de las p\u00e1ginas no tenemos conocimiento del contenido de los datos transmitidos ni de su uso por parte de Twitter. Encontrar\u00e1 otras informaciones al respecto en la declaraci\u00f3n de protecci\u00f3n de datos de Twitter en <a href=\"http:\/\/twitter.com\/privacy\">http:\/\/twitter.com\/privacy<\/a>.<\/p>\n<p>Podr\u00e1 modificar sus ajustes sobre protecci\u00f3n de datos en Twitter en sus ajustes de cuenta en <a href=\"http:\/\/twitter.com\/account\/settings\">http:\/\/twitter.com\/account\/settings<\/a>.<\/p>\n<p><strong>Declaraci\u00f3n de protecci\u00f3n de datos para el uso de Xing<br \/>\n<\/strong>Nuestro sitio web utiliza funciones de la red XING. El proveedor es XING AG, Dammtorstra\u00dfe 29-32, 20354 Hamburgo, Alemania. Cada vez que se accede a alguna de nuestras p\u00e1ginas que contienen funciones de Xing, se establece una conexi\u00f3n con los servidores de Xing. Por lo que sabemos, no se realiza ning\u00fan almacenamiento de datos personales. En especial, no se guardan direcciones IP ni se eval\u00faa el comportamiento de uso.<\/p>\n<p>Encontrar\u00e1 m\u00e1s informaci\u00f3n sobre la protecci\u00f3n de datos y el bot\u00f3n Compartir de Xing en la declaraci\u00f3n de protecci\u00f3n de datos de Xing en <a href=\"https:\/\/www.xing.com\/app\/share?op=data_protection\">https:\/\/www.xing.com\/app\/share?op=data_protection<\/a><\/p>\n<p><strong>Informaci\u00f3n, eliminaci\u00f3n, bloqueo<br \/>\n<\/strong>Tiene derecho a recibir en todo momento y de forma gratuita informaci\u00f3n sobre sus datos personales almacenados, su origen y su destinatario, y la finalidad de su procesamiento. Asimismo, tiene derecho a rectificar, bloquear y eliminar dichos datos. A este respecto y sobre otras cuestiones relacionadas con el tema de los datos personales, puede dirigirse a nosotros en todo momento a trav\u00e9s de la direcci\u00f3n indicada en el pie de imprenta.<\/p>\n<p><strong>Cookies<br \/>\n<\/strong>Las p\u00e1ginas de Internet utilizan en parte las denominadas cookies. Las cookies no da\u00f1an el ordenador y no contienen virus. Las cookies sirven para hacer nuestro servicio m\u00e1s eficaz, seguro y f\u00e1cil de utilizar por parte del usuario. Las cookies son peque\u00f1os archivos de texto que se descargan en su ordenador y que su navegador guarda.<\/p>\n<p>La mayor\u00eda de las cookies que utilizamos se denominan \u00abcookies de sesi\u00f3n\u00bb. Estas cookies se eliminan autom\u00e1ticamente al final de su visita. Otras cookies permanecen guardadas en su dispositivo terminal hasta que las elimina. Estas cookies nos permitir\u00e1n reconocer su navegador la pr\u00f3xima vez que visite nuestro sitio web.<\/p>\n<p>Puede configurar su navegador de tal manera que le informe de cu\u00e1ndo se van a almacenar cookies, y as\u00ed poder decidir si las acepta en cada caso, si no las acepta en determinados casos o por regla general, o si activa su eliminaci\u00f3n autom\u00e1tica al cerrar el navegador. Al desactivar las cookies puede verse limitada la funcionalidad de este sitio web.<\/p>\n<p><strong>Archivos de registro de servidor<br \/>\n<\/strong>El proveedor de las p\u00e1ginas obtiene y almacena autom\u00e1ticamente informaciones en los llamados archivos de registro de servidor, que su navegador nos transmite autom\u00e1ticamente. Estas son:<\/p>\n<ul>\n<li>tipo de navegador \/ versi\u00f3n de navegador<\/li>\n<li>sistema operativo utilizado<\/li>\n<li>URL del remitente<\/li>\n<li>nombre de equipo del ordenador que se usa para acceder<\/li>\n<li>hora de la consulta de servidor<\/li>\n<\/ul>\n<p>Estos datos no son asignables a personas concretas. No se realiza ninguna vinculaci\u00f3n de estos datos a otras fuentes de datos. Nos reservamos el derecho a comprobar posteriormente estos datos si tenemos conocimiento de indicios de uso indebido.<\/p>\n<p><strong>Formulario de contacto<br \/>\n<\/strong>Si nos env\u00eda consultas mediante formulario de contacto, guardaremos sus datos del formulario, incluidos los datos de contacto indicados en \u00e9l, con el fin de atender la consulta y para casos de consultas posteriores. No facilitaremos estos datos sin su consentimiento.<\/p>\n<p><strong>Rechazo de correos publicitarios<br \/>\n<\/strong>El uso de los datos de contacto publicados por obligaci\u00f3n en el pie de imprenta queda prohibido para el env\u00edo de publicidad y materiales informativos no solicitados expl\u00edcitamente. Los operadores de los sitios se reservan expresamente el derecho de emprender medidas legales en caso de env\u00edo no deseado de informaci\u00f3n publicitaria, por ejemplo a trav\u00e9s de correos no deseados (<em>spam<\/em>).<\/p>\n<p><strong>Datos del bolet\u00edn<br \/>\n<\/strong>Si desea obtener el bolet\u00edn ofrecido en el sitio web, necesitamos que nos proporcione una direcci\u00f3n de correo electr\u00f3nico as\u00ed como informaciones que nos permitan comprobar que es usted el titular de la direcci\u00f3n indicada y que est\u00e1 de acuerdo con la recepci\u00f3n del bolet\u00edn. No se obtienen otros datos. Empleamos estos datos exclusivamente para el env\u00edo de la informaci\u00f3n solicitada y no los entregamos a terceros.<\/p>\n<p>Podr\u00e1 revocar en todo momento el consentimiento otorgado para el almacenamiento de los datos y de la direcci\u00f3n de correo electr\u00f3nico, as\u00ed como su uso para el env\u00edo del bolet\u00edn; por ejemplo, haciendo clic en el enlace del bolet\u00edn para cancelar la suscripci\u00f3n.<\/p>\n<p><strong>Encargado de protecci\u00f3n de datos<\/strong><\/p>\n<p>D. Fritz Friedhoff<\/p>\n<p>Tel\u00e9fono: +49 (0) 6571 \/ 95 233-60<\/p>\n<p>Fax: +49 (0) 6571 \/ 95 233-250<\/p>\n<p>Correo electr\u00f3nico:\u00a0\u00a0\u00a0\u00a0\u00a0\u00a0 <a href=\"mailto:fritz.friedhoff@rbg.eu\">fritz.friedhoff@rbg.eu<\/a><\/p>\n<p>Rothfuss Best Gabion GmbH &amp; Co. KG<\/p>\n<p>Dr.-Oetker-Stra\u00dfe 30<\/p>\n<p>D-54516 Wittlich<\/p>\n","protected":false},"excerpt":{"rendered":"<p>Datos conforme al Art. 5 de la ley alemana de servicios de telecomunicaci\u00f3n (TMG por sus siglas en alem\u00e1n) Rothfuss Best Gabion GmbH &amp; Co. KG<span class=\"excerpt-hellip\"> [\u2026]<\/span><\/p>\n","protected":false},"author":3,"featured_media":0,"parent":0,"menu_order":0,"comment_status":"closed","ping_status":"closed","template":"","meta":{"footnotes":""},"class_list":["post-3812","page","type-page","status-publish","hentry"],"_links":{"self":[{"href":"https:\/\/www.rothfuss-bestgabion.de\/es\/wp-json\/wp\/v2\/pages\/3812","targetHints":{"allow":["GET"]}}],"collection":[{"href":"https:\/\/www.rothfuss-bestgabion.de\/es\/wp-json\/wp\/v2\/pages"}],"about":[{"href":"https:\/\/www.rothfuss-bestgabion.de\/es\/wp-json\/wp\/v2\/types\/page"}],"author":[{"embeddable":true,"href":"https:\/\/www.rothfuss-bestgabion.de\/es\/wp-json\/wp\/v2\/users\/3"}],"replies":[{"embeddable":true,"href":"https:\/\/www.rothfuss-bestgabion.de\/es\/wp-json\/wp\/v2\/comments?post=3812"}],"version-history":[{"count":7,"href":"https:\/\/www.rothfuss-bestgabion.de\/es\/wp-json\/wp\/v2\/pages\/3812\/revisions"}],"predecessor-version":[{"id":19184,"href":"https:\/\/www.rothfuss-bestgabion.de\/es\/wp-json\/wp\/v2\/pages\/3812\/revisions\/19184"}],"wp:attachment":[{"href":"https:\/\/www.rothfuss-bestgabion.de\/es\/wp-json\/wp\/v2\/media?parent=3812"}],"curies":[{"name":"wp","href":"https:\/\/api.w.org\/{rel}","templated":true}]}}