{"id":3807,"date":"2018-11-20T08:48:29","date_gmt":"2018-11-20T07:48:29","guid":{"rendered":"https:\/\/www.rothfuss-bestgabion.de?page_id=3807"},"modified":"2019-01-07T00:38:50","modified_gmt":"2019-01-06T23:38:50","slug":"revestimiento-de-muros","status":"publish","type":"page","link":"https:\/\/www.rothfuss-bestgabion.de\/es\/revestimiento-de-muros","title":{"rendered":"Revestimiento de muros"},"content":{"rendered":"<h4>Para objetos con car\u00e1cter individual<\/h4>\n<ul>\n<li style=\"text-align: left;\">Fachadas de piedra natural en una nueva \u00f3ptica<\/li>\n<li style=\"text-align: left;\">Sistema de t\u00e9cnica sofisticada<\/li>\n<li style=\"text-align: left;\">Relleno de las cestas en el suelo<\/li>\n<li style=\"text-align: left;\">Enganche de las cestas en un sistema de rieles probado<\/li>\n<li style=\"text-align: left;\">Fijaci\u00f3n directa a la pared de hormig\u00f3n armado<\/li>\n<li style=\"text-align: left;\">No se requieren cimientos, ya que la carga se aplica directamente al muro exterior<\/li>\n<\/ul>\n<p>Con los gaviones de revestimiento de muros podr\u00e1 ennoblecer de forma personalizada cualquier objeto con muros de hormig\u00f3n armado.<\/p>\n<h4>Campos de aplicaci\u00f3n<\/h4>\n<ul>\n<li style=\"text-align: left;\">Revestimiento de muros de contenci\u00f3n y edificios<\/li>\n<\/ul>\n<h4>Informaciones generales<\/h4>\n<ul>\n<li style=\"text-align: left;\">Mallas de alambre soldadas por puntos y con recubrimiento de zinc y aluminio (95% zinc, 5% aluminio)<\/li>\n<li style=\"text-align: left;\">Cesta premontada de dimensiones 99,5 x 14,5 x 49 cm<\/li>\n<li style=\"text-align: left;\">Di\u00e1metro del alambre de la cara frontal 3,5 mm, di\u00e1metro del alambre de las dem\u00e1s rejillas 4,5 mm, luz de malla 5&#215;10 cm<\/li>\n<li style=\"text-align: left;\">Longitud total de solo 16,5 cm<\/li>\n<li style=\"text-align: left;\">Resistencia m\u00ednima a la tracci\u00f3n de todos los art\u00edculos de alambre 450 N\/mm<sup>2 <\/sup><\/li>\n<li style=\"text-align: left;\">3000 horas de ensayo de niebla salina conforme a la norma DIN EN ISO 9227-NSS<\/li>\n<\/ul>\n<h4>Material de relleno<\/h4>\n<p>Como material de relleno pueden emplearse piedras naturales de diversos colores y formas.<\/p>\n<p>&nbsp;<\/p>\n","protected":false},"excerpt":{"rendered":"<p>Para objetos con car\u00e1cter individual Fachadas de piedra natural en una nueva \u00f3ptica Sistema de t\u00e9cnica sofisticada Relleno de las cestas en el suelo Enganche de<span class=\"excerpt-hellip\"> [\u2026]<\/span><\/p>\n","protected":false},"author":3,"featured_media":9571,"parent":0,"menu_order":0,"comment_status":"closed","ping_status":"closed","template":"","meta":{"footnotes":""},"class_list":["post-3807","page","type-page","status-publish","has-post-thumbnail","hentry"],"_links":{"self":[{"href":"https:\/\/www.rothfuss-bestgabion.de\/es\/wp-json\/wp\/v2\/pages\/3807","targetHints":{"allow":["GET"]}}],"collection":[{"href":"https:\/\/www.rothfuss-bestgabion.de\/es\/wp-json\/wp\/v2\/pages"}],"about":[{"href":"https:\/\/www.rothfuss-bestgabion.de\/es\/wp-json\/wp\/v2\/types\/page"}],"author":[{"embeddable":true,"href":"https:\/\/www.rothfuss-bestgabion.de\/es\/wp-json\/wp\/v2\/users\/3"}],"replies":[{"embeddable":true,"href":"https:\/\/www.rothfuss-bestgabion.de\/es\/wp-json\/wp\/v2\/comments?post=3807"}],"version-history":[{"count":3,"href":"https:\/\/www.rothfuss-bestgabion.de\/es\/wp-json\/wp\/v2\/pages\/3807\/revisions"}],"predecessor-version":[{"id":3811,"href":"https:\/\/www.rothfuss-bestgabion.de\/es\/wp-json\/wp\/v2\/pages\/3807\/revisions\/3811"}],"wp:featuredmedia":[{"embeddable":true,"href":"https:\/\/www.rothfuss-bestgabion.de\/es\/wp-json\/wp\/v2\/media\/9571"}],"wp:attachment":[{"href":"https:\/\/www.rothfuss-bestgabion.de\/es\/wp-json\/wp\/v2\/media?parent=3807"}],"curies":[{"name":"wp","href":"https:\/\/api.w.org\/{rel}","templated":true}]}}