{"id":3801,"date":"2018-11-20T08:27:27","date_gmt":"2018-11-20T07:27:27","guid":{"rendered":"https:\/\/www.rothfuss-bestgabion.de?page_id=3801"},"modified":"2023-01-03T14:22:12","modified_gmt":"2023-01-03T13:22:12","slug":"blicks-professional-2","status":"publish","type":"page","link":"https:\/\/www.rothfuss-bestgabion.de\/es\/blicks-professional-2","title":{"rendered":"BLICKS Professional"},"content":{"rendered":"<h4>Sistema de valla de gaviones de alta calidad formado por mallas y postes de tubo redondo galvanizados<\/h4>\n<ul>\n<li style=\"list-style-type: none;\">\n<ul>\n<li style=\"text-align: left;\">F\u00e1cil montaje<\/li>\n<li style=\"text-align: left;\">Econ\u00f3mico<\/li>\n<li style=\"text-align: left;\">Adaptable in situ<\/li>\n<\/ul>\n<\/li>\n<\/ul>\n<ul>\n<li style=\"list-style-type: none;\"><\/li>\n<\/ul>\n<h4>Campos de aplicaci\u00f3n<\/h4>\n<ul>\n<li style=\"list-style-type: none;\">\n<ul>\n<li style=\"text-align: left;\">Cerramiento de parcelas<\/li>\n<li style=\"text-align: left;\">Protecci\u00f3n de privacidad<\/li>\n<li style=\"text-align: left;\">Paisajismo<\/li>\n<\/ul>\n<\/li>\n<\/ul>\n<ul>\n<li style=\"list-style-type: none;\"><\/li>\n<\/ul>\n<h4>Informaciones generales<\/h4>\n<ul>\n<li style=\"list-style-type: none;\">\n<ul>\n<li style=\"text-align: left;\">Rejillas de alambre soldadas por puntos y con recubrimiento de zinc y aluminio (95% zinc \/ 5% aluminio)<\/li>\n<li style=\"text-align: left;\">Anchura de valla 23 o 30 cm<\/li>\n<li style=\"text-align: left;\">Con luz de malla de 2,5&#215;10 cm, 5&#215;10 cm o 5&#215;20 cm a elegir<\/li>\n<li style=\"text-align: left;\">Rejillas en diferentes di\u00e1metros del alambre<\/li>\n<li style=\"text-align: left;\">Soluci\u00f3n para esquinas sin piezas adicionales<\/li>\n<li style=\"text-align: left;\">C\u00f3modo relleno en pasos de 1 m<\/li>\n<li style=\"text-align: left;\">Longitudes y alturas variables<\/li>\n<li style=\"text-align: left;\">Resistencia m\u00ednima a la tracci\u00f3n de todos los art\u00edculos 450 N\/mm<sup>\u00b2<\/sup><\/li>\n<li style=\"text-align: left;\">3000 horas de ensayo de niebla salina conforme a la norma DIN EN ISO 9227-NSS<\/li>\n<li style=\"text-align: left;\">Todas las piezas prefabricadas a medida para su enganche<\/li>\n<li style=\"text-align: left;\">M\u00f3dulos con 2 postes de tubo redondo cada uno (interiores) para hormigonar en la base o para su anclaje en suelo con placas de apoyo soldadas<\/li>\n<li style=\"text-align: left;\">Relleno con piedra natural de su elecci\u00f3n<\/li>\n<li style=\"text-align: left;\">Ampliable con m\u00f3dulos de extensi\u00f3n<\/li>\n<\/ul>\n<\/li>\n<\/ul>\n<ul>\n<li style=\"list-style-type: none;\"><\/li>\n<\/ul>\n<ul>\n<li style=\"list-style-type: none;\"><\/li>\n<\/ul>\n<ul>\n<li style=\"list-style-type: none;\"><\/li>\n<\/ul>\n<ul>\n<li style=\"list-style-type: none;\"><\/li>\n<\/ul>\n<ul>\n<li style=\"list-style-type: none;\"><\/li>\n<\/ul>\n<ul>\n<li style=\"list-style-type: none;\"><\/li>\n<\/ul>\n<ul>\n<li style=\"list-style-type: none;\"><\/li>\n<\/ul>\n<ul>\n<li style=\"list-style-type: none;\"><\/li>\n<\/ul>\n<ul>\n<li style=\"list-style-type: none;\"><\/li>\n<\/ul>\n<ul>\n<li style=\"list-style-type: none;\"><\/li>\n<\/ul>\n<ul>\n<li style=\"list-style-type: none;\"><\/li>\n<\/ul>\n<h4>Material de relleno<\/h4>\n<p>Todas las piedras naturales resistentes a la congelaci\u00f3n y la intemperie y mayores que la luz de malla elegida.<\/p>\n<h4>M\u00f3dulo base<\/h4>\n<p>El m\u00f3dulo base (a la izquierda en la imagen) consta de un juego completo que incluye mallas laterales y de coronaci\u00f3n y dos postes para hormigonar.<br \/>\nDe forma opcional hay disponibles tambi\u00e9n placas de apoyo para atornillar, incl. 4 orificios de \u00d8 14 mm.<\/p>\n<h4>M\u00f3dulo de extensi\u00f3n<\/h4>\n<p>El m\u00f3dulo de extensi\u00f3n (a la derecha en la imagen) se suministra sin paredes laterales, ya que estas ya est\u00e1n incluidas en el m\u00f3dulo base.<\/p>\n<h4>Nota t\u00e9cnica<\/h4>\n<p>Se deber\u00e1 realizar una evaluaci\u00f3n profesional del terreno de construcci\u00f3n. La instalaci\u00f3n del sistema de valla deber\u00e1 realizarse con protecci\u00f3n contra las heladas sobre un terreno con suficiente capacidad de carga y con hormig\u00f3n de calidad C 25\/30. Las dimensiones de la cimentaci\u00f3n se deber\u00e1n adaptar conforme a las particularidades locales.<\/p>\n<h4><span lang=\"EN-US\">Escoja longitud, ancho, altura y paso de malla, seg\u00fan sus necesidades<\/span><strong>:<\/strong><\/h4>\n","protected":false},"excerpt":{"rendered":"<p>Sistema de valla de gaviones de alta calidad formado por mallas y postes de tubo redondo galvanizados F\u00e1cil montaje Econ\u00f3mico Adaptable in situ Campos de aplicaci\u00f3n<span class=\"excerpt-hellip\"> [\u2026]<\/span><\/p>\n","protected":false},"author":3,"featured_media":0,"parent":0,"menu_order":0,"comment_status":"closed","ping_status":"closed","template":"","meta":{"footnotes":""},"class_list":["post-3801","page","type-page","status-publish","hentry"],"_links":{"self":[{"href":"https:\/\/www.rothfuss-bestgabion.de\/es\/wp-json\/wp\/v2\/pages\/3801","targetHints":{"allow":["GET"]}}],"collection":[{"href":"https:\/\/www.rothfuss-bestgabion.de\/es\/wp-json\/wp\/v2\/pages"}],"about":[{"href":"https:\/\/www.rothfuss-bestgabion.de\/es\/wp-json\/wp\/v2\/types\/page"}],"author":[{"embeddable":true,"href":"https:\/\/www.rothfuss-bestgabion.de\/es\/wp-json\/wp\/v2\/users\/3"}],"replies":[{"embeddable":true,"href":"https:\/\/www.rothfuss-bestgabion.de\/es\/wp-json\/wp\/v2\/comments?post=3801"}],"version-history":[{"count":6,"href":"https:\/\/www.rothfuss-bestgabion.de\/es\/wp-json\/wp\/v2\/pages\/3801\/revisions"}],"predecessor-version":[{"id":9100,"href":"https:\/\/www.rothfuss-bestgabion.de\/es\/wp-json\/wp\/v2\/pages\/3801\/revisions\/9100"}],"wp:attachment":[{"href":"https:\/\/www.rothfuss-bestgabion.de\/es\/wp-json\/wp\/v2\/media?parent=3801"}],"curies":[{"name":"wp","href":"https:\/\/api.w.org\/{rel}","templated":true}]}}