{"id":3797,"date":"2018-11-20T08:17:40","date_gmt":"2018-11-20T07:17:40","guid":{"rendered":"https:\/\/www.rothfuss-bestgabion.de?page_id=3797"},"modified":"2023-05-10T02:55:37","modified_gmt":"2023-05-10T00:55:37","slug":"silent-plus","status":"publish","type":"page","link":"https:\/\/www.rothfuss-bestgabion.de\/es\/silent-plus","title":{"rendered":"Silent Plus"},"content":{"rendered":"<p>Gavi\u00f3n de protecci\u00f3n ac\u00fastica con n\u00facleo de arena<\/p>\n<p>Silent Plus es un sistema de cesta multic\u00e1mara formado por el sistema de cierre r\u00e1pido <strong>monotec<\/strong><strong><span style=\"color: #ff0000;\">R<\/span><\/strong><sup>\u00ae<\/sup><\/p>\n<ul>\n<li>Combina la atractiva protecci\u00f3n de privacidad con una protecci\u00f3n ac\u00fastica altamente eficaz<\/li>\n<\/ul>\n<p>Gracias al montaje de un saco de geotextil en la c\u00e1mara central, que se rellena de arena, queda garantizada una estructura sin juntas de la capa de aislamiento ac\u00fastico.<\/p>\n<p>Al rellenar las c\u00e1maras exteriores con piedras gruesas, se consiguen propiedades de elevada absorci\u00f3n ac\u00fastica. En caso de que existan mayores exigencias, es posible rellenar una de las c\u00e1maras exteriores con lava porosa. Con ello se obtienen propiedades de alta absorci\u00f3n.<\/p>\n<h4>Campos de aplicaci\u00f3n<\/h4>\n<ul>\n<li>Muros de protecci\u00f3n ac\u00fastica en la construcci\u00f3n industrial, residencial y de carreteras<\/li>\n<\/ul>\n<h4>Informaciones generales<\/h4>\n<ul>\n<li style=\"text-align: left;\">Mallas de alambre con riesgo de lesi\u00f3n bajo, soldadas por puntos y con recubrimiento de zinc y aluminio (95% zinc \/ 5% aluminio)<\/li>\n<li style=\"text-align: left;\">Disponible con un di\u00e1metro del alambre est\u00e1ndar de 4,5 mm o de 5,0 mm como alternativa<\/li>\n<li style=\"text-align: left;\">Enrejados delantero, trasero y lateral de cierre con una luz de malla de 5\u00d710 cm<\/li>\n<li style=\"text-align: left;\">Todas las dem\u00e1s rejillas con una luz de malla de 10\u00d710 cm<\/li>\n<li style=\"text-align: left;\">Di\u00e1metro del alambre de pasador 6,0 mm<\/li>\n<li style=\"text-align: left;\">Resistencia m\u00ednima a la tracci\u00f3n de todos los art\u00edculos de alambre 450 N\/mm<sup>2 <\/sup><\/li>\n<li style=\"text-align: left;\">3000 horas de ensayo de niebla salina conforme a la norma DIN EN ISO 9227-NSS<\/li>\n<li style=\"text-align: left;\">Absorbente 7dB, grupo A2, o altamente absorbente &gt; 15 dB, grupo A5, conforme a la norma DIN EN 1793-1, ZTV LSW 06<\/li>\n<li style=\"text-align: left;\">Aislamiento ac\u00fastico de 37 dB, grupo B4, conforme a la norma DIN EN 1793-2,<\/li>\n<\/ul>\n<h4>Material de relleno<\/h4>\n<p>Propiedades de insonorizaci\u00f3n con el relleno con piedras gruesas de granulometr\u00eda 63\/125 mm<\/p>\n<p>Relleno de la c\u00e1mara exterior con lava porosa para las exigencias m\u00e1s altas<\/p>\n<h4>Usted elige:<\/h4>\n<p>tama\u00f1os de cesta est\u00e1ndar<\/p>\n<ul>\n<li style=\"text-align: left;\">200 x 100 x 100 cm<\/li>\n<li style=\"text-align: left;\">200 x 100 x 50 cm<\/li>\n<li style=\"text-align: left;\">100 x 100 x 100 cm<\/li>\n<li style=\"text-align: left;\">100 x 100 x 50 cm<\/li>\n<\/ul>\n","protected":false},"excerpt":{"rendered":"<p>Gavi\u00f3n de protecci\u00f3n ac\u00fastica con n\u00facleo de arena Silent Plus es un sistema de cesta multic\u00e1mara formado por el sistema de cierre r\u00e1pido monotecR\u00ae Combina la<span class=\"excerpt-hellip\"> [\u2026]<\/span><\/p>\n","protected":false},"author":3,"featured_media":9555,"parent":0,"menu_order":0,"comment_status":"closed","ping_status":"closed","template":"","meta":{"footnotes":""},"class_list":["post-3797","page","type-page","status-publish","has-post-thumbnail","hentry"],"_links":{"self":[{"href":"https:\/\/www.rothfuss-bestgabion.de\/es\/wp-json\/wp\/v2\/pages\/3797","targetHints":{"allow":["GET"]}}],"collection":[{"href":"https:\/\/www.rothfuss-bestgabion.de\/es\/wp-json\/wp\/v2\/pages"}],"about":[{"href":"https:\/\/www.rothfuss-bestgabion.de\/es\/wp-json\/wp\/v2\/types\/page"}],"author":[{"embeddable":true,"href":"https:\/\/www.rothfuss-bestgabion.de\/es\/wp-json\/wp\/v2\/users\/3"}],"replies":[{"embeddable":true,"href":"https:\/\/www.rothfuss-bestgabion.de\/es\/wp-json\/wp\/v2\/comments?post=3797"}],"version-history":[{"count":4,"href":"https:\/\/www.rothfuss-bestgabion.de\/es\/wp-json\/wp\/v2\/pages\/3797\/revisions"}],"predecessor-version":[{"id":13126,"href":"https:\/\/www.rothfuss-bestgabion.de\/es\/wp-json\/wp\/v2\/pages\/3797\/revisions\/13126"}],"wp:featuredmedia":[{"embeddable":true,"href":"https:\/\/www.rothfuss-bestgabion.de\/es\/wp-json\/wp\/v2\/media\/9555"}],"wp:attachment":[{"href":"https:\/\/www.rothfuss-bestgabion.de\/es\/wp-json\/wp\/v2\/media?parent=3797"}],"curies":[{"name":"wp","href":"https:\/\/api.w.org\/{rel}","templated":true}]}}