{"id":3789,"date":"2018-11-20T07:42:22","date_gmt":"2018-11-20T06:42:22","guid":{"rendered":"https:\/\/www.rothfuss-bestgabion.de?page_id=3789"},"modified":"2019-02-12T14:43:04","modified_gmt":"2019-02-12T13:43:04","slug":"gavion-de-transporte-tsk","status":"publish","type":"page","link":"https:\/\/www.rothfuss-bestgabion.de\/es\/gavion-de-transporte-tsk","title":{"rendered":"Gavi\u00f3n de transporte TSK"},"content":{"rendered":"<h4><span style=\"color: #d42e12;\">TSK<\/span><\/h4>\n<h4>El gavi\u00f3n de transporte<\/h4>\n<ul>\n<li style=\"list-style-type: none;\"><\/li>\n<\/ul>\n<p>El gavi\u00f3n de transporte\u00a0<span style=\"color: #d42e12;\">TSK<\/span> es una cesta transportable rellenada \u00a0en f\u00e1brica. Gracias al compactado a m\u00e1quina, el gavi\u00f3n de transporte <span style=\"color: #d42e12;\">TSK<\/span> es especialmente indeformable.<\/p>\n<p>Dado que los <span style=\"color: #d42e12;\">TSK<\/span> rellenados en f\u00e1brica pueden descargarse del cami\u00f3n y desplazarse directamente, no es necesario mantener almacenados los distintos componentes ni hacer el montaje y el relleno en la obra.<\/p>\n<p>La gran variedad de opciones de llenado y paramento disponibles tambi\u00e9n le permite crear unas obras de dise\u00f1o absolutamente individualizado con el gavi\u00f3n de transporte <span style=\"color: #d42e12;\">TSK<\/span>.<\/p>\n<h4>Aplicaciones<\/h4>\n<ul>\n<li style=\"list-style-type: none;\">\n<ul>\n<li style=\"text-align: left;\"><span lang=\"ES-TRAD\">Paisajismo<\/span><\/li>\n<\/ul>\n<\/li>\n<\/ul>\n<ul>\n<li style=\"list-style-type: none;\">\n<ul>\n<li style=\"text-align: left;\">Estabilizaci\u00f3n de taludes<\/li>\n<\/ul>\n<\/li>\n<\/ul>\n<ul>\n<li style=\"list-style-type: none;\">\n<ul>\n<li style=\"text-align: left;\">Protecci\u00f3n de taludes<\/li>\n<\/ul>\n<\/li>\n<\/ul>\n<ul>\n<li style=\"list-style-type: none;\">\n<ul>\n<li style=\"text-align: left;\"><span lang=\"ES-TRAD\">Consolidaci\u00f3n de ribera<\/span><\/li>\n<\/ul>\n<\/li>\n<\/ul>\n<ul>\n<li style=\"list-style-type: none;\">\n<ul>\n<li style=\"text-align: left;\">Construcci\u00f3n de carreteras<\/li>\n<li style=\"text-align: left;\">Dise\u00f1o de jardines privados<\/li>\n<\/ul>\n<\/li>\n<\/ul>\n<h4>Informaciones generales<\/h4>\n<ul>\n<li style=\"list-style-type: none;\">\n<ul>\n<li class=\"li1\" style=\"text-align: left;\"><span lang=\"ES-TRAD\">Paneles alambre soldadas por puntos y con revestimiento zinc-aluminio (95% zinc \/ 5% aluminio)<\/span><\/li>\n<li>Resistencia a la tracci\u00f3n de 450\u00a0N\/mm\u00b2 como m\u00ednimo de todos los art\u00edculos<\/li>\n<li>Resistencia a la corrosi\u00f3n probanda en niebla salina de 3000 horas segun ensayo DIN EN ISO 9227-NSS<\/li>\n<\/ul>\n<\/li>\n<\/ul>\n<h4>Relleno de piedra<\/h4>\n<p>Las cestas de gaviones se rellenan con material de piedra resistente a la congelaci\u00f3n y a la intemperie y con una suficiente resistencia a la presi\u00f3n. A fin de evitar desprendimientos, las piedras deber\u00e1n ser mayores que la menor separaci\u00f3n entre alambres de la malla.<\/p>\n<h4><span style=\"color: #d42e12;\"><span style=\"color: #000000;\">Usted elige:<\/span><\/span><\/h4>\n<p style=\"text-align: left;\">Longitud: \u00a0 \u00a0 \u00a050 cm \/ 100 cm \/ 150 cm \/ 200 cm<\/p>\n<p style=\"text-align: left;\">Anchura: \u00a0 \u00a0 \u00a050 cm \/ 100 cm<\/p>\n<p style=\"text-align: left;\">Altura: \u00a0 \u00a0 \u00a0 50 cm \/ 100 cm<\/p>\n<p>Di\u00e1metro del alambre de rejilla 5,0 y 6,0 mm<\/p>\n<p>Luz de malla del enrejado de coronaci\u00f3n 10&#215;20 cm, luz de malla del panel de suelo, enrejado delantero y enrejado lateral 5&#215;20 cm<\/p>\n","protected":false},"excerpt":{"rendered":"<p>TSK El gavi\u00f3n de transporte El gavi\u00f3n de transporte\u00a0TSK es una cesta transportable rellenada \u00a0en f\u00e1brica. Gracias al compactado a m\u00e1quina, el gavi\u00f3n de transporte TSK<span class=\"excerpt-hellip\"> [\u2026]<\/span><\/p>\n","protected":false},"author":3,"featured_media":10203,"parent":0,"menu_order":0,"comment_status":"closed","ping_status":"closed","template":"","meta":{"footnotes":""},"class_list":["post-3789","page","type-page","status-publish","has-post-thumbnail","hentry"],"_links":{"self":[{"href":"https:\/\/www.rothfuss-bestgabion.de\/es\/wp-json\/wp\/v2\/pages\/3789","targetHints":{"allow":["GET"]}}],"collection":[{"href":"https:\/\/www.rothfuss-bestgabion.de\/es\/wp-json\/wp\/v2\/pages"}],"about":[{"href":"https:\/\/www.rothfuss-bestgabion.de\/es\/wp-json\/wp\/v2\/types\/page"}],"author":[{"embeddable":true,"href":"https:\/\/www.rothfuss-bestgabion.de\/es\/wp-json\/wp\/v2\/users\/3"}],"replies":[{"embeddable":true,"href":"https:\/\/www.rothfuss-bestgabion.de\/es\/wp-json\/wp\/v2\/comments?post=3789"}],"version-history":[{"count":7,"href":"https:\/\/www.rothfuss-bestgabion.de\/es\/wp-json\/wp\/v2\/pages\/3789\/revisions"}],"predecessor-version":[{"id":4230,"href":"https:\/\/www.rothfuss-bestgabion.de\/es\/wp-json\/wp\/v2\/pages\/3789\/revisions\/4230"}],"wp:featuredmedia":[{"embeddable":true,"href":"https:\/\/www.rothfuss-bestgabion.de\/es\/wp-json\/wp\/v2\/media\/10203"}],"wp:attachment":[{"href":"https:\/\/www.rothfuss-bestgabion.de\/es\/wp-json\/wp\/v2\/media?parent=3789"}],"curies":[{"name":"wp","href":"https:\/\/api.w.org\/{rel}","templated":true}]}}