{"id":3784,"date":"2018-11-20T07:32:57","date_gmt":"2018-11-20T06:32:57","guid":{"rendered":"https:\/\/www.rothfuss-bestgabion.de?page_id=3784"},"modified":"2019-01-24T11:54:04","modified_gmt":"2019-01-24T10:54:04","slug":"monotec-r","status":"publish","type":"page","link":"https:\/\/www.rothfuss-bestgabion.de\/es\/monotec-r","title":{"rendered":"monotec<span style=\"color: #d42e12;\"><strong>R<\/strong><\/span><sup>\u00ae<\/sup>"},"content":{"rendered":"<h4>El nuevo gavi\u00f3n de seguridad<\/h4>\n<ul>\n<li style=\"list-style-type: none;\">\n<ul>\n<li style=\"text-align: left;\">F\u00e1cil montaje<\/li>\n<\/ul>\n<\/li>\n<\/ul>\n<ul>\n<li style=\"list-style-type: none;\">\n<ul>\n<li style=\"text-align: left;\">Acabado de alta calidad<\/li>\n<\/ul>\n<\/li>\n<\/ul>\n<ul>\n<li style=\"list-style-type: none;\">\n<ul>\n<li style=\"text-align: left;\">Dimensionalmente estable<\/li>\n<li>Mayor seguridad<\/li>\n<\/ul>\n<\/li>\n<\/ul>\n<p><strong>monotec<\/strong><span style=\"color: #d42e12;\"><strong>R<\/strong><\/span><sup>\u00ae\u00ad<\/sup> es nuestro gavi\u00f3n de seguridad con riesgo de lesi\u00f3n bajo (sin saliente de alambre). Consta de mallas de alambre de acero electrosoldadas por puntos con ojal soldado y curvado hacia el interior y empalmes de cierre r\u00e1pido.<\/p>\n<h4>Campos de aplicaci\u00f3n<\/h4>\n<ul>\n<li style=\"list-style-type: none;\">\n<ul>\n<li style=\"text-align: left;\">Estabilizaci\u00f3n de taludes<\/li>\n<\/ul>\n<\/li>\n<\/ul>\n<ul>\n<li style=\"list-style-type: none;\">\n<ul>\n<li style=\"text-align: left;\">Muros de protecci\u00f3n ac\u00fastica<\/li>\n<\/ul>\n<\/li>\n<\/ul>\n<ul>\n<li style=\"list-style-type: none;\">\n<ul>\n<li style=\"text-align: left;\">Paisajismo<\/li>\n<\/ul>\n<\/li>\n<\/ul>\n<ul>\n<li style=\"list-style-type: none;\">\n<ul>\n<li style=\"text-align: left;\">Dise\u00f1o de jardines privados<\/li>\n<li>Uso en todos los lugares abiertos al p\u00fablico (guarder\u00edas, escuelas, centros para personas mayores, aparcamientos, etc.)<\/li>\n<\/ul>\n<\/li>\n<\/ul>\n<h4>Informaciones generales<\/h4>\n<ul>\n<li style=\"list-style-type: none;\">\n<ul>\n<li style=\"text-align: left;\">Rejillas de alambre con riesgo de lesi\u00f3n bajo, soldadas por puntos y con recubrimiento de zinc y aluminio (95% zinc \/ 5% aluminio)<\/li>\n<\/ul>\n<\/li>\n<\/ul>\n<ul>\n<li style=\"list-style-type: none;\">\n<ul>\n<li style=\"text-align: left;\">Di\u00e1metro del alambre est\u00e1ndar 4,5 o 5,0 mm<\/li>\n<\/ul>\n<\/li>\n<\/ul>\n<ul>\n<li style=\"list-style-type: none;\">\n<ul>\n<li style=\"text-align: left;\">Disponible con luz de malla de 5&#215;10 cm o 10&#215;10 cm a elegir<\/li>\n<\/ul>\n<\/li>\n<\/ul>\n<ul>\n<li style=\"list-style-type: none;\">\n<ul>\n<li style=\"text-align: left;\">Disponible en diferentes tama\u00f1os<\/li>\n<\/ul>\n<\/li>\n<\/ul>\n<ul>\n<li style=\"list-style-type: none;\">\n<ul>\n<li style=\"text-align: left;\">Cierre r\u00e1pido: \u00d8 de alambre 6,0 mm<\/li>\n<\/ul>\n<\/li>\n<\/ul>\n<ul>\n<li style=\"list-style-type: none;\">\n<ul>\n<li style=\"text-align: left;\">Resistencia m\u00ednima a la tracci\u00f3n de todos los art\u00edculos 450 N\/mm<sup>2<\/sup><\/li>\n<li>3000 horas de ensayo de niebla salina conforme a la norma DIN EN ISO 9227-NSS<\/li>\n<\/ul>\n<\/li>\n<\/ul>\n<h4>Relleno de piedra<\/h4>\n<p>Las cestas de gaviones se rellenan con material de piedra resistente a la congelaci\u00f3n y a la intemperie y con una suficiente resistencia a la presi\u00f3n. A fin de evitar desprendimientos, las piedras deber\u00e1n ser mayores que la menor separaci\u00f3n entre alambres de la malla.<\/p>\n<h4><strong>Lista de piezas de gaviones<\/strong> <strong>monotec<\/strong><span style=\"color: #d42e12;\"><strong>R<\/strong><\/span> <sup>\u00ae<\/sup><\/h4>\n<p>Piezas individuales para los tama\u00f1os de cesta m\u00e1s diversos:<\/p>\n","protected":false},"excerpt":{"rendered":"<p>El nuevo gavi\u00f3n de seguridad F\u00e1cil montaje Acabado de alta calidad Dimensionalmente estable Mayor seguridad monotecR\u00ae\u00ad es nuestro gavi\u00f3n de seguridad con riesgo de lesi\u00f3n bajo<span class=\"excerpt-hellip\"> [\u2026]<\/span><\/p>\n","protected":false},"author":3,"featured_media":9391,"parent":0,"menu_order":0,"comment_status":"closed","ping_status":"closed","template":"","meta":{"footnotes":""},"class_list":["post-3784","page","type-page","status-publish","has-post-thumbnail","hentry"],"_links":{"self":[{"href":"https:\/\/www.rothfuss-bestgabion.de\/es\/wp-json\/wp\/v2\/pages\/3784","targetHints":{"allow":["GET"]}}],"collection":[{"href":"https:\/\/www.rothfuss-bestgabion.de\/es\/wp-json\/wp\/v2\/pages"}],"about":[{"href":"https:\/\/www.rothfuss-bestgabion.de\/es\/wp-json\/wp\/v2\/types\/page"}],"author":[{"embeddable":true,"href":"https:\/\/www.rothfuss-bestgabion.de\/es\/wp-json\/wp\/v2\/users\/3"}],"replies":[{"embeddable":true,"href":"https:\/\/www.rothfuss-bestgabion.de\/es\/wp-json\/wp\/v2\/comments?post=3784"}],"version-history":[{"count":6,"href":"https:\/\/www.rothfuss-bestgabion.de\/es\/wp-json\/wp\/v2\/pages\/3784\/revisions"}],"predecessor-version":[{"id":4205,"href":"https:\/\/www.rothfuss-bestgabion.de\/es\/wp-json\/wp\/v2\/pages\/3784\/revisions\/4205"}],"wp:featuredmedia":[{"embeddable":true,"href":"https:\/\/www.rothfuss-bestgabion.de\/es\/wp-json\/wp\/v2\/media\/9391"}],"wp:attachment":[{"href":"https:\/\/www.rothfuss-bestgabion.de\/es\/wp-json\/wp\/v2\/media?parent=3784"}],"curies":[{"name":"wp","href":"https:\/\/api.w.org\/{rel}","templated":true}]}}