{"id":3780,"date":"2018-11-20T07:21:18","date_gmt":"2018-11-20T06:21:18","guid":{"rendered":"https:\/\/www.rothfuss-bestgabion.de?page_id=3780"},"modified":"2019-01-24T10:58:41","modified_gmt":"2019-01-24T09:58:41","slug":"gaviones-roko","status":"publish","type":"page","link":"https:\/\/www.rothfuss-bestgabion.de\/es\/gaviones-roko","title":{"rendered":"Gaviones ROKO"},"content":{"rendered":"<h4>El gavi\u00f3n espiral cl\u00e1sico<\/h4>\n<ul>\n<li>Econ\u00f3mico<\/li>\n<li>Adaptable in situ<\/li>\n<\/ul>\n<p>En el sistema <strong><span style=\"color: #d42e12;\">ROKO<\/span><\/strong>, la transmisi\u00f3n de fuerza se realiza mediante una espiral de una malla a otra.<\/p>\n<h4>Campos de aplicaci\u00f3n<\/h4>\n<ul>\n<li style=\"text-align: left;\">Paisajismo<\/li>\n<li style=\"text-align: left;\">Protecci\u00f3n de taludes baja<\/li>\n<\/ul>\n<h4>Informaciones generales<\/h4>\n<ul>\n<li style=\"text-align: left;\">Rejillas de alambre soldadas por puntos y con recubrimiento de zinc y aluminio (95% zinc \/ 5% aluminio)<\/li>\n<li style=\"list-style-type: none; text-align: left;\"><\/li>\n<li style=\"text-align: left;\">Di\u00e1metro del alambre est\u00e1ndar 4,5 o 5,0 mm<\/li>\n<li style=\"text-align: left;\">Con luz de malla de 5&#215;10 cm o 10&#215;10 cm a elegir<\/li>\n<li style=\"text-align: left;\">Espiral: \u00d8 de alambre 4,5 mm<\/li>\n<li style=\"text-align: left;\">Distanciador: \u00d8 de alambre 5,0 mm<\/li>\n<li style=\"text-align: left;\">Resistencia m\u00ednima a la tracci\u00f3n de todos los art\u00edculos 450 N\/mm<sup>2<\/sup><\/li>\n<li style=\"text-align: left;\">3000 horas de ensayo de niebla salina conforme a la norma DIN EN ISO 9227-NSS<\/li>\n<li class=\"li1\" style=\"text-align: left;\">Montaje con ahorro de materiales posible<\/li>\n<li class=\"li1\" style=\"text-align: left;\">Producci\u00f3n y almacenamiento optimizados<\/li>\n<\/ul>\n<h4>Relleno de piedra<\/h4>\n<p>Las cestas de gaviones se rellenan con material de piedra resistente a la congelaci\u00f3n y a la intemperie y con una suficiente resistencia a la presi\u00f3n. A fin de evitar desprendimientos, las piedras deber\u00e1n ser mayores que la menor separaci\u00f3n entre alambres de la malla.<\/p>\n<h4>Lista de piezas para gaviones <span style=\"color: #d42e12;\">ROKO<\/span><\/h4>\n<p>Piezas individuales para los tama\u00f1os de cesta m\u00e1s diversos:<\/p>\n","protected":false},"excerpt":{"rendered":"<p>El gavi\u00f3n espiral cl\u00e1sico Econ\u00f3mico Adaptable in situ En el sistema ROKO, la transmisi\u00f3n de fuerza se realiza mediante una espiral de una malla a otra.<span class=\"excerpt-hellip\"> [\u2026]<\/span><\/p>\n","protected":false},"author":3,"featured_media":9423,"parent":0,"menu_order":0,"comment_status":"closed","ping_status":"closed","template":"","meta":{"footnotes":""},"class_list":["post-3780","page","type-page","status-publish","has-post-thumbnail","hentry"],"_links":{"self":[{"href":"https:\/\/www.rothfuss-bestgabion.de\/es\/wp-json\/wp\/v2\/pages\/3780","targetHints":{"allow":["GET"]}}],"collection":[{"href":"https:\/\/www.rothfuss-bestgabion.de\/es\/wp-json\/wp\/v2\/pages"}],"about":[{"href":"https:\/\/www.rothfuss-bestgabion.de\/es\/wp-json\/wp\/v2\/types\/page"}],"author":[{"embeddable":true,"href":"https:\/\/www.rothfuss-bestgabion.de\/es\/wp-json\/wp\/v2\/users\/3"}],"replies":[{"embeddable":true,"href":"https:\/\/www.rothfuss-bestgabion.de\/es\/wp-json\/wp\/v2\/comments?post=3780"}],"version-history":[{"count":3,"href":"https:\/\/www.rothfuss-bestgabion.de\/es\/wp-json\/wp\/v2\/pages\/3780\/revisions"}],"predecessor-version":[{"id":3783,"href":"https:\/\/www.rothfuss-bestgabion.de\/es\/wp-json\/wp\/v2\/pages\/3780\/revisions\/3783"}],"wp:featuredmedia":[{"embeddable":true,"href":"https:\/\/www.rothfuss-bestgabion.de\/es\/wp-json\/wp\/v2\/media\/9423"}],"wp:attachment":[{"href":"https:\/\/www.rothfuss-bestgabion.de\/es\/wp-json\/wp\/v2\/media?parent=3780"}],"curies":[{"name":"wp","href":"https:\/\/api.w.org\/{rel}","templated":true}]}}