{"id":3772,"date":"2018-11-20T05:59:36","date_gmt":"2018-11-20T04:59:36","guid":{"rendered":"https:\/\/www.rothfuss-bestgabion.de?page_id=3772"},"modified":"2024-12-10T15:46:58","modified_gmt":"2024-12-10T14:46:58","slug":"acerca-de-nosotros","status":"publish","type":"page","link":"https:\/\/www.rothfuss-bestgabion.de\/es\/acerca-de-nosotros","title":{"rendered":"Acerca de nosotros"},"content":{"rendered":"<p>Como fabricante l\u00edder de enrejados de alta calidad, sabemos que los productos excepcionales son la piedra angular de los proyectos extraordinarios. Contamos con d\u00e9cadas de experiencia en la investigaci\u00f3n, el desarrollo y la producci\u00f3n de mallas de alambre. Optimizamos permanentemente nuestro surtido, a fin de poder ofrecer a nuestros clientes las soluciones m\u00e1s adecuadas para las necesidades m\u00e1s diversas.<\/p>\n<p>Como proveedor integral, somos fieles a nuestro lema empresarial <strong>\u00abTodo de un mismo proveedor\u00bb<\/strong>, y le ofrecemos un paquete completo para las soluciones m\u00e1s variadas. Fundadora del mercado de gaviones en Alemania, nuestra marca ROTHFUSS a\u00fana historia y tradici\u00f3n desde hace m\u00e1s de 30 a\u00f1os.<\/p>\n<p>Estos valores siguen estando vigentes desde que el grupo Friedhoff se hizo cargo de las actividades de la empresa. Nuestros productos son sin\u00f3nimo de m\u00e1xima calidad. Ofrecemos a nuestros clientes un proceso \u00fanico que permite una calidad m\u00e1xima demostrable durante m\u00e1s de una d\u00e9cada y, en especial, una resistencia a la corrosi\u00f3n extremadamente elevada. Nos gustar\u00eda mencionar especialmente las investigaciones sobre corrosi\u00f3n a largo plazo en las rejillas de alambre que realizamos en colaboraci\u00f3n con la estaci\u00f3n de ensayos de material (MPA) de Stuttgart en la isla Heligoland del mar del Norte. Aqu\u00ed expusimos nuestras mallas de alambre con recubrimiento de zinc y aluminio (Zn 95%, Al 5%) a cargas atmosf\u00e9ricas extremas y nuestros productos resistieron sin ning\u00fan problema. En otros procedimientos de pruebas realizados de manera continua, al cabo de 28 a\u00f1os siguen sin verse tampoco signos de deterioro en la protecci\u00f3n contra la corrosi\u00f3n.<\/p>\n<p>Nuestros empleados disponen de amplios conocimientos especializados y de a\u00f1os de experiencia. Le asesoramos en el desarrollo y la construcci\u00f3n, y acompa\u00f1amos su proyecto hasta su entrega. Por ello, nos ponemos a disposici\u00f3n de nuestros clientes como socio fiable y competente para soluciones est\u00e1ndar y personalizadas. Gracias a nuestras amplias existencias de almac\u00e9n, estamos en condiciones de suministrar a corto plazo los art\u00edculos que pida.<\/p>\n<p>Nuestras instalaciones de producci\u00f3n ultramodernas y completamente automatizadas se pueden ajustar de forma flexible a los dise\u00f1os de enrejado m\u00e1s diversos. De este modo, a trav\u00e9s de la combinaci\u00f3n del di\u00e1metro del alambre, la dimensi\u00f3n de los enrejados y la resistencia del alambre se obtiene el dimensionamiento exacto necesario para la aplicaci\u00f3n correspondiente. Fabricamos tanto n\u00fameros elevados de piezas mediante producci\u00f3n en serie como soluciones personalizadas para necesidades especiales.<\/p>\n<p>El alambre que utilizamos presenta un recubrimiento de zinc y aluminio de alta calidad (Zn 95%\/Al 5%) y una resistencia a la tracci\u00f3n m\u00edn. de 450 N\/mm\u00b2. La resistencia a la corrosi\u00f3n se comprueba en un ensayo de niebla salina realizado durante 3000 horas conforme a la norma DIN EN ISO 9227-NSS. Adem\u00e1s de rejillas de alambre soldadas por puntos para los gaviones m\u00e1s diversos, prestamos nuestro surtido con cestas de transporte rellenadas en f\u00e1brica y compactadas para los campos de aplicaci\u00f3n m\u00e1s diversos, as\u00ed como para la estabilizaci\u00f3n de taludes, la insonorizaci\u00f3n y la protecci\u00f3n de la privacidad.<\/p>\n<p>Nos distinguimos por la alta calidad de <a href=\"https:\/\/www.rothfuss-bestgabion.de\/wp-content\/uploads\/2019\/10\/Quality-Policy.pdf\">nuestros productos<\/a>, por nuestra fiabilidad y por nuestro amplio \u00absaber hacer\u00bb tanto en el \u00e1mbito de la t\u00e9cnica de construcci\u00f3n como en el de la t\u00e9cnica de producci\u00f3n y procesos. D\u00e9jese inspirar por la variedad de posibilidades de uso de nuestros productos. Somos el socio ideal cuando se trata de convertir en realidad sus requerimientos.<\/p>\n<p>Disponemos de una gesti\u00f3n de calidad certificada conforme a la norma ISO 9001:2015. Esto nos llena de orgullo. Unos procesos bien pensados contribuyen de forma decisiva a la calidad de nuestros productos y servicios. Los requerimientos y perspectivas especiales de nuestra empresa se reflejan en nuestro sistema de gesti\u00f3n de la calidad. Nos ganamos la confianza en nuestros productos, y el trabajo prestado por nuestros empleados redunda en beneficio de nuestros clientes.<\/p>\n<p><span lang=\"ES\">Adem\u00e1s, desde el 1 de abril 2019, Rothfuss Best Gabion es miembro del Instituto Alem\u00e1n de Normalizaci\u00f3n (Deutsches Institut f\u00fcr Normung e.V, DIN). Como miembro del DIN, nuestra empresa colabora con el acreditado sistema de normalizaci\u00f3n aportando tanto ideas como recursos financieros y contribuye de esta forma a que el DIN siga siendo independiente.\u00a0Las empresas que colaboran en la normalizaci\u00f3n garantizan as\u00ed la competitividad de la econom\u00eda alemana y esto les permite orientar y optimizar en este sentido sus procesos, productos y servicios desde el principio.<\/span><\/p>\n<p><span lang=\"ES\">Desde el 20 de abril de 2020, Rothfuss Best Gabion es la primera compa\u00f1\u00eda en recibir la marca de calidad GABIONEN reconocida por RAL (Instituto Alem\u00e1n de Garant\u00eda y Etiquetado de Calidad) en el \u00e1rea de metales relacionada con el producto (<a href=\"https:\/\/www.rothfuss-bestgabion.de\/wp-content\/uploads\/2023\/04\/Award-Certificate-RBG-valid-until-31.03.2024.pdf\">enlace al certificado<\/a>) para la producci\u00f3n de gaviones y estructuras de gaviones. El GfG G\u00fctegemeinschaft f\u00fcr Gabionen e.V. premia a las empresas cuyos productos y \/ o servicios corresponden a las normativas generales y particulares de calidad del gavi\u00f3n y las construcciones de gaviones RAL-GZ 612 que contribuyen al desarrollo, distribuci\u00f3n y mejora de la calidad de los gaviones y estructuras de gaviones.<\/span><\/p>\n<p><a href=\"https:\/\/www.rothfuss-bestgabion.de\/wp-content\/uploads\/2024\/12\/englisch.jpg\"><img loading=\"lazy\" decoding=\"async\" class=\"aligncenter wp-image-20672 size-full\" src=\"https:\/\/www.rothfuss-bestgabion.de\/wp-content\/uploads\/2024\/12\/englisch.jpg\" alt=\"\" width=\"1000\" height=\"463\" srcset=\"https:\/\/www.rothfuss-bestgabion.de\/wp-content\/uploads\/2024\/12\/englisch.jpg 1000w, https:\/\/www.rothfuss-bestgabion.de\/wp-content\/uploads\/2024\/12\/englisch-300x139.jpg 300w, https:\/\/www.rothfuss-bestgabion.de\/wp-content\/uploads\/2024\/12\/englisch-768x356.jpg 768w, https:\/\/www.rothfuss-bestgabion.de\/wp-content\/uploads\/2024\/12\/englisch-150x69.jpg 150w, https:\/\/www.rothfuss-bestgabion.de\/wp-content\/uploads\/2024\/12\/englisch-480x222.jpg 480w\" sizes=\"auto, (max-width:767px) 480px, (max-width:1000px) 100vw, 1000px\" \/><\/a><\/p>\n","protected":false},"excerpt":{"rendered":"<p>Como fabricante l\u00edder de enrejados de alta calidad, sabemos que los productos excepcionales son la piedra angular de los proyectos extraordinarios. Contamos con d\u00e9cadas de experiencia<span class=\"excerpt-hellip\"> [\u2026]<\/span><\/p>\n","protected":false},"author":3,"featured_media":9715,"parent":0,"menu_order":0,"comment_status":"closed","ping_status":"closed","template":"","meta":{"footnotes":""},"class_list":["post-3772","page","type-page","status-publish","has-post-thumbnail","hentry"],"_links":{"self":[{"href":"https:\/\/www.rothfuss-bestgabion.de\/es\/wp-json\/wp\/v2\/pages\/3772","targetHints":{"allow":["GET"]}}],"collection":[{"href":"https:\/\/www.rothfuss-bestgabion.de\/es\/wp-json\/wp\/v2\/pages"}],"about":[{"href":"https:\/\/www.rothfuss-bestgabion.de\/es\/wp-json\/wp\/v2\/types\/page"}],"author":[{"embeddable":true,"href":"https:\/\/www.rothfuss-bestgabion.de\/es\/wp-json\/wp\/v2\/users\/3"}],"replies":[{"embeddable":true,"href":"https:\/\/www.rothfuss-bestgabion.de\/es\/wp-json\/wp\/v2\/comments?post=3772"}],"version-history":[{"count":12,"href":"https:\/\/www.rothfuss-bestgabion.de\/es\/wp-json\/wp\/v2\/pages\/3772\/revisions"}],"predecessor-version":[{"id":20683,"href":"https:\/\/www.rothfuss-bestgabion.de\/es\/wp-json\/wp\/v2\/pages\/3772\/revisions\/20683"}],"wp:featuredmedia":[{"embeddable":true,"href":"https:\/\/www.rothfuss-bestgabion.de\/es\/wp-json\/wp\/v2\/media\/9715"}],"wp:attachment":[{"href":"https:\/\/www.rothfuss-bestgabion.de\/es\/wp-json\/wp\/v2\/media?parent=3772"}],"curies":[{"name":"wp","href":"https:\/\/api.w.org\/{rel}","templated":true}]}}