{"id":3692,"date":"2017-04-17T15:09:42","date_gmt":"2017-04-17T15:09:42","guid":{"rendered":"https:\/\/www.rothfuss-bestgabion.de\/delta-green"},"modified":"2019-01-07T00:35:36","modified_gmt":"2019-01-06T23:35:36","slug":"delta-green","status":"publish","type":"page","link":"https:\/\/www.rothfuss-bestgabion.de\/es\/delta-green","title":{"rendered":"Delta Green"},"content":{"rendered":"<h4>Paramento para taludes reforzados ajardinables Principio de \u00absuelo reforzado\u00bb<\/h4>\n<p>Con Delta Green pueden construirse taludes de hasta 70\u00b0 con una estabilidad permanente y un bajo coste econ\u00f3mico.<\/p>\n<ul>\n<li style=\"text-align: left;\">Ajardinable hasta 70\u00b0<\/li>\n<li style=\"text-align: left;\">Uso de componentes individuales de alta calidad<\/li>\n<li style=\"text-align: left;\">Pendientes escarpadas econ\u00f3micas, ajardinables en toda la superficie y siempre estables<\/li>\n<li style=\"text-align: left;\">Interesante contraste en combinaci\u00f3n con gaviones<\/li>\n<li style=\"text-align: left;\">Ajardinado de pendientes escarpadas y muros inclinados compactos<\/li>\n<li style=\"text-align: left;\">Paramentos Delta Green para su pared de <span style=\"color: #ff0000;\">KBE<\/span> (suelo reforzado con geosint\u00e9tico)<\/li>\n<\/ul>\n<h4>Campos de aplicaci\u00f3n<\/h4>\n<ul>\n<li style=\"text-align: left;\">Estabilizaci\u00f3n de pendientes escarpadas<\/li>\n<li style=\"text-align: left;\">Muros inclinados<\/li>\n<li style=\"text-align: left;\">Paisajismo<\/li>\n<\/ul>\n<h4>Informaciones generales<\/h4>\n<ul>\n<li style=\"text-align: left;\">Mallas de alambre soldadas por puntos y con recubrimiento de zinc y aluminio (95% zinc, 5% aluminio)<\/li>\n<li style=\"text-align: left;\">Longitud de elemento 300 cm<\/li>\n<li style=\"text-align: left;\">Enrejado delantero 300\u00d773 cm, di\u00e1metro del alambre 5,0 mm, luz de malla 10&#215;10 cm<\/li>\n<li style=\"text-align: left;\">Panel de suelo 300\u00d770 cm, di\u00e1metro del alambre 4,5 mm, luz de malla 10&#215;10 cm<\/li>\n<li style=\"text-align: left;\">Pasadores y distanciadores con di\u00e1metro del alambre 6,0 mm<\/li>\n<li style=\"text-align: left;\">Resistencia m\u00ednima a la tracci\u00f3n de todos los art\u00edculos de alambre 450 N\/mm<sup>2 <\/sup><\/li>\n<li style=\"text-align: left;\">3000 horas de ensayo de niebla salina conforme a la norma DIN EN ISO 9227-NSS<\/li>\n<\/ul>\n<p>La estabilidad se deber\u00e1 comprobar siempre mediante un c\u00e1lculo est\u00e1tico.<\/p>\n","protected":false},"excerpt":{"rendered":"<p>Paramento para taludes reforzados ajardinables Principio de \u00absuelo reforzado\u00bb Con Delta Green pueden construirse taludes de hasta 70\u00b0 con una estabilidad permanente y un bajo coste<span class=\"excerpt-hellip\"> [\u2026]<\/span><\/p>\n","protected":false},"author":1,"featured_media":9539,"parent":0,"menu_order":0,"comment_status":"closed","ping_status":"closed","template":"","meta":{"footnotes":""},"class_list":["post-3692","page","type-page","status-publish","has-post-thumbnail","hentry"],"_links":{"self":[{"href":"https:\/\/www.rothfuss-bestgabion.de\/es\/wp-json\/wp\/v2\/pages\/3692","targetHints":{"allow":["GET"]}}],"collection":[{"href":"https:\/\/www.rothfuss-bestgabion.de\/es\/wp-json\/wp\/v2\/pages"}],"about":[{"href":"https:\/\/www.rothfuss-bestgabion.de\/es\/wp-json\/wp\/v2\/types\/page"}],"author":[{"embeddable":true,"href":"https:\/\/www.rothfuss-bestgabion.de\/es\/wp-json\/wp\/v2\/users\/1"}],"replies":[{"embeddable":true,"href":"https:\/\/www.rothfuss-bestgabion.de\/es\/wp-json\/wp\/v2\/comments?post=3692"}],"version-history":[{"count":1,"href":"https:\/\/www.rothfuss-bestgabion.de\/es\/wp-json\/wp\/v2\/pages\/3692\/revisions"}],"predecessor-version":[{"id":3806,"href":"https:\/\/www.rothfuss-bestgabion.de\/es\/wp-json\/wp\/v2\/pages\/3692\/revisions\/3806"}],"wp:featuredmedia":[{"embeddable":true,"href":"https:\/\/www.rothfuss-bestgabion.de\/es\/wp-json\/wp\/v2\/media\/9539"}],"wp:attachment":[{"href":"https:\/\/www.rothfuss-bestgabion.de\/es\/wp-json\/wp\/v2\/media?parent=3692"}],"curies":[{"name":"wp","href":"https:\/\/api.w.org\/{rel}","templated":true}]}}