{"id":3689,"date":"2017-04-12T12:50:00","date_gmt":"2017-04-12T12:50:00","guid":{"rendered":"https:\/\/www.rothfuss-bestgabion.de\/downloads"},"modified":"2026-03-16T10:33:29","modified_gmt":"2026-03-16T09:33:29","slug":"downloads-2","status":"publish","type":"page","link":"https:\/\/www.rothfuss-bestgabion.de\/es\/downloads-2","title":{"rendered":"Downloads"},"content":{"rendered":"<p>\u00bfSab\u00eda que los <strong>monotec<span style=\"color: #d42e12;\">R<\/span><\/strong><sup>\u00ae<\/sup>, nuestros gaviones de seguridad con riesgo de lesi\u00f3n bajo, no presentan salientes de alambre, y que los cierres r\u00e1pidos encajados se fijan de forma inamovible una vez colocado el relleno de piedra? Para un montaje seguro, efectivo y profesional, hemos preparado para usted diversos manuales de montaje para su descarga.<\/p>\n<p>Adem\u00e1s, encontrar\u00e1 textos de licitaci\u00f3n sobre nuestros productos Rothfuss Best Gabion que le facilitar\u00e1n considerablemente la redacci\u00f3n o edici\u00f3n de licitaciones. Tambi\u00e9n estaremos encantados de poner a su disposici\u00f3n desde el principio del proyecto nuestra experiencia en lo que concierne a la concepci\u00f3n y la planificaci\u00f3n t\u00e9cnica que usted elija. De este modo, podremos prestarle nuestro apoyo de forma \u00f3ptima con un asesoramiento visual y personalizado.<\/p>\n<p>Para abrir los archivos PDF necesita el programa Acrobat Reader, que puede descargar aqu\u00ed de forma gratuita: <a href=\"https:\/\/get.adobe.com\/reader\/?loc=de\" target=\"_blank\" rel=\"noopener noreferrer\">Al programa Adobe Acrobat Reader<\/a><\/p>\n","protected":false},"excerpt":{"rendered":"<p>\u00bfSab\u00eda que los monotecR\u00ae, nuestros gaviones de seguridad con riesgo de lesi\u00f3n bajo, no presentan salientes de alambre, y que los cierres r\u00e1pidos encajados se fijan<span class=\"excerpt-hellip\"> [\u2026]<\/span><\/p>\n","protected":false},"author":1,"featured_media":9435,"parent":0,"menu_order":0,"comment_status":"closed","ping_status":"closed","template":"","meta":{"footnotes":""},"class_list":["post-3689","page","type-page","status-publish","has-post-thumbnail","hentry"],"_links":{"self":[{"href":"https:\/\/www.rothfuss-bestgabion.de\/es\/wp-json\/wp\/v2\/pages\/3689","targetHints":{"allow":["GET"]}}],"collection":[{"href":"https:\/\/www.rothfuss-bestgabion.de\/es\/wp-json\/wp\/v2\/pages"}],"about":[{"href":"https:\/\/www.rothfuss-bestgabion.de\/es\/wp-json\/wp\/v2\/types\/page"}],"author":[{"embeddable":true,"href":"https:\/\/www.rothfuss-bestgabion.de\/es\/wp-json\/wp\/v2\/users\/1"}],"replies":[{"embeddable":true,"href":"https:\/\/www.rothfuss-bestgabion.de\/es\/wp-json\/wp\/v2\/comments?post=3689"}],"version-history":[{"count":1,"href":"https:\/\/www.rothfuss-bestgabion.de\/es\/wp-json\/wp\/v2\/pages\/3689\/revisions"}],"predecessor-version":[{"id":3817,"href":"https:\/\/www.rothfuss-bestgabion.de\/es\/wp-json\/wp\/v2\/pages\/3689\/revisions\/3817"}],"wp:featuredmedia":[{"embeddable":true,"href":"https:\/\/www.rothfuss-bestgabion.de\/es\/wp-json\/wp\/v2\/media\/9435"}],"wp:attachment":[{"href":"https:\/\/www.rothfuss-bestgabion.de\/es\/wp-json\/wp\/v2\/media?parent=3689"}],"curies":[{"name":"wp","href":"https:\/\/api.w.org\/{rel}","templated":true}]}}